{"id":85,"date":"2025-06-05T10:19:40","date_gmt":"2025-06-05T14:19:40","guid":{"rendered":"https:\/\/humanidades.uprrp.edu\/vivelashumanidades\/?page_id=85"},"modified":"2026-04-14T12:46:30","modified_gmt":"2026-04-14T16:46:30","slug":"inicio","status":"publish","type":"page","link":"https:\/\/humanidades.uprrp.edu\/vivelashumanidades\/","title":{"rendered":""},"content":{"rendered":"\t\t<div data-elementor-type=\"wp-page\" data-elementor-id=\"85\" class=\"elementor elementor-85\">\n\t\t\t\t<div class=\"elementor-element elementor-element-eddd744 e-flex e-con-boxed e-con e-parent\" data-id=\"eddd744\" data-element_type=\"container\" data-e-type=\"container\">\n\t\t\t\t\t<div class=\"e-con-inner\">\n\t\t\t\t<div class=\"elementor-element elementor-element-946549a elementor-widget elementor-widget-heading\" data-id=\"946549a\" data-element_type=\"widget\" data-e-type=\"widget\" data-widget_type=\"heading.default\">\n\t\t\t\t<div class=\"elementor-widget-container\">\n\t\t\t\t\t<h2 class=\"elementor-heading-title elementor-size-default\">Descripci\u00f3n <\/h2>\t\t\t\t<\/div>\n\t\t\t\t<\/div>\n\t\t\t\t<div class=\"elementor-element elementor-element-fd3d3cf elementor-widget elementor-widget-text-editor\" data-id=\"fd3d3cf\" data-element_type=\"widget\" data-e-type=\"widget\" data-widget_type=\"text-editor.default\">\n\t\t\t\t<div class=\"elementor-widget-container\">\n\t\t\t\t\t\t\t\t\t<p>La Facultad de Humanidades ha recibido una subvenci\u00f3n del <strong><em>Internships Program Support<\/em><\/strong> de la Fundaci\u00f3n Mellon para desarrollar el proyecto de internados <em>Vive las Humanidades<\/em>. Este programa ofrecer\u00e1 a 15 estudiantes subgraduados por semestre pasant\u00edas remuneradas que promuevan experiencias de trabajo relacionadas con su formaci\u00f3n acad\u00e9mica y les permitir\u00e1 poner en pr\u00e1ctica sus conocimientos, ejercer liderazgo transformador y desarrollar habilidades fundamentales para su futuro profesional en \u00e1reas afines con las humanidades. <em>Vive las Humanidades<\/em> se alinea con la misi\u00f3n de la Fundaci\u00f3n Mellon y de nuestra facultad de apoyar las disciplinas human\u00edsticas y las artes, reconociendo su impacto transformador en la sociedad.<\/p><p>Si tienes dudas o preguntas,\u00a0<span style=\"font-family: Roboto, sans-serif; font-size: 15px; font-style: normal; font-variant-ligatures: normal; font-variant-caps: normal; font-weight: 400;\">escr\u00edbenos a:\u00a0<\/span><u style=\"font-family: Roboto, sans-serif; font-size: 15px; font-style: normal; font-variant-ligatures: normal; font-variant-caps: normal; font-weight: 400;\"><a href=\"mailto:vivelashumanidades.rrp@upr.edu\">vivelashumanidades.rrp@upr.edu<\/a><\/u><span style=\"font-family: Roboto, sans-serif; font-size: 15px; font-style: normal; font-variant-ligatures: normal; font-variant-caps: normal; font-weight: 400;\">\u00a0<\/span><\/p>\t\t\t\t\t\t\t\t<\/div>\n\t\t\t\t<\/div>\n\t\t\t\t<div class=\"elementor-element elementor-element-f1ec973 elementor-widget elementor-widget-heading\" data-id=\"f1ec973\" data-element_type=\"widget\" data-e-type=\"widget\" data-widget_type=\"heading.default\">\n\t\t\t\t<div class=\"elementor-widget-container\">\n\t\t\t\t\t<h2 class=\"elementor-heading-title elementor-size-default\">Requisitos<\/h2>\t\t\t\t<\/div>\n\t\t\t\t<\/div>\n\t\t\t\t<div class=\"elementor-element elementor-element-5998c8a elementor-widget elementor-widget-text-editor\" data-id=\"5998c8a\" data-element_type=\"widget\" data-e-type=\"widget\" data-widget_type=\"text-editor.default\">\n\t\t\t\t<div class=\"elementor-widget-container\">\n\t\t\t\t\t\t\t\t\t<ul><li>Ser estudiante regular en la Facultad de Humanidades.<\/li><li>Tener un promedio general m\u00ednimo de 2.5.<\/li><li>Ser candidates a graduaci\u00f3n en diciembre 2026 o mayo 2027.<\/li><li>NO estar completando ninguna otra experiencia formativa remunerada (internado) ni de trabajo (jornal, PET) en el Recinto.<\/li><\/ul>\t\t\t\t\t\t\t\t<\/div>\n\t\t\t\t<\/div>\n\t\t\t\t\t<\/div>\n\t\t\t\t<\/div>\n\t\t<div class=\"elementor-element elementor-element-e8c7cc8 e-flex e-con-boxed e-con e-parent\" data-id=\"e8c7cc8\" data-element_type=\"container\" data-e-type=\"container\">\n\t\t\t\t\t<div class=\"e-con-inner\">\n\t\t<div class=\"elementor-element elementor-element-edc0a8b e-con-full e-flex e-con e-child\" data-id=\"edc0a8b\" data-element_type=\"container\" data-e-type=\"container\">\n\t\t\t\t<div class=\"elementor-element elementor-element-a662c9c elementor-widget elementor-widget-heading\" data-id=\"a662c9c\" data-element_type=\"widget\" data-e-type=\"widget\" data-widget_type=\"heading.default\">\n\t\t\t\t<div class=\"elementor-widget-container\">\n\t\t\t\t\t<h2 class=\"elementor-heading-title elementor-size-default\">Lista de entidades participantes<\/h2>\t\t\t\t<\/div>\n\t\t\t\t<\/div>\n\t\t\t\t<div class=\"elementor-element elementor-element-65b740e elementor-widget elementor-widget-text-editor\" data-id=\"65b740e\" data-element_type=\"widget\" data-e-type=\"widget\" data-widget_type=\"text-editor.default\">\n\t\t\t\t<div class=\"elementor-widget-container\">\n\t\t\t\t\t\t\t\t\t<ul><li><a href=\"https:\/\/humanidades.uprrp.edu\/vivelashumanidades\/alliance-francaise-de-porto-rico\/\">Alianza Francesa<\/a><\/li><li><a href=\"https:\/\/humanidades.uprrp.edu\/vivelashumanidades\/cauce\/\">CAUCE\u00a0<\/a><\/li><li><a href=\"https:\/\/humanidades.uprrp.edu\/vivelashumanidades\/centro-de-bellas-artes-luis-a-ferre\/\">Centro de Bellas <\/a><a href=\"https:\/\/humanidades.uprrp.edu\/vivelashumanidades\/centro-de-bellas-artes-luis-a-ferre\/\">Artes de Puerto <\/a><a href=\"https:\/\/humanidades.uprrp.edu\/vivelashumanidades\/centro-de-bellas-artes-luis-a-ferre\/\">Rico (CBA) <\/a><\/li><li><a href=\"https:\/\/humanidades.uprrp.edu\/vivelashumanidades\/instituto-de-cultura-puertorriquena\/\">Instituto de Cultura Puertorrique\u00f1a<\/a><\/li><li><a href=\"https:\/\/humanidades.uprrp.edu\/vivelashumanidades\/museo-de-arte-de-bayamon\/\">Museo de Arte de <\/a><br \/><a href=\"https:\/\/humanidades.uprrp.edu\/vivelashumanidades\/museo-de-arte-de-bayamon\/\">Bayam\u00f3n<\/a><\/li><li><a href=\"https:\/\/humanidades.uprrp.edu\/vivelashumanidades\/museo-de-arte-contemporaneo-mac\/\">Museo de Arte <\/a><a href=\"https:\/\/humanidades.uprrp.edu\/vivelashumanidades\/museo-de-arte-contemporaneo-mac\/\">Contempor\u00e1neo (MAC)<\/a><\/li><li><a href=\"https:\/\/humanidades.uprrp.edu\/vivelashumanidades\/museo-de-las-americas\/\">Museo de las Am\u00e9ricas<\/a><\/li><li><a href=\"https:\/\/humanidades.uprrp.edu\/vivelashumanidades\/museo-de-arte-y-decoracion-de-miramar-madmi\/\">Museo de Arte y Decoraci\u00f3n de Miramar (MADMi)\u00a0<\/a><\/li><li><a href=\"https:\/\/humanidades.uprrp.edu\/vivelashumanidades\/radio-universidad-de-puerto-rico\/\">Radio Universidad<\/a><\/li><li><a href=\"https:\/\/humanidades.uprrp.edu\/vivelashumanidades\/orquesta-sinfonica-de-puerto-rico\/\">Orquesta Sinf\u00f3nica de Puerto Rico<\/a><\/li><li><a href=\"https:\/\/humanidades.uprrp.edu\/vivelashumanidades\/y-no-habia-luz\/\">Y no hab\u00eda luz<\/a><\/li><\/ul>\t\t\t\t\t\t\t\t<\/div>\n\t\t\t\t<\/div>\n\t\t\t\t<\/div>\n\t\t<div class=\"elementor-element elementor-element-456da08 e-con-full e-flex e-con e-child\" data-id=\"456da08\" data-element_type=\"container\" data-e-type=\"container\">\n\t\t\t\t<div class=\"elementor-element elementor-element-c4ebc7e elementor-widget elementor-widget-heading\" data-id=\"c4ebc7e\" data-element_type=\"widget\" data-e-type=\"widget\" data-widget_type=\"heading.default\">\n\t\t\t\t<div class=\"elementor-widget-container\">\n\t\t\t\t\t<h2 class=\"elementor-heading-title elementor-size-default\">Responsabilidades<\/h2>\t\t\t\t<\/div>\n\t\t\t\t<\/div>\n\t\t\t\t<div class=\"elementor-element elementor-element-aeb7401 elementor-widget elementor-widget-text-editor\" data-id=\"aeb7401\" data-element_type=\"widget\" data-e-type=\"widget\" data-widget_type=\"text-editor.default\">\n\t\t\t\t<div class=\"elementor-widget-container\">\n\t\t\t\t\t\t\t\t\t<p>Les estudiantes deber\u00e1n cumplir con un total de 110 horas de internado en una de las instituciones mencionadas. Adem\u00e1s, se matricular\u00e1n en el curso de internado (ESIN4395-0U1) y completar\u00e1n 10 horas de talleres o actividades acad\u00e9micas. Cada estudiante recibir\u00e1 un estipendio semestral de $2,250.<\/p><p>La convocatoria para seleccionar les candidates que completar\u00e1n la experiencia de internado durante el primer semestre de agosto a diciembre de 2026 ya est\u00e1 abierta. Les interesades deben completar todos los apartados del formulario de solicitud de esta convocatoria, adjuntar un ensayo de intenci\u00f3n y solicitar una carta de recomendaci\u00f3n a un docente de la disciplina de estudio.<\/p>\t\t\t\t\t\t\t\t<\/div>\n\t\t\t\t<\/div>\n\t\t\t\t<\/div>\n\t\t\t\t\t<\/div>\n\t\t\t\t<\/div>\n\t\t<div class=\"elementor-element elementor-element-0660268 e-flex e-con-boxed e-con e-parent\" data-id=\"0660268\" data-element_type=\"container\" data-e-type=\"container\">\n\t\t\t\t\t<div class=\"e-con-inner\">\n\t\t<div class=\"elementor-element elementor-element-853f9c9 e-con-full e-flex e-con e-child\" data-id=\"853f9c9\" data-element_type=\"container\" data-e-type=\"container\">\n\t\t\t\t<div class=\"elementor-element elementor-element-67c8c2f elementor-widget elementor-widget-text-editor\" data-id=\"67c8c2f\" data-element_type=\"widget\" data-e-type=\"widget\" data-widget_type=\"text-editor.default\">\n\t\t\t\t<div class=\"elementor-widget-container\">\n\t\t\t\t\t\t\t\t\t<h3><strong>Puedes solicitar escaneando el c\u00f3digo QR o visitando:<\/strong> <a href=\"https:\/\/nam02.safelinks.protection.outlook.com\/?url=https%3A%2F%2Fforms.cloud.microsoft%2Fr%2F29L4mcsVDz&amp;data=05%7C02%7Cmaricarmen.noble%40upr.edu%7Cd5bccd41b8a040b0a1c108de9964057a%7C0dfa5dc0036f461599e494af822f2b84%7C0%7C0%7C639116852031845437%7CUnknown%7CTWFpbGZsb3d8eyJFbXB0eU1hcGkiOnRydWUsIlYiOiIwLjAuMDAwMCIsIlAiOiJXaW4zMiIsIkFOIjoiTWFpbCIsIldUIjoyfQ%3D%3D%7C0%7C%7C%7C&amp;sdata=hcNKL8HpQsM1LRM7BlWX%2BO6RpM5Pi2cGuEYL6aevm%2Bc%3D&amp;reserved=0\">Convocatoria<\/a><\/h3>\t\t\t\t\t\t\t\t<\/div>\n\t\t\t\t<\/div>\n\t\t\t\t<\/div>\n\t\t<div class=\"elementor-element elementor-element-6ed06fd e-con-full e-flex e-con e-child\" data-id=\"6ed06fd\" data-element_type=\"container\" data-e-type=\"container\">\n\t\t\t\t<div class=\"elementor-element elementor-element-040b6f5 elementor-widget elementor-widget-image\" data-id=\"040b6f5\" data-element_type=\"widget\" data-e-type=\"widget\" data-widget_type=\"image.default\">\n\t\t\t\t<div class=\"elementor-widget-container\">\n\t\t\t\t\t\t\t\t\t\t\t\t\t\t\t<img decoding=\"async\" width=\"150\" height=\"150\" src=\"https:\/\/humanidades.uprrp.edu\/vivelashumanidades\/wp-content\/uploads\/sites\/15\/2026\/04\/qr-convocatoria-150x150.png\" class=\"attachment-thumbnail size-thumbnail wp-image-458\" alt=\"\" srcset=\"https:\/\/humanidades.uprrp.edu\/vivelashumanidades\/wp-content\/uploads\/sites\/15\/2026\/04\/qr-convocatoria-150x150.png 150w, https:\/\/humanidades.uprrp.edu\/vivelashumanidades\/wp-content\/uploads\/sites\/15\/2026\/04\/qr-convocatoria-268x268.png 268w, https:\/\/humanidades.uprrp.edu\/vivelashumanidades\/wp-content\/uploads\/sites\/15\/2026\/04\/qr-convocatoria-100x100.png 100w, https:\/\/humanidades.uprrp.edu\/vivelashumanidades\/wp-content\/uploads\/sites\/15\/2026\/04\/qr-convocatoria.png 299w\" sizes=\"(max-width: 150px) 100vw, 150px\" \/>\t\t\t\t\t\t\t\t\t\t\t\t\t\t\t<\/div>\n\t\t\t\t<\/div>\n\t\t\t\t<\/div>\n\t\t\t\t\t<\/div>\n\t\t\t\t<\/div>\n\t\t<div class=\"elementor-element elementor-element-ad96c4a e-flex e-con-boxed e-con e-parent\" data-id=\"ad96c4a\" data-element_type=\"container\" data-e-type=\"container\">\n\t\t\t\t\t<div class=\"e-con-inner\">\n\t\t\t\t<div class=\"elementor-element elementor-element-3d54e35 elementor-widget elementor-widget-image\" data-id=\"3d54e35\" data-element_type=\"widget\" data-e-type=\"widget\" data-widget_type=\"image.default\">\n\t\t\t\t<div class=\"elementor-widget-container\">\n\t\t\t\t\t\t\t\t\t\t\t\t\t\t\t<img fetchpriority=\"high\" decoding=\"async\" width=\"660\" height=\"427\" src=\"https:\/\/humanidades.uprrp.edu\/vivelashumanidades\/wp-content\/uploads\/sites\/15\/2026\/04\/convocatoria-internados-vive-las-humanidades-1-1024x663.png\" class=\"attachment-large size-large wp-image-459\" alt=\"\" srcset=\"https:\/\/humanidades.uprrp.edu\/vivelashumanidades\/wp-content\/uploads\/sites\/15\/2026\/04\/convocatoria-internados-vive-las-humanidades-1-1024x663.png 1024w, https:\/\/humanidades.uprrp.edu\/vivelashumanidades\/wp-content\/uploads\/sites\/15\/2026\/04\/convocatoria-internados-vive-las-humanidades-1-300x194.png 300w, https:\/\/humanidades.uprrp.edu\/vivelashumanidades\/wp-content\/uploads\/sites\/15\/2026\/04\/convocatoria-internados-vive-las-humanidades-1-768x497.png 768w, https:\/\/humanidades.uprrp.edu\/vivelashumanidades\/wp-content\/uploads\/sites\/15\/2026\/04\/convocatoria-internados-vive-las-humanidades-1-1536x994.png 1536w, https:\/\/humanidades.uprrp.edu\/vivelashumanidades\/wp-content\/uploads\/sites\/15\/2026\/04\/convocatoria-internados-vive-las-humanidades-1-2048x1325.png 2048w, https:\/\/humanidades.uprrp.edu\/vivelashumanidades\/wp-content\/uploads\/sites\/15\/2026\/04\/convocatoria-internados-vive-las-humanidades-1-700x453.png 700w, https:\/\/humanidades.uprrp.edu\/vivelashumanidades\/wp-content\/uploads\/sites\/15\/2026\/04\/convocatoria-internados-vive-las-humanidades-1-332x215.png 332w, https:\/\/humanidades.uprrp.edu\/vivelashumanidades\/wp-content\/uploads\/sites\/15\/2026\/04\/convocatoria-internados-vive-las-humanidades-1-600x388.png 600w\" sizes=\"(max-width: 660px) 100vw, 660px\" \/>\t\t\t\t\t\t\t\t\t\t\t\t\t\t\t<\/div>\n\t\t\t\t<\/div>\n\t\t\t\t<div class=\"elementor-element elementor-element-73bbd7a elementor-widget elementor-widget-heading\" data-id=\"73bbd7a\" data-element_type=\"widget\" data-e-type=\"widget\" data-widget_type=\"heading.default\">\n\t\t\t\t<div class=\"elementor-widget-container\">\n\t\t\t\t\t<h2 class=\"elementor-heading-title elementor-size-default\">Fecha l\u00edmite para solicitar: viernes, 8 de mayo de 2026<\/h2>\t\t\t\t<\/div>\n\t\t\t\t<\/div>\n\t\t\t\t\t<\/div>\n\t\t\t\t<\/div>\n\t\t\t\t<\/div>\n\t\t","protected":false},"excerpt":{"rendered":"<p>Descripci\u00f3n La Facultad de Humanidades ha recibido una subvenci\u00f3n del Internships Program Support de la Fundaci\u00f3n Mellon para desarrollar el proyecto de internados Vive las Humanidades. Este programa ofrecer\u00e1 a 15 estudiantes subgraduados por semestre pasant\u00edas remuneradas que promuevan experiencias de trabajo relacionadas con su formaci\u00f3n acad\u00e9mica y les permitir\u00e1 &#8230;<\/p>\n","protected":false},"author":2,"featured_media":0,"parent":0,"menu_order":0,"comment_status":"closed","ping_status":"closed","template":"","meta":{"_eb_attr":"","_monsterinsights_skip_tracking":false,"_monsterinsights_sitenote_active":false,"_monsterinsights_sitenote_note":"","_monsterinsights_sitenote_category":0,"footnotes":""},"class_list":["post-85","page","type-page","status-publish","hentry","column","twocol"],"_links":{"self":[{"href":"https:\/\/humanidades.uprrp.edu\/vivelashumanidades\/wp-json\/wp\/v2\/pages\/85","targetHints":{"allow":["GET"]}}],"collection":[{"href":"https:\/\/humanidades.uprrp.edu\/vivelashumanidades\/wp-json\/wp\/v2\/pages"}],"about":[{"href":"https:\/\/humanidades.uprrp.edu\/vivelashumanidades\/wp-json\/wp\/v2\/types\/page"}],"author":[{"embeddable":true,"href":"https:\/\/humanidades.uprrp.edu\/vivelashumanidades\/wp-json\/wp\/v2\/users\/2"}],"replies":[{"embeddable":true,"href":"https:\/\/humanidades.uprrp.edu\/vivelashumanidades\/wp-json\/wp\/v2\/comments?post=85"}],"version-history":[{"count":123,"href":"https:\/\/humanidades.uprrp.edu\/vivelashumanidades\/wp-json\/wp\/v2\/pages\/85\/revisions"}],"predecessor-version":[{"id":472,"href":"https:\/\/humanidades.uprrp.edu\/vivelashumanidades\/wp-json\/wp\/v2\/pages\/85\/revisions\/472"}],"wp:attachment":[{"href":"https:\/\/humanidades.uprrp.edu\/vivelashumanidades\/wp-json\/wp\/v2\/media?parent=85"}],"curies":[{"name":"wp","href":"https:\/\/api.w.org\/{rel}","templated":true}]}}