{"id":415,"date":"2026-04-11T17:09:27","date_gmt":"2026-04-11T21:09:27","guid":{"rendered":"https:\/\/humanidades.uprrp.edu\/vivelashumanidades\/?page_id=415"},"modified":"2026-04-11T17:09:29","modified_gmt":"2026-04-11T21:09:29","slug":"instituto-de-cultura-puertorriquena","status":"publish","type":"page","link":"https:\/\/humanidades.uprrp.edu\/vivelashumanidades\/instituto-de-cultura-puertorriquena\/","title":{"rendered":"Instituto de Cultura Puertorrique\u00f1a"},"content":{"rendered":"<div class=\"wp-block-image\">\n<figure class=\"aligncenter size-full\"><img fetchpriority=\"high\" decoding=\"async\" width=\"247\" height=\"247\" src=\"https:\/\/humanidades.uprrp.edu\/vivelashumanidades\/wp-content\/uploads\/sites\/15\/2026\/04\/download.jpeg\" alt=\"\" class=\"wp-image-416\" srcset=\"https:\/\/humanidades.uprrp.edu\/vivelashumanidades\/wp-content\/uploads\/sites\/15\/2026\/04\/download.jpeg 247w, https:\/\/humanidades.uprrp.edu\/vivelashumanidades\/wp-content\/uploads\/sites\/15\/2026\/04\/download-150x150.jpeg 150w, https:\/\/humanidades.uprrp.edu\/vivelashumanidades\/wp-content\/uploads\/sites\/15\/2026\/04\/download-100x100.jpeg 100w\" sizes=\"(max-width: 247px) 100vw, 247px\" \/><\/figure>\n<\/div>\n\n\n<p><strong><em>Administraci\u00f3n de teatros:<\/em><\/strong><\/p>\n\n\n\n<ul class=\"wp-block-list\">\n<li>Asistencia en los procesos de arrendamiento de los teatros del ICP.<\/li>\n<\/ul>\n\n\n\n<p><strong><em>Servicios t\u00e9cnicos en teatro:<\/em><\/strong><\/p>\n\n\n\n<ul class=\"wp-block-list\">\n<li>Asistencia en trabajos t\u00e9cnicos (luces, sonido, tramoya) bajo la supervisi\u00f3n del director t\u00e9cnico de los teatros del ICP.<\/li>\n<\/ul>\n\n\n\n<p><strong><em>Administraci\u00f3n program\u00e1tica de cert\u00e1menes y festivales de teatro:<\/em><\/strong><\/p>\n\n\n\n<ul class=\"wp-block-list\">\n<li>Asistencia en procesos de producci\u00f3n de las diferentes iniciativas program\u00e1ticas del Programa de Artes Esc\u00e9nicas del ICP.<\/li>\n<\/ul>\n","protected":false},"excerpt":{"rendered":"<p>Administraci\u00f3n de teatros: Servicios t\u00e9cnicos en teatro: Administraci\u00f3n program\u00e1tica de cert\u00e1menes y festivales de teatro:<\/p>\n","protected":false},"author":2,"featured_media":0,"parent":0,"menu_order":0,"comment_status":"closed","ping_status":"closed","template":"","meta":{"_eb_attr":"","_monsterinsights_skip_tracking":false,"_monsterinsights_sitenote_active":false,"_monsterinsights_sitenote_note":"","_monsterinsights_sitenote_category":0,"footnotes":""},"class_list":["post-415","page","type-page","status-publish","hentry","column","twocol"],"_links":{"self":[{"href":"https:\/\/humanidades.uprrp.edu\/vivelashumanidades\/wp-json\/wp\/v2\/pages\/415","targetHints":{"allow":["GET"]}}],"collection":[{"href":"https:\/\/humanidades.uprrp.edu\/vivelashumanidades\/wp-json\/wp\/v2\/pages"}],"about":[{"href":"https:\/\/humanidades.uprrp.edu\/vivelashumanidades\/wp-json\/wp\/v2\/types\/page"}],"author":[{"embeddable":true,"href":"https:\/\/humanidades.uprrp.edu\/vivelashumanidades\/wp-json\/wp\/v2\/users\/2"}],"replies":[{"embeddable":true,"href":"https:\/\/humanidades.uprrp.edu\/vivelashumanidades\/wp-json\/wp\/v2\/comments?post=415"}],"version-history":[{"count":1,"href":"https:\/\/humanidades.uprrp.edu\/vivelashumanidades\/wp-json\/wp\/v2\/pages\/415\/revisions"}],"predecessor-version":[{"id":417,"href":"https:\/\/humanidades.uprrp.edu\/vivelashumanidades\/wp-json\/wp\/v2\/pages\/415\/revisions\/417"}],"wp:attachment":[{"href":"https:\/\/humanidades.uprrp.edu\/vivelashumanidades\/wp-json\/wp\/v2\/media?parent=415"}],"curies":[{"name":"wp","href":"https:\/\/api.w.org\/{rel}","templated":true}]}}