{"id":405,"date":"2026-04-11T16:56:57","date_gmt":"2026-04-11T20:56:57","guid":{"rendered":"https:\/\/humanidades.uprrp.edu\/vivelashumanidades\/?page_id=405"},"modified":"2026-04-11T16:56:58","modified_gmt":"2026-04-11T20:56:58","slug":"museo-de-las-americas","status":"publish","type":"page","link":"https:\/\/humanidades.uprrp.edu\/vivelashumanidades\/museo-de-las-americas\/","title":{"rendered":"Museo de las Am\u00e9ricas"},"content":{"rendered":"<div class=\"wp-block-image\">\n<figure class=\"aligncenter size-full\"><img decoding=\"async\" width=\"480\" height=\"73\" src=\"https:\/\/humanidades.uprrp.edu\/vivelashumanidades\/wp-content\/uploads\/sites\/15\/2026\/04\/mla_logo.jpg\" alt=\"\" class=\"wp-image-406\" srcset=\"https:\/\/humanidades.uprrp.edu\/vivelashumanidades\/wp-content\/uploads\/sites\/15\/2026\/04\/mla_logo.jpg 480w, https:\/\/humanidades.uprrp.edu\/vivelashumanidades\/wp-content\/uploads\/sites\/15\/2026\/04\/mla_logo-300x46.jpg 300w, https:\/\/humanidades.uprrp.edu\/vivelashumanidades\/wp-content\/uploads\/sites\/15\/2026\/04\/mla_logo-332x50.jpg 332w\" sizes=\"(max-width: 480px) 100vw, 480px\" \/><\/figure>\n<\/div>\n\n\n<p><em><strong>Programa de exposiciones<\/strong><\/em><\/p>\n\n\n\n<ul class=\"wp-block-list\">\n<li>Cotejo y mantenimiento de objetos en Salas permanentes<\/li>\n\n\n\n<li>Participaci\u00f3n en proyectos de la temporada del programa p\u00fablico.<br>(\u00c9nfasis en log\u00edstica y preparaci\u00f3n del evento Noche de Catrinas)<\/li>\n\n\n\n<li>Participaci\u00f3n en proceso del desarrollo de exhibiciones dentro del calendario del semestre<\/li>\n<\/ul>\n\n\n\n<p><strong><em>Programa educativo<\/em><\/strong><\/p>\n\n\n\n<ul class=\"wp-block-list\">\n<li>Asistir en procesos de evaluaci\u00f3n y documentaci\u00f3n de los talleres educativos.<\/li>\n<\/ul>\n","protected":false},"excerpt":{"rendered":"<p>Programa de exposiciones Programa educativo<\/p>\n","protected":false},"author":2,"featured_media":0,"parent":0,"menu_order":0,"comment_status":"closed","ping_status":"closed","template":"","meta":{"_eb_attr":"","_monsterinsights_skip_tracking":false,"_monsterinsights_sitenote_active":false,"_monsterinsights_sitenote_note":"","_monsterinsights_sitenote_category":0,"footnotes":""},"class_list":["post-405","page","type-page","status-publish","hentry","column","twocol"],"_links":{"self":[{"href":"https:\/\/humanidades.uprrp.edu\/vivelashumanidades\/wp-json\/wp\/v2\/pages\/405","targetHints":{"allow":["GET"]}}],"collection":[{"href":"https:\/\/humanidades.uprrp.edu\/vivelashumanidades\/wp-json\/wp\/v2\/pages"}],"about":[{"href":"https:\/\/humanidades.uprrp.edu\/vivelashumanidades\/wp-json\/wp\/v2\/types\/page"}],"author":[{"embeddable":true,"href":"https:\/\/humanidades.uprrp.edu\/vivelashumanidades\/wp-json\/wp\/v2\/users\/2"}],"replies":[{"embeddable":true,"href":"https:\/\/humanidades.uprrp.edu\/vivelashumanidades\/wp-json\/wp\/v2\/comments?post=405"}],"version-history":[{"count":1,"href":"https:\/\/humanidades.uprrp.edu\/vivelashumanidades\/wp-json\/wp\/v2\/pages\/405\/revisions"}],"predecessor-version":[{"id":407,"href":"https:\/\/humanidades.uprrp.edu\/vivelashumanidades\/wp-json\/wp\/v2\/pages\/405\/revisions\/407"}],"wp:attachment":[{"href":"https:\/\/humanidades.uprrp.edu\/vivelashumanidades\/wp-json\/wp\/v2\/media?parent=405"}],"curies":[{"name":"wp","href":"https:\/\/api.w.org\/{rel}","templated":true}]}}