{"id":357,"date":"2025-12-12T10:15:21","date_gmt":"2025-12-12T14:15:21","guid":{"rendered":"https:\/\/humanidades.uprrp.edu\/vivelashumanidades\/?page_id=357"},"modified":"2026-04-11T16:35:17","modified_gmt":"2026-04-11T20:35:17","slug":"cauce","status":"publish","type":"page","link":"https:\/\/humanidades.uprrp.edu\/vivelashumanidades\/cauce\/","title":{"rendered":"CAUCE"},"content":{"rendered":"<div class=\"wp-block-image\">\n<figure class=\"aligncenter size-full\"><img decoding=\"async\" width=\"275\" height=\"119\" src=\"https:\/\/humanidades.uprrp.edu\/vivelashumanidades\/wp-content\/uploads\/sites\/15\/2026\/04\/Logo-CAUCE-Cover-Page-page-001-1-e1551733620413.jpg\" alt=\"\" class=\"wp-image-386\"\/><\/figure>\n<\/div>\n\n\n<p><strong>Descripci\u00f3n de las tareas:<\/strong><\/p>\n\n\n\n<ol class=\"wp-block-list\">\n<li>Apoyo en coordinaci\u00f3n program\u00e1tica\/ administrativa con la Casa Cultural Ruth Hern\u00e1ndez<\/li>\n\n\n\n<li>Apoyo en la coordinaci\u00f3n y log\u00edstica del S\u00e1bado del Mercado<\/li>\n\n\n\n<li>Apoyo en coordinaci\u00f3n\/ planificaci\u00f3n\/ dise\u00f1o de Actividades Comunitarias<\/li>\n\n\n\n<li>Apoyo en coordinaci\u00f3n con el Comit\u00e9 Cultural de la Junta Comunitaria del Casco Urbano de R\u00edo Piedras<\/li>\n<\/ol>\n\n\n\n<p><strong>Perfil del\/la estudiante:<\/strong><\/p>\n\n\n\n<ol class=\"wp-block-list\">\n<li>Responsable<\/li>\n\n\n\n<li>Inter\u00e9s en el bienestar comunitario<\/li>\n\n\n\n<li>Organizaci\u00f3n<\/li>\n\n\n\n<li>Capacidad para trabajar en equipo<\/li>\n\n\n\n<li>Capacidad para seguir instrucciones<\/li>\n\n\n\n<li>Empat\u00eda<\/li>\n\n\n\n<li>Proactivo<\/li>\n<\/ol>\n","protected":false},"excerpt":{"rendered":"<p>Descripci\u00f3n de las tareas: Perfil del\/la estudiante:<\/p>\n","protected":false},"author":2,"featured_media":0,"parent":0,"menu_order":0,"comment_status":"closed","ping_status":"closed","template":"","meta":{"_eb_attr":"","_monsterinsights_skip_tracking":false,"_monsterinsights_sitenote_active":false,"_monsterinsights_sitenote_note":"","_monsterinsights_sitenote_category":0,"footnotes":""},"class_list":["post-357","page","type-page","status-publish","hentry","column","twocol"],"_links":{"self":[{"href":"https:\/\/humanidades.uprrp.edu\/vivelashumanidades\/wp-json\/wp\/v2\/pages\/357","targetHints":{"allow":["GET"]}}],"collection":[{"href":"https:\/\/humanidades.uprrp.edu\/vivelashumanidades\/wp-json\/wp\/v2\/pages"}],"about":[{"href":"https:\/\/humanidades.uprrp.edu\/vivelashumanidades\/wp-json\/wp\/v2\/types\/page"}],"author":[{"embeddable":true,"href":"https:\/\/humanidades.uprrp.edu\/vivelashumanidades\/wp-json\/wp\/v2\/users\/2"}],"replies":[{"embeddable":true,"href":"https:\/\/humanidades.uprrp.edu\/vivelashumanidades\/wp-json\/wp\/v2\/comments?post=357"}],"version-history":[{"count":3,"href":"https:\/\/humanidades.uprrp.edu\/vivelashumanidades\/wp-json\/wp\/v2\/pages\/357\/revisions"}],"predecessor-version":[{"id":387,"href":"https:\/\/humanidades.uprrp.edu\/vivelashumanidades\/wp-json\/wp\/v2\/pages\/357\/revisions\/387"}],"wp:attachment":[{"href":"https:\/\/humanidades.uprrp.edu\/vivelashumanidades\/wp-json\/wp\/v2\/media?parent=357"}],"curies":[{"name":"wp","href":"https:\/\/api.w.org\/{rel}","templated":true}]}}