{"id":342,"date":"2025-06-16T08:56:05","date_gmt":"2025-06-16T12:56:05","guid":{"rendered":"https:\/\/humanidades.uprrp.edu\/vivelashumanidades\/?page_id=342"},"modified":"2025-06-16T09:03:45","modified_gmt":"2025-06-16T13:03:45","slug":"museo-de-arte-upr-mayaguez","status":"publish","type":"page","link":"https:\/\/humanidades.uprrp.edu\/vivelashumanidades\/museo-de-arte-upr-mayaguez\/","title":{"rendered":"Museo de Arte UPR Mayag\u00fcez (MUSA)"},"content":{"rendered":"<div class=\"wp-block-image\">\n<figure class=\"aligncenter size-full\"><a href=\"https:\/\/www.uprm.edu\/musa\/\"><img decoding=\"async\" width=\"290\" height=\"46\" src=\"https:\/\/humanidades.uprrp.edu\/vivelashumanidades\/wp-content\/uploads\/sites\/15\/2025\/06\/logo.png\" alt=\"\" class=\"wp-image-340\"\/><\/a><\/figure>\n<\/div>\n\n\n<p><\/p>\n\n\n\n<p>El Museo de Arte o MUSA, como le conocemos, es un museo joven con una rica e interesante colecci\u00f3n de arte. Aunque abri\u00f3 sus puertas en febrero de 2016, desde la d\u00e9cada del 1960 ya exist\u00eda un deseo de que el Recinto Universitario de Mayag\u00fcez (RUM) tuviera un museo. Desde aquel entonces en el RUM se han realizado importantes contribuciones a las artes, con iniciativas innovadoras para sus tiempos, como la invitaci\u00f3n de renombradxs artistas y la adquisici\u00f3n de obras de arte para nutrir la experiencia universitaria de lxs estudiantes en el oeste de Puerto Rico.<\/p>\n\n\n\n<p>Hoy d\u00eda el MUSA es el principal museo de toda la regi\u00f3n, y alberga una colecci\u00f3n diversa que incluye artistas locales, caribe\u00f1xs, latinoamericanxs, entre otrxs. Entre sus colecciones m\u00e1s nutridas se encuentran las del artista mayag\u00fcezano Marcos Irizarry, y el doctor y bot\u00e1nico Agust\u00edn Stahl. Es tambi\u00e9n hogar de una gran colecci\u00f3n de objetos arqueol\u00f3gicos de varias culturas ind\u00edgenas que poblaron lo que hoy es Puerto Rico. En su haber, ha contribuido a ampliar la experiencia universitaria y ofrecer un espacio ameno a las comunidades adyacentes. Adem\u00e1s, su producci\u00f3n de exhibiciones y publicaciones tambi\u00e9n ha contribuido al estudio de la obra de Irizarry y Stahl, y a la comprensi\u00f3n del desarrollo de las artes en el campus universitario en relaci\u00f3n a la historia del arte en Puerto Rico. Su programa p\u00fablico ha incluido actividades acad\u00e9micas y culturales, como conferencias, talleres y visitas a otros municipios, ampliando su impacto comunitario en toda la regi\u00f3n.<\/p>\n\n\n\n<p>En el MUSA nos encantar\u00eda recibir estudiantes con intereses en una o varias de las siguientes \u00e1reas:<\/p>\n\n\n\n<p><strong>Programa p\u00fablico y audiencias:<\/strong><\/p>\n\n\n\n<ul class=\"wp-block-list\">\n<li>Brindar asistencia en eventos especiales tales como conferencias, presentaciones de libros, charlas, conversatorios, recorridos guiados y curatoriales, entre otros.<\/li>\n\n\n\n<li>Participar en el dise\u00f1o del programa p\u00fablico del museo.<\/li>\n\n\n\n<li>Proponer ideas e iniciativas destinadas al p\u00fablico.<\/li>\n\n\n\n<li>Colaborar con el personal del museo en las labores de atenci\u00f3n al visitante.<\/li>\n\n\n\n<li>Transcribir las listas de asistencia del museo para su integraci\u00f3n en sistemas de mensajer\u00eda electr\u00f3nica masiva.<\/li>\n\n\n\n<li>Creaci\u00f3n de contenido original para redes sociales y p\u00e1gina web sobre obras de arte, exhibiciones y proyectos del museo.<\/li>\n\n\n\n<li>Ofrecer recorridos guiados a grupos diversos.<\/li>\n\n\n\n<li>Servir como custodio de sala y asistir en la experiencia del visitante.<\/li>\n<\/ul>\n\n\n\n<p><strong>Registro y manejo de colecciones:<\/strong><\/p>\n\n\n\n<ul class=\"wp-block-list\">\n<li>Asistir al Registrador de Colecciones en tareas de registro y expedientes de obras de la colecci\u00f3n permanente.<\/li>\n\n\n\n<li>Colaborar en el movimiento de obras de arte en los dep\u00f3sitos del museo.<\/li>\n\n\n\n<li>Ayudar en los procesos de inventario de colecciones.<\/li>\n\n\n\n<li>Integrarse al proyecto de la colecci\u00f3n arqueolog\u00eda para inventariar, fotografiar y relocalizar objetos.<\/li>\n\n\n\n<li>Digitalizar documentaci\u00f3n original relacionada a la colecci\u00f3n arqueol\u00f3gica del museo.<\/li>\n\n\n\n<li>Crear, compilar y desarrollar los contenidos destinados a ser publicados en la gu\u00eda educativa del museo en la aplicaci\u00f3n Bloomberg Connects.<\/li>\n<\/ul>\n\n\n\n<p><strong>Direcci\u00f3n, Curadur\u00eda y Administraci\u00f3n<\/strong><\/p>\n\n\n\n<ul class=\"wp-block-list\">\n<li>Asistir al Director del museo en tareas de planificaci\u00f3n, implementaci\u00f3n y desarrollo.<\/li>\n\n\n\n<li>Colaborar con el personal del museo en la recepci\u00f3n y orientaci\u00f3n del p\u00fablico con informaci\u00f3n de exhibiciones y eventos especiales.<\/li>\n\n\n\n<li>Participar en el desarrollo de campa\u00f1as de recaudaci\u00f3n de fondos y otros esfuerzos de auspicio y sustento para el museo.<\/li>\n\n\n\n<li>Redacci\u00f3n de perfiles \/ biograf\u00edas de artistas pertenecientes a la colecci\u00f3n permanente del museo.<\/li>\n<\/ul>\n\n\n\n<p><strong>Sala de investigaci\u00f3n de Historia del Arte:<\/strong><\/p>\n\n\n\n<ul class=\"wp-block-list\">\n<li>Inventario de recursos de informaci\u00f3n donados al museo.<\/li>\n\n\n\n<li>Organizaci\u00f3n de libros, cat\u00e1logos y expedientes de artistas.<\/li>\n<\/ul>\n","protected":false},"excerpt":{"rendered":"<p>El Museo de Arte o MUSA, como le conocemos, es un museo joven con una rica e interesante colecci\u00f3n de arte. Aunque abri\u00f3 sus puertas en febrero de 2016, desde la d\u00e9cada del 1960 ya exist\u00eda un deseo de que el Recinto Universitario de Mayag\u00fcez (RUM) tuviera un museo. Desde &#8230;<\/p>\n","protected":false},"author":2,"featured_media":0,"parent":0,"menu_order":0,"comment_status":"closed","ping_status":"closed","template":"","meta":{"_eb_attr":"","_monsterinsights_skip_tracking":false,"_monsterinsights_sitenote_active":false,"_monsterinsights_sitenote_note":"","_monsterinsights_sitenote_category":0,"footnotes":""},"class_list":["post-342","page","type-page","status-publish","hentry","column","twocol"],"_links":{"self":[{"href":"https:\/\/humanidades.uprrp.edu\/vivelashumanidades\/wp-json\/wp\/v2\/pages\/342","targetHints":{"allow":["GET"]}}],"collection":[{"href":"https:\/\/humanidades.uprrp.edu\/vivelashumanidades\/wp-json\/wp\/v2\/pages"}],"about":[{"href":"https:\/\/humanidades.uprrp.edu\/vivelashumanidades\/wp-json\/wp\/v2\/types\/page"}],"author":[{"embeddable":true,"href":"https:\/\/humanidades.uprrp.edu\/vivelashumanidades\/wp-json\/wp\/v2\/users\/2"}],"replies":[{"embeddable":true,"href":"https:\/\/humanidades.uprrp.edu\/vivelashumanidades\/wp-json\/wp\/v2\/comments?post=342"}],"version-history":[{"count":3,"href":"https:\/\/humanidades.uprrp.edu\/vivelashumanidades\/wp-json\/wp\/v2\/pages\/342\/revisions"}],"predecessor-version":[{"id":350,"href":"https:\/\/humanidades.uprrp.edu\/vivelashumanidades\/wp-json\/wp\/v2\/pages\/342\/revisions\/350"}],"wp:attachment":[{"href":"https:\/\/humanidades.uprrp.edu\/vivelashumanidades\/wp-json\/wp\/v2\/media?parent=342"}],"curies":[{"name":"wp","href":"https:\/\/api.w.org\/{rel}","templated":true}]}}