{"id":318,"date":"2025-06-06T21:19:19","date_gmt":"2025-06-07T01:19:19","guid":{"rendered":"https:\/\/humanidades.uprrp.edu\/vivelashumanidades\/?page_id=318"},"modified":"2025-06-06T21:48:57","modified_gmt":"2025-06-07T01:48:57","slug":"centro-de-bellas-artes-luis-a-ferre","status":"publish","type":"page","link":"https:\/\/humanidades.uprrp.edu\/vivelashumanidades\/centro-de-bellas-artes-luis-a-ferre\/","title":{"rendered":"Centro de Bellas Artes Luis A. Ferr\u00e9"},"content":{"rendered":"<div class=\"wp-block-image\">\n<figure class=\"aligncenter size-medium\"><a href=\"https:\/\/www.cba.pr.gov\/\"><img fetchpriority=\"high\" decoding=\"async\" width=\"300\" height=\"231\" src=\"https:\/\/humanidades.uprrp.edu\/vivelashumanidades\/wp-content\/uploads\/sites\/15\/2025\/06\/HKYRDDOTTRDI7E25FTGKBCMENM-300x231.png\" alt=\"\" class=\"wp-image-319\" srcset=\"https:\/\/humanidades.uprrp.edu\/vivelashumanidades\/wp-content\/uploads\/sites\/15\/2025\/06\/HKYRDDOTTRDI7E25FTGKBCMENM-300x231.png 300w, https:\/\/humanidades.uprrp.edu\/vivelashumanidades\/wp-content\/uploads\/sites\/15\/2025\/06\/HKYRDDOTTRDI7E25FTGKBCMENM-1024x789.png 1024w, https:\/\/humanidades.uprrp.edu\/vivelashumanidades\/wp-content\/uploads\/sites\/15\/2025\/06\/HKYRDDOTTRDI7E25FTGKBCMENM-768x591.png 768w, https:\/\/humanidades.uprrp.edu\/vivelashumanidades\/wp-content\/uploads\/sites\/15\/2025\/06\/HKYRDDOTTRDI7E25FTGKBCMENM-1536x1183.png 1536w, https:\/\/humanidades.uprrp.edu\/vivelashumanidades\/wp-content\/uploads\/sites\/15\/2025\/06\/HKYRDDOTTRDI7E25FTGKBCMENM-2048x1577.png 2048w, https:\/\/humanidades.uprrp.edu\/vivelashumanidades\/wp-content\/uploads\/sites\/15\/2025\/06\/HKYRDDOTTRDI7E25FTGKBCMENM-700x539.png 700w, https:\/\/humanidades.uprrp.edu\/vivelashumanidades\/wp-content\/uploads\/sites\/15\/2025\/06\/HKYRDDOTTRDI7E25FTGKBCMENM-332x256.png 332w, https:\/\/humanidades.uprrp.edu\/vivelashumanidades\/wp-content\/uploads\/sites\/15\/2025\/06\/HKYRDDOTTRDI7E25FTGKBCMENM-600x462.png 600w\" sizes=\"(max-width: 300px) 100vw, 300px\" \/><\/a><\/figure>\n<\/div>\n\n\n<p>El Centro de Bellas Artes Luis A. Ferr\u00e9 abri\u00f3 sus puertas al p\u00fablico el 9 de abril de 1981 y en poco tiempo se convirti\u00f3 en uno de los recursos m\u00e1s importantes con que cuenta Puerto Rico para desarrollar su vida cultural. Escenario para una extensa gama de manifestaciones del arte, el Centro de Bellas Artes Luis A. Ferr\u00e9 ofrece un taller de trabajo constante para los artistas locales a la vez que fomenta el intercambio con los dem\u00e1s pa\u00edses mediante la presentaci\u00f3n continua de figuras de renombre internacional.<\/p>\n\n\n\n<p>El CBA propone varias experiencias:<\/p>\n\n\n\n<figure class=\"wp-block-table\"><table class=\"has-fixed-layout\"><tbody><tr><td><strong>\u00c1rea\u00a0<\/strong><\/td><td><strong>Descripci\u00f3n y Tareas\u00a0\u00a0<\/strong><\/td><td><strong>Perfil\u00a0<\/strong><\/td><\/tr><tr><td>Oficina&nbsp;&nbsp;Gerente General&nbsp;<\/td><td><strong>Digitalizaci\u00f3n de revistas<\/strong> del CBA para la preservaci\u00f3n del patrimonio cultural&nbsp;Planificar y ejecutar el proceso de digitalizaci\u00f3n de revistas.&nbsp;&nbsp;Utilizar equipo especializado para escanear.&nbsp;&nbsp;Desarrollar y mantener base de datos de los archivos digitalizados.&nbsp;Cualquier otra tarea relacionada requerida por el supervisor.&nbsp;<\/td><td>Conocimiento en t\u00e9cnicas de digitalizaci\u00f3n y uso de herramientas digitales.&nbsp;Conocimiento en creaci\u00f3n de base de datos.&nbsp;Organizado.&nbsp;<\/td><\/tr><tr><td>Oficina&nbsp;&nbsp;Gerente General&nbsp;<\/td><td><strong>Creador de inventario y archivo digital de obras de arte<\/strong> custodiadas por el CBA para contribuir a la preservaci\u00f3n y difusi\u00f3n del patrimonio art\u00edstico:&nbsp;Crear archivo digital que facilite el acceso y consulta de las obras.&nbsp;Desarrollar y mantener base de datos de las obras de arte.&nbsp;Colaborar con otros profesionales para asegurar que la informaci\u00f3n sea precisa.&nbsp;Cualquier otra tarea relacionada requerida por el supervisor.&nbsp;&nbsp;<\/td><td>Conocimiento en Historia del Arte.&nbsp;Conocimiento en t\u00e9cnicas de digitalizaci\u00f3n y uso de herramientas digitales.&nbsp;Conocimiento en creaci\u00f3n de base de datos.&nbsp;Organizado.&nbsp;Capacidad para trabajar en equipo.&nbsp;Habilidad en comunicaci\u00f3n.&nbsp;&nbsp;<\/td><\/tr><tr><td>Servicios t\u00e9cnicos&nbsp;<\/td><td><strong>Recorridos tur\u00edsticos <\/strong>para contribuir a la promoci\u00f3n y difusi\u00f3n del patrimonio cultural del CBA:&nbsp;Crear un folleto informativo para ofrecer recorridos por CBA&nbsp;Cualquier otra tarea relacionada requerida por el supervisor.&nbsp;&nbsp;&nbsp;<\/td><td>Excelentes habilidades de comunicaci\u00f3n en espa\u00f1ol, ingl\u00e9s y lenguas extranjeras.&nbsp;Habilidad para interactuar con personas de diversas edades y culturas.&nbsp;Disponibilidad de horario nocturno y de fin de semana.&nbsp;<\/td><\/tr><tr><td>Oficina&nbsp;Gerente General&nbsp;<\/td><td><strong>Traducci\u00f3n de documentos<\/strong>&#8211; espa\u00f1ol a ingl\u00e9s.&nbsp;Traducir documentos de diversos tipos como reglamentos internos.&nbsp;Familiarizarse con el contexto y el contenido de los documentos a traducir para asegurar una traducci\u00f3n adecuada.&nbsp;Cumplir con los plazos establecidos&nbsp;Cualquier otra tarea relacionada requerida por el supervisor.&nbsp;&nbsp;<\/td><td>Destrezas de trabajo en equipo.&nbsp;Dominio avanzado del espa\u00f1ol y el ingl\u00e9s, tanto escrito como hablado.&nbsp;Conocimiento de herramientas de traducci\u00f3n asistida por computadora.&nbsp;<\/td><\/tr><tr><td>Redes Sociales&nbsp;<\/td><td><strong>Redes sociales<\/strong>, documentar eventos y ensayos a trav\u00e9s de fotograf\u00edas.&nbsp;Asistir a eventos para capturas fotogr\u00e1ficas de los momentos m\u00e1s destacados.&nbsp;Editar las im\u00e1genes para redes sociales.&nbsp;Crear archivo digital de fotograf\u00edas.&nbsp;Cualquier otra tarea relacionada requerida por el supervisor.&nbsp;<strong><\/strong>&nbsp;<\/td><td>Conocimiento en fotograf\u00eda.&nbsp;Habilidades en comunicaci\u00f3n y trabajo en equipo.&nbsp;Conocimiento en uso de herramientas digitales.&nbsp;Disponibilidad de horario nocturno y de fin de semana.&nbsp;&nbsp;<\/td><\/tr><tr><td>Servicios t\u00e9cnicos&nbsp;<\/td><td><strong>Cubrir las necesidades t\u00e9cnicas<\/strong> para los montajes de ensayos y funciones:&nbsp;Procedimiento de Montajes de funciones:&nbsp;Preparaci\u00f3n del equipo solicitado por las producciones.&nbsp;Documentar inventario del equipo que est\u00e1 siendo utilizado.&nbsp;Traslado de equipo (sonido\/luces) de almac\u00e9n a las salas.&nbsp;Ubicar sillas del foso.&nbsp;&nbsp;Procedimiento de desmontajes de funciones:&nbsp;Recoger, verificar y hacer conteo de equipo de iluminaci\u00f3n.&nbsp;Recoger, verificar y hacer conteo de equipo de sonido.&nbsp;Verificar y guardar piano.&nbsp;Verificar outlets y conectores del escenario y laterales.&nbsp;Apagar luces de salas.&nbsp;Verificar \u00e1reas del escenario y de tramoya.&nbsp;Recoger sillas del foso.&nbsp;Asistir necesidades de salones de ensayos:&nbsp;Manejo y supervisi\u00f3n de salones de ensayo:&nbsp;Identificaci\u00f3n de necesidades de cada producci\u00f3n ya sea cantidad de sillas, atriles, mesas, piano.&nbsp;Verificar y guardar piano.&nbsp;Revisi\u00f3n de cumplimiento de las normas de sal\u00f3n de ensayo.&nbsp;Cualquier otra tarea relacionada requerida por el supervisor.&nbsp;&nbsp;&nbsp;<\/td><td>Experiencia en \u00e1mbito teatral.&nbsp;Conocimiento en montaje esc\u00e9nico.&nbsp;Capacidad para trabajar en equipo y buena comunicaci\u00f3n.&nbsp;Organizado.&nbsp;Disponibilidad de horario nocturno y de fin de semana.&nbsp;<\/td><\/tr><\/tbody><\/table><\/figure>\n","protected":false},"excerpt":{"rendered":"<p>El Centro de Bellas Artes Luis A. Ferr\u00e9 abri\u00f3 sus puertas al p\u00fablico el 9 de abril de 1981 y en poco tiempo se convirti\u00f3 en uno de los recursos m\u00e1s importantes con que cuenta Puerto Rico para desarrollar su vida cultural. Escenario para una extensa gama de manifestaciones del &#8230;<\/p>\n","protected":false},"author":2,"featured_media":0,"parent":0,"menu_order":0,"comment_status":"closed","ping_status":"closed","template":"","meta":{"_eb_attr":"","_monsterinsights_skip_tracking":false,"_monsterinsights_sitenote_active":false,"_monsterinsights_sitenote_note":"","_monsterinsights_sitenote_category":0,"footnotes":""},"class_list":["post-318","page","type-page","status-publish","hentry","column","twocol"],"_links":{"self":[{"href":"https:\/\/humanidades.uprrp.edu\/vivelashumanidades\/wp-json\/wp\/v2\/pages\/318","targetHints":{"allow":["GET"]}}],"collection":[{"href":"https:\/\/humanidades.uprrp.edu\/vivelashumanidades\/wp-json\/wp\/v2\/pages"}],"about":[{"href":"https:\/\/humanidades.uprrp.edu\/vivelashumanidades\/wp-json\/wp\/v2\/types\/page"}],"author":[{"embeddable":true,"href":"https:\/\/humanidades.uprrp.edu\/vivelashumanidades\/wp-json\/wp\/v2\/users\/2"}],"replies":[{"embeddable":true,"href":"https:\/\/humanidades.uprrp.edu\/vivelashumanidades\/wp-json\/wp\/v2\/comments?post=318"}],"version-history":[{"count":5,"href":"https:\/\/humanidades.uprrp.edu\/vivelashumanidades\/wp-json\/wp\/v2\/pages\/318\/revisions"}],"predecessor-version":[{"id":336,"href":"https:\/\/humanidades.uprrp.edu\/vivelashumanidades\/wp-json\/wp\/v2\/pages\/318\/revisions\/336"}],"wp:attachment":[{"href":"https:\/\/humanidades.uprrp.edu\/vivelashumanidades\/wp-json\/wp\/v2\/media?parent=318"}],"curies":[{"name":"wp","href":"https:\/\/api.w.org\/{rel}","templated":true}]}}