{"id":290,"date":"2025-06-06T16:05:25","date_gmt":"2025-06-06T20:05:25","guid":{"rendered":"https:\/\/humanidades.uprrp.edu\/vivelashumanidades\/?page_id=290"},"modified":"2025-06-06T21:02:57","modified_gmt":"2025-06-07T01:02:57","slug":"fundacion-flamboyan","status":"publish","type":"page","link":"https:\/\/humanidades.uprrp.edu\/vivelashumanidades\/fundacion-flamboyan\/","title":{"rendered":"Fundaci\u00f3n Flamboy\u00e1n"},"content":{"rendered":"<div class=\"wp-block-image\">\n<figure class=\"aligncenter size-medium\"><a href=\"https:\/\/flamboyanfoundation.org\/es\/\"><img decoding=\"async\" width=\"300\" height=\"124\" src=\"https:\/\/humanidades.uprrp.edu\/vivelashumanidades\/wp-content\/uploads\/sites\/15\/2025\/06\/fundacion-flamboyan-300x124.png\" alt=\"\" class=\"wp-image-277\" srcset=\"https:\/\/humanidades.uprrp.edu\/vivelashumanidades\/wp-content\/uploads\/sites\/15\/2025\/06\/fundacion-flamboyan-300x124.png 300w, https:\/\/humanidades.uprrp.edu\/vivelashumanidades\/wp-content\/uploads\/sites\/15\/2025\/06\/fundacion-flamboyan-700x290.png 700w, https:\/\/humanidades.uprrp.edu\/vivelashumanidades\/wp-content\/uploads\/sites\/15\/2025\/06\/fundacion-flamboyan-332x137.png 332w, https:\/\/humanidades.uprrp.edu\/vivelashumanidades\/wp-content\/uploads\/sites\/15\/2025\/06\/fundacion-flamboyan-600x248.png 600w, https:\/\/humanidades.uprrp.edu\/vivelashumanidades\/wp-content\/uploads\/sites\/15\/2025\/06\/fundacion-flamboyan.png 720w\" sizes=\"(max-width: 300px) 100vw, 300px\" \/><\/a><\/figure>\n<\/div>\n\n\n<p>La Fundaci\u00f3n Flamboy\u00e1n es una organizaci\u00f3n sin fines de lucro que trabaja para mejorar la educaci\u00f3n y promover la justicia educativa en Puerto Rico y en Washington, D.C. En Puerto Rico, su labor se enfoca en fortalecer la ense\u00f1anza de la lectura en los primeros grados, apoyar a l\u00edderes escolares y elevar el rol de las artes y la cultura en la educaci\u00f3n. Tambi\u00e9n impulsa iniciativas filantr\u00f3picas para apoyar a artistas, organizaciones culturales y proyectos educativos que fomenten el desarrollo integral de las comunidades.<\/p>\n\n\n\n<p>La Fundaci\u00f3n Flamboy\u00e1n interesa reclutar candidates que colaboren con:<\/p>\n\n\n\n<ul class=\"wp-block-list\">\n<li>Coordinaci\u00f3n de eventos\n<ul class=\"wp-block-list\">\n<li>Excelentes destrezas de redacci\u00f3n (dominio proficiente en ingl\u00e9s y espa\u00f1ol)<\/li>\n\n\n\n<li>Asistencia a artistas durante eventos<\/li>\n\n\n\n<li>Preparaci\u00f3n de run-downs<\/li>\n\n\n\n<li>Apoyo en el manejo de presupuestos<\/li>\n\n\n\n<li>Apoyo en elaboraci\u00f3n de agendas detalladas&nbsp;<\/li>\n<\/ul>\n<\/li>\n\n\n\n<li>Apoyo coordinaci\u00f3n iniciativas program\u00e1ticas\n<ul class=\"wp-block-list\">\n<li>Desarrollo de l\u00edneas de tiempo<\/li>\n\n\n\n<li>Desarrollo de bit\u00e1coras y directorios<\/li>\n\n\n\n<li>Coordinaci\u00f3n de reuniones<\/li>\n\n\n\n<li>Manejo de agendas&nbsp;<\/li>\n<\/ul>\n<\/li>\n\n\n\n<li>Desarrollo de contenido:\n<ul class=\"wp-block-list\">\n<li>Apoyo en la creaci\u00f3n de contenido creativo y estrat\u00e9gico para redes sociales<\/li>\n\n\n\n<li>Desarrollo de estrategias a corto y mediano plazo<\/li>\n\n\n\n<li>Coordinaci\u00f3n de redes y planificaci\u00f3n de preguntas frecuentes<\/li>\n\n\n\n<li>Asistencia al manejo de proyecto<\/li>\n<\/ul>\n<\/li>\n<\/ul>\n","protected":false},"excerpt":{"rendered":"<p>La Fundaci\u00f3n Flamboy\u00e1n es una organizaci\u00f3n sin fines de lucro que trabaja para mejorar la educaci\u00f3n y promover la justicia educativa en Puerto Rico y en Washington, D.C. En Puerto Rico, su labor se enfoca en fortalecer la ense\u00f1anza de la lectura en los primeros grados, apoyar a l\u00edderes escolares &#8230;<\/p>\n","protected":false},"author":2,"featured_media":0,"parent":0,"menu_order":0,"comment_status":"closed","ping_status":"closed","template":"","meta":{"_eb_attr":"","_monsterinsights_skip_tracking":false,"_monsterinsights_sitenote_active":false,"_monsterinsights_sitenote_note":"","_monsterinsights_sitenote_category":0,"footnotes":""},"class_list":["post-290","page","type-page","status-publish","hentry","column","twocol"],"_links":{"self":[{"href":"https:\/\/humanidades.uprrp.edu\/vivelashumanidades\/wp-json\/wp\/v2\/pages\/290","targetHints":{"allow":["GET"]}}],"collection":[{"href":"https:\/\/humanidades.uprrp.edu\/vivelashumanidades\/wp-json\/wp\/v2\/pages"}],"about":[{"href":"https:\/\/humanidades.uprrp.edu\/vivelashumanidades\/wp-json\/wp\/v2\/types\/page"}],"author":[{"embeddable":true,"href":"https:\/\/humanidades.uprrp.edu\/vivelashumanidades\/wp-json\/wp\/v2\/users\/2"}],"replies":[{"embeddable":true,"href":"https:\/\/humanidades.uprrp.edu\/vivelashumanidades\/wp-json\/wp\/v2\/comments?post=290"}],"version-history":[{"count":2,"href":"https:\/\/humanidades.uprrp.edu\/vivelashumanidades\/wp-json\/wp\/v2\/pages\/290\/revisions"}],"predecessor-version":[{"id":309,"href":"https:\/\/humanidades.uprrp.edu\/vivelashumanidades\/wp-json\/wp\/v2\/pages\/290\/revisions\/309"}],"wp:attachment":[{"href":"https:\/\/humanidades.uprrp.edu\/vivelashumanidades\/wp-json\/wp\/v2\/media?parent=290"}],"curies":[{"name":"wp","href":"https:\/\/api.w.org\/{rel}","templated":true}]}}