{"id":150,"date":"2025-06-05T13:44:02","date_gmt":"2025-06-05T17:44:02","guid":{"rendered":"https:\/\/humanidades.uprrp.edu\/vivelashumanidades\/?page_id=150"},"modified":"2025-06-06T21:12:56","modified_gmt":"2025-06-07T01:12:56","slug":"teatro-upr","status":"publish","type":"page","link":"https:\/\/humanidades.uprrp.edu\/vivelashumanidades\/teatro-upr\/","title":{"rendered":"Teatro UPR"},"content":{"rendered":"<div class=\"wp-block-image\">\n<figure class=\"aligncenter size-full\"><a href=\"https:\/\/teatro.uprrp.edu\/\"><img fetchpriority=\"high\" decoding=\"async\" width=\"377\" height=\"133\" src=\"https:\/\/humanidades.uprrp.edu\/vivelashumanidades\/wp-content\/uploads\/sites\/15\/2025\/06\/teatro.png\" alt=\"\" class=\"wp-image-187\" srcset=\"https:\/\/humanidades.uprrp.edu\/vivelashumanidades\/wp-content\/uploads\/sites\/15\/2025\/06\/teatro.png 377w, https:\/\/humanidades.uprrp.edu\/vivelashumanidades\/wp-content\/uploads\/sites\/15\/2025\/06\/teatro-300x106.png 300w, https:\/\/humanidades.uprrp.edu\/vivelashumanidades\/wp-content\/uploads\/sites\/15\/2025\/06\/teatro-332x117.png 332w\" sizes=\"(max-width: 377px) 100vw, 377px\" \/><\/a><\/figure>\n<\/div>\n\n\n<p>Desde su construcci\u00f3n, el Teatro de la Universidad ha sido el centro cultural m\u00e1s importante del pa\u00eds; escenario de una gama de producciones del m\u00e1s diverso perfil, plaza para principales compa\u00f1\u00edas de teatro y baile, orquestas sinf\u00f3nicas, \u00f3peras y artistas populares. El Teatro es tambi\u00e9n el aula magna de la Universidad y, como tal, sede de solemnidades acad\u00e9micas, conferencias y foros.<\/p>\n\n\n\n<p>El Teatro UPR est\u00e1 buscando a une asistente de fotograf\u00eda y dise\u00f1o que colabore con:<\/p>\n\n\n\n<ul class=\"wp-block-list\">\n<li>El control y manejo de equipo fotogr\u00e1fico: debe conocer y saber usar los tipos de lente y filtros, as\u00ed como saber cu\u00e1les son los m\u00e1s adecuados para cada fotograf\u00eda.<\/li>\n\n\n\n<li>Coordinar necesidades t\u00e9cnicas y llevar una correcta organizaci\u00f3n para utilizar la c\u00e1mara, las localizaciones a fotografiar, el tipo de luz, entre otros.<\/li>\n\n\n\n<li>Organizaci\u00f3n y clasificaci\u00f3n de archivos fotogr\u00e1ficos despu\u00e9s de una sesi\u00f3n fotogr\u00e1fica.<\/li>\n\n\n\n<li>Tareas de edici\u00f3n y producci\u00f3n posteriores a una sesi\u00f3n fotogr\u00e1fica tales como exposici\u00f3n, tratamiento o mantenimiento de las fotograf\u00edas.<\/li>\n\n\n\n<li>Realizar dise\u00f1os gr\u00e1ficos a petici\u00f3n de la administraci\u00f3n del Teatro y dominar el uso de programas como en Canva y Photoshop.<\/li>\n\n\n\n<li>Responder a plazos de entrega del material fotogr\u00e1fico y gr\u00e1fico a petici\u00f3n de la administraci\u00f3n del Teatro.<\/li>\n\n\n\n<li>Proveer copia digital de todos los archivos fotogr\u00e1ficos a la administraci\u00f3n del Teatro.<\/li>\n\n\n\n<li>Editar fotograf\u00edas y dise\u00f1os gr\u00e1ficos a necesidad de la administraci\u00f3n del Teatro.<\/li>\n\n\n\n<li>Asistir en tareas clericales de oficina y de servicio al cliente.<\/li>\n<\/ul>\n","protected":false},"excerpt":{"rendered":"<p>Desde su construcci\u00f3n, el Teatro de la Universidad ha sido el centro cultural m\u00e1s importante del pa\u00eds; escenario de una gama de producciones del m\u00e1s diverso perfil, plaza para principales compa\u00f1\u00edas de teatro y baile, orquestas sinf\u00f3nicas, \u00f3peras y artistas populares. El Teatro es tambi\u00e9n el aula magna de la &#8230;<\/p>\n","protected":false},"author":2,"featured_media":0,"parent":0,"menu_order":0,"comment_status":"closed","ping_status":"closed","template":"","meta":{"_eb_attr":"","_monsterinsights_skip_tracking":false,"_monsterinsights_sitenote_active":false,"_monsterinsights_sitenote_note":"","_monsterinsights_sitenote_category":0,"footnotes":""},"class_list":["post-150","page","type-page","status-publish","hentry","column","twocol"],"_links":{"self":[{"href":"https:\/\/humanidades.uprrp.edu\/vivelashumanidades\/wp-json\/wp\/v2\/pages\/150","targetHints":{"allow":["GET"]}}],"collection":[{"href":"https:\/\/humanidades.uprrp.edu\/vivelashumanidades\/wp-json\/wp\/v2\/pages"}],"about":[{"href":"https:\/\/humanidades.uprrp.edu\/vivelashumanidades\/wp-json\/wp\/v2\/types\/page"}],"author":[{"embeddable":true,"href":"https:\/\/humanidades.uprrp.edu\/vivelashumanidades\/wp-json\/wp\/v2\/users\/2"}],"replies":[{"embeddable":true,"href":"https:\/\/humanidades.uprrp.edu\/vivelashumanidades\/wp-json\/wp\/v2\/comments?post=150"}],"version-history":[{"count":5,"href":"https:\/\/humanidades.uprrp.edu\/vivelashumanidades\/wp-json\/wp\/v2\/pages\/150\/revisions"}],"predecessor-version":[{"id":413,"href":"https:\/\/humanidades.uprrp.edu\/vivelashumanidades\/wp-json\/wp\/v2\/pages\/150\/revisions\/413"}],"wp:attachment":[{"href":"https:\/\/humanidades.uprrp.edu\/vivelashumanidades\/wp-json\/wp\/v2\/media?parent=150"}],"curies":[{"name":"wp","href":"https:\/\/api.w.org\/{rel}","templated":true}]}}