{"id":126,"date":"2025-06-05T13:42:54","date_gmt":"2025-06-05T17:42:54","guid":{"rendered":"https:\/\/humanidades.uprrp.edu\/vivelashumanidades\/?page_id=126"},"modified":"2026-04-13T09:58:14","modified_gmt":"2026-04-13T13:58:14","slug":"radio-universidad-de-puerto-rico","status":"publish","type":"page","link":"https:\/\/humanidades.uprrp.edu\/vivelashumanidades\/radio-universidad-de-puerto-rico\/","title":{"rendered":"Radio Universidad de Puerto Rico"},"content":{"rendered":"<div class=\"wp-block-image\">\n<figure class=\"aligncenter size-full\"><a href=\"https:\/\/wrtu.uprrp.edu\/\"><img decoding=\"async\" width=\"350\" height=\"90\" src=\"https:\/\/humanidades.uprrp.edu\/vivelashumanidades\/wp-content\/uploads\/sites\/15\/2025\/06\/radiouniversidad.png\" alt=\"\" class=\"wp-image-183\" srcset=\"https:\/\/humanidades.uprrp.edu\/vivelashumanidades\/wp-content\/uploads\/sites\/15\/2025\/06\/radiouniversidad.png 350w, https:\/\/humanidades.uprrp.edu\/vivelashumanidades\/wp-content\/uploads\/sites\/15\/2025\/06\/radiouniversidad-300x77.png 300w, https:\/\/humanidades.uprrp.edu\/vivelashumanidades\/wp-content\/uploads\/sites\/15\/2025\/06\/radiouniversidad-332x85.png 332w\" sizes=\"(max-width: 350px) 100vw, 350px\" \/><\/a><\/figure>\n<\/div>\n\n\n<p>La misi\u00f3n de Radio Universidad de Puerto Rico es servir a la comunidad mediante una programaci\u00f3n que eduque, informe y entretenga. Comprometida con ofrecer contenido de alto valor cultural y educativo, la emisora se aleja del enfoque comercial tradicional para abrazar la diversidad y fomentar el pensamiento cr\u00edtico. Desde su fundaci\u00f3n en 1980, ha sido un espacio vital para la difusi\u00f3n del arte, la m\u00fasica y el debate intelectual, contribuyendo significativamente a la identidad cultural del pa\u00eds. Adscrita a la Facultad de Comunicaci\u00f3n e Informaci\u00f3n de la UPRRP, funciona como centro de pr\u00e1ctica para estudiantes de comunicaci\u00f3n, fortaleciendo as\u00ed su rol educativo y de servicio p\u00fablico.<\/p>\n\n\n\n<p>Radio Universidad interesa acoger a une estudiante con habilidad para transmitir informaci\u00f3n en forma clara y precisa oralmente, para:<\/p>\n\n\n\n<ul class=\"wp-block-list\">\n<li>Redactar noticias para radio sobre actividades acad\u00e9micas, administrativas, socioculturales y deportivas celebradas en y fuera del recinto.<\/li>\n\n\n\n<li>Escribir art\u00edculos, comunicados de prensa, partes informativos.<\/li>\n\n\n\n<li>Realizar entrevistas e investigaciones sobre una variedad de temas.<\/li>\n<\/ul>\n","protected":false},"excerpt":{"rendered":"<p>La misi\u00f3n de Radio Universidad de Puerto Rico es servir a la comunidad mediante una programaci\u00f3n que eduque, informe y entretenga. Comprometida con ofrecer contenido de alto valor cultural y educativo, la emisora se aleja del enfoque comercial tradicional para abrazar la diversidad y fomentar el pensamiento cr\u00edtico. Desde su &#8230;<\/p>\n","protected":false},"author":2,"featured_media":0,"parent":0,"menu_order":0,"comment_status":"closed","ping_status":"closed","template":"","meta":{"_eb_attr":"","_monsterinsights_skip_tracking":false,"_monsterinsights_sitenote_active":false,"_monsterinsights_sitenote_note":"","_monsterinsights_sitenote_category":0,"footnotes":""},"class_list":["post-126","page","type-page","status-publish","hentry","column","twocol"],"_links":{"self":[{"href":"https:\/\/humanidades.uprrp.edu\/vivelashumanidades\/wp-json\/wp\/v2\/pages\/126","targetHints":{"allow":["GET"]}}],"collection":[{"href":"https:\/\/humanidades.uprrp.edu\/vivelashumanidades\/wp-json\/wp\/v2\/pages"}],"about":[{"href":"https:\/\/humanidades.uprrp.edu\/vivelashumanidades\/wp-json\/wp\/v2\/types\/page"}],"author":[{"embeddable":true,"href":"https:\/\/humanidades.uprrp.edu\/vivelashumanidades\/wp-json\/wp\/v2\/users\/2"}],"replies":[{"embeddable":true,"href":"https:\/\/humanidades.uprrp.edu\/vivelashumanidades\/wp-json\/wp\/v2\/comments?post=126"}],"version-history":[{"count":3,"href":"https:\/\/humanidades.uprrp.edu\/vivelashumanidades\/wp-json\/wp\/v2\/pages\/126\/revisions"}],"predecessor-version":[{"id":315,"href":"https:\/\/humanidades.uprrp.edu\/vivelashumanidades\/wp-json\/wp\/v2\/pages\/126\/revisions\/315"}],"wp:attachment":[{"href":"https:\/\/humanidades.uprrp.edu\/vivelashumanidades\/wp-json\/wp\/v2\/media?parent=126"}],"curies":[{"name":"wp","href":"https:\/\/api.w.org\/{rel}","templated":true}]}}