{"id":117,"date":"2025-06-05T11:00:49","date_gmt":"2025-06-05T15:00:49","guid":{"rendered":"https:\/\/humanidades.uprrp.edu\/vivelashumanidades\/?page_id=117"},"modified":"2026-04-11T16:42:36","modified_gmt":"2026-04-11T20:42:36","slug":"museo-de-arte-de-bayamon","status":"publish","type":"page","link":"https:\/\/humanidades.uprrp.edu\/vivelashumanidades\/museo-de-arte-de-bayamon\/","title":{"rendered":"Museo de Arte de Bayam\u00f3n"},"content":{"rendered":"<div class=\"wp-block-image\">\n<figure class=\"aligncenter size-full\"><a href=\"https:\/\/www.museodeartedebayamon.com\/\"><img decoding=\"async\" width=\"125\" height=\"200\" src=\"https:\/\/humanidades.uprrp.edu\/vivelashumanidades\/wp-content\/uploads\/sites\/15\/2025\/06\/MuseodeArtebayamon.png\" alt=\"\" class=\"wp-image-185\"\/><\/a><\/figure>\n<\/div>\n\n\n<p>La misi\u00f3n del Museo de Arte de Bayam\u00f3n es respaldar a los artistas puertorrique\u00f1os a trav\u00e9s de la creaci\u00f3n de servicios que contribuyan a la producci\u00f3n y visibilidad de sus obras, con el objetivo de alcanzar un alto nivel de proyecci\u00f3n en Puerto Rico y el mundo.<\/p>\n\n\n\n<p>El Museo est\u00e1 reclutando candidates para:<\/p>\n\n\n\n<ul class=\"wp-block-list\">\n<li> Ofrecer recorridos guiados a la colecci\u00f3n permanente y temporera del museo.<\/li>\n\n\n\n<li>Asistir al personal educativo en las actividades o talleres que se imparten mensualmente.<\/li>\n\n\n\n<li>Desarrollar propuestas de actividades o talleres educativos en respuesta a las exhibiciones del museo.<\/li>\n\n\n\n<li>Impartir propuestas de actividades o talleres educativos en respuesta a las exhibiciones del museo.<\/li>\n\n\n\n<li>Ser custodio de sala, orientar al p\u00fablico de distintas edades sobre la colecci\u00f3n y sobre c\u00f3mo hacer su visita al museo.<\/li>\n<\/ul>\n\n\n\n<p><\/p>\n","protected":false},"excerpt":{"rendered":"<p>La misi\u00f3n del Museo de Arte de Bayam\u00f3n es respaldar a los artistas puertorrique\u00f1os a trav\u00e9s de la creaci\u00f3n de servicios que contribuyan a la producci\u00f3n y visibilidad de sus obras, con el objetivo de alcanzar un alto nivel de proyecci\u00f3n en Puerto Rico y el mundo. El Museo est\u00e1 &#8230;<\/p>\n","protected":false},"author":2,"featured_media":0,"parent":0,"menu_order":0,"comment_status":"closed","ping_status":"closed","template":"","meta":{"_eb_attr":"","_monsterinsights_skip_tracking":false,"_monsterinsights_sitenote_active":false,"_monsterinsights_sitenote_note":"","_monsterinsights_sitenote_category":0,"footnotes":""},"class_list":["post-117","page","type-page","status-publish","hentry","column","twocol"],"_links":{"self":[{"href":"https:\/\/humanidades.uprrp.edu\/vivelashumanidades\/wp-json\/wp\/v2\/pages\/117","targetHints":{"allow":["GET"]}}],"collection":[{"href":"https:\/\/humanidades.uprrp.edu\/vivelashumanidades\/wp-json\/wp\/v2\/pages"}],"about":[{"href":"https:\/\/humanidades.uprrp.edu\/vivelashumanidades\/wp-json\/wp\/v2\/types\/page"}],"author":[{"embeddable":true,"href":"https:\/\/humanidades.uprrp.edu\/vivelashumanidades\/wp-json\/wp\/v2\/users\/2"}],"replies":[{"embeddable":true,"href":"https:\/\/humanidades.uprrp.edu\/vivelashumanidades\/wp-json\/wp\/v2\/comments?post=117"}],"version-history":[{"count":7,"href":"https:\/\/humanidades.uprrp.edu\/vivelashumanidades\/wp-json\/wp\/v2\/pages\/117\/revisions"}],"predecessor-version":[{"id":393,"href":"https:\/\/humanidades.uprrp.edu\/vivelashumanidades\/wp-json\/wp\/v2\/pages\/117\/revisions\/393"}],"wp:attachment":[{"href":"https:\/\/humanidades.uprrp.edu\/vivelashumanidades\/wp-json\/wp\/v2\/media?parent=117"}],"curies":[{"name":"wp","href":"https:\/\/api.w.org\/{rel}","templated":true}]}}