{"id":114,"date":"2025-06-05T10:58:45","date_gmt":"2025-06-05T14:58:45","guid":{"rendered":"https:\/\/humanidades.uprrp.edu\/vivelashumanidades\/?page_id=114"},"modified":"2026-04-11T16:49:03","modified_gmt":"2026-04-11T20:49:03","slug":"museo-de-arte-contemporaneo-mac","status":"publish","type":"page","link":"https:\/\/humanidades.uprrp.edu\/vivelashumanidades\/museo-de-arte-contemporaneo-mac\/","title":{"rendered":"Museo de Arte Contempor\u00e1neo (MAC)"},"content":{"rendered":"<div class=\"wp-block-image\">\n<figure class=\"aligncenter size-full\"><a href=\"https:\/\/www.museomac.org\/\"><img fetchpriority=\"high\" decoding=\"async\" width=\"225\" height=\"225\" src=\"https:\/\/humanidades.uprrp.edu\/vivelashumanidades\/wp-content\/uploads\/sites\/15\/2025\/06\/mac.png\" alt=\"\" class=\"wp-image-188\" srcset=\"https:\/\/humanidades.uprrp.edu\/vivelashumanidades\/wp-content\/uploads\/sites\/15\/2025\/06\/mac.png 225w, https:\/\/humanidades.uprrp.edu\/vivelashumanidades\/wp-content\/uploads\/sites\/15\/2025\/06\/mac-150x150.png 150w, https:\/\/humanidades.uprrp.edu\/vivelashumanidades\/wp-content\/uploads\/sites\/15\/2025\/06\/mac-100x100.png 100w\" sizes=\"(max-width: 225px) 100vw, 225px\" \/><\/a><\/figure>\n<\/div>\n\n\n<p>El MAC fue fundado por artistas y benefactores de la sociedad civil para fomentar experiencias multidisciplinarias abiertas a todas las expresiones del arte y la cultura contempor\u00e1nea.<\/p>\n\n\n\n<p>El MAC propone tres posibles experiencias:<\/p>\n\n\n\n<p><em><strong>\u00c1rea Educativa<\/strong><\/em><\/p>\n\n\n\n<ul class=\"wp-block-list\">\n<li>Conducir visitas comentadas que promuevan la apreciaci\u00f3n cr\u00edtica y sensible de las obras en exhibici\u00f3n a audiencias diversas, incluidos estudiantes, familias y grupos comunitarios.<\/li>\n\n\n\n<li>Colaborar con el equipo educativo en la ejecuci\u00f3n de talleres participativos dirigidos a distintas comunidades escolares y visitantes.<\/li>\n\n\n\n<li>Apoyar en la coordinaci\u00f3n y preparaci\u00f3n de los espacios de trabajo para garantizar el buen desarrollo de las sesiones educativas.<\/li>\n\n\n\n<li>Dinamizar el uso del Rinc\u00f3n Creativo como espacio activo de exploraci\u00f3n art\u00edstica abierta al p\u00fablico.<\/li>\n\n\n\n<li>Formular propuestas educativas alineadas con las tem\u00e1ticas de las exhibiciones, incorporando enfoques interdisciplinarios.<\/li>\n\n\n\n<li>Registrar observaciones sobre la experiencia educativa para aportar al desarrollo continuo de los programas del museo.<\/li>\n\n\n\n<li>Orientar a docentes y otros p\u00fablicos sobre los m\u00f3dulos de integraci\u00f3n curricular y materiales educativos disponibles.<\/li>\n\n\n\n<li>Apoyar en la elaboraci\u00f3n de recursos did\u00e1cticos que fortalezcan los v\u00ednculos entre arte, aprendizaje y comunidad.<\/li>\n\n\n\n<li>Contribuir en la creaci\u00f3n de textos o gu\u00edas que complementen las actividades pedag\u00f3gicas y recorridos.<\/li>\n<\/ul>\n\n\n\n<p><em><strong>Centro de documentaci\u00f3n<\/strong><\/em><\/p>\n\n\n\n<ul class=\"wp-block-list\">\n<li>Apoyar con la organizaci\u00f3n tem\u00e1tica y cronol\u00f3gica de los casi 3,000 expedientes de artista.<\/li>\n\n\n\n<li>Apoyar con un documento de \u201creferencias cruzadas\u201d, que ir\u00eda insertado en cada uno de los expedientes de artista y que se digitalizar\u00e1, para facilitar las conexiones referenciales entre expedientes de artista\/otras colecciones.<\/li>\n\n\n\n<li>Apoyar con recopilar informaci\u00f3n para llenar campos de metadatos en la aplicaci\u00f3n PastPerfect, tanto para obras como para documentos.<\/li>\n\n\n\n<li>Apoyar con ingresar informaci\u00f3n de publicaciones de la biblioteca en PastPerfect.<\/li>\n<\/ul>\n\n\n\n<p><em><strong>Exposiciones<\/strong><\/em><\/p>\n\n\n\n<ul class=\"wp-block-list\">\n<li>Desarrollar descripciones visuales de las obras de arte en la colecci\u00f3n permanente para acceso p\u00fablico a trav\u00e9s del sistema de gesti\u00f3n de colecciones del museo y de Google Arts &amp; Culture.<\/li>\n\n\n\n<li>Apoyo para investigaciones en curso que ser\u00e1n conducentes a futuras exhibiciones del MAC.<\/li>\n<\/ul>\n\n\n\n<p><\/p>\n","protected":false},"excerpt":{"rendered":"<p>El MAC fue fundado por artistas y benefactores de la sociedad civil para fomentar experiencias multidisciplinarias abiertas a todas las expresiones del arte y la cultura contempor\u00e1nea. El MAC propone tres posibles experiencias: \u00c1rea Educativa Centro de documentaci\u00f3n Exposiciones<\/p>\n","protected":false},"author":2,"featured_media":0,"parent":0,"menu_order":0,"comment_status":"closed","ping_status":"closed","template":"","meta":{"_eb_attr":"","_monsterinsights_skip_tracking":false,"_monsterinsights_sitenote_active":false,"_monsterinsights_sitenote_note":"","_monsterinsights_sitenote_category":0,"footnotes":""},"class_list":["post-114","page","type-page","status-publish","hentry","column","twocol"],"_links":{"self":[{"href":"https:\/\/humanidades.uprrp.edu\/vivelashumanidades\/wp-json\/wp\/v2\/pages\/114","targetHints":{"allow":["GET"]}}],"collection":[{"href":"https:\/\/humanidades.uprrp.edu\/vivelashumanidades\/wp-json\/wp\/v2\/pages"}],"about":[{"href":"https:\/\/humanidades.uprrp.edu\/vivelashumanidades\/wp-json\/wp\/v2\/types\/page"}],"author":[{"embeddable":true,"href":"https:\/\/humanidades.uprrp.edu\/vivelashumanidades\/wp-json\/wp\/v2\/users\/2"}],"replies":[{"embeddable":true,"href":"https:\/\/humanidades.uprrp.edu\/vivelashumanidades\/wp-json\/wp\/v2\/comments?post=114"}],"version-history":[{"count":5,"href":"https:\/\/humanidades.uprrp.edu\/vivelashumanidades\/wp-json\/wp\/v2\/pages\/114\/revisions"}],"predecessor-version":[{"id":398,"href":"https:\/\/humanidades.uprrp.edu\/vivelashumanidades\/wp-json\/wp\/v2\/pages\/114\/revisions\/398"}],"wp:attachment":[{"href":"https:\/\/humanidades.uprrp.edu\/vivelashumanidades\/wp-json\/wp\/v2\/media?parent=114"}],"curies":[{"name":"wp","href":"https:\/\/api.w.org\/{rel}","templated":true}]}}