{"id":7249,"date":"2026-03-10T11:56:45","date_gmt":"2026-03-10T15:56:45","guid":{"rendered":"https:\/\/humanidades.uprrp.edu\/visiondoble\/?page_id=7249"},"modified":"2026-03-25T12:54:29","modified_gmt":"2026-03-25T16:54:29","slug":"archivo-2025-2","status":"publish","type":"page","link":"https:\/\/humanidades.uprrp.edu\/visiondoble\/archivo-2025-2\/","title":{"rendered":"Archivo 2026"},"content":{"rendered":"\n<h3 class=\"accordion_title\">Archivo 2026<\/h3><div class=\"accordion\" rel=\"\">\n\n<div class=\"accordion-item\"><a href=\"#\" class=\"accordion-title plain\"><button class=\"toggle\"><i class=\"icon-angle-down\"><\/i><\/button><span>Marzo<\/span><\/a><div class=\"accordion-inner\">\n\n<p><a href=\"https:\/\/humanidades.uprrp.edu\/visiondoble\/punishment-and-enlightenment-in-the-new-paintings-of-emanuel-torres\/\"><strong>Punishment and Enlightenment in the New Paintings of Emanuel Torres<\/strong> \/ Pedro V\u00e9lez<\/a><\/p>\n<p><a href=\"https:\/\/humanidades.uprrp.edu\/visiondoble\/castigo-e-iluminacion-en-las-nuevas-pinturas-de-emanuel-torres\/\"><strong>Castigo e iluminaci\u00f3n en las nuevas pinturas de Emanuel Torres<\/strong> \/ Pedro V\u00e9lez<\/a><\/p>\n<p><a href=\"https:\/\/humanidades.uprrp.edu\/visiondoble\/ketty-rodriguez-y-la-casa-del-arte-innovacion-modernidad-y-mercado-en-la-escena-artistica-del-viejo-san-juan\/\"><strong>Ketty Rodr\u00edguez y La Casa del Arte: innovaci\u00f3n, modernidad y mercado en la escena art\u00edstica del Viejo San Juan (1961\u20131970)<\/strong> \/ Melissa M. Ramos Borges<\/a><\/p>\n\n<\/div><\/div>\n\n<\/div>\n\n","protected":false},"excerpt":{"rendered":"","protected":false},"author":3,"featured_media":0,"parent":0,"menu_order":0,"comment_status":"closed","ping_status":"closed","template":"","meta":{"footnotes":""},"class_list":["post-7249","page","type-page","status-publish","hentry"],"_links":{"self":[{"href":"https:\/\/humanidades.uprrp.edu\/visiondoble\/wp-json\/wp\/v2\/pages\/7249","targetHints":{"allow":["GET"]}}],"collection":[{"href":"https:\/\/humanidades.uprrp.edu\/visiondoble\/wp-json\/wp\/v2\/pages"}],"about":[{"href":"https:\/\/humanidades.uprrp.edu\/visiondoble\/wp-json\/wp\/v2\/types\/page"}],"author":[{"embeddable":true,"href":"https:\/\/humanidades.uprrp.edu\/visiondoble\/wp-json\/wp\/v2\/users\/3"}],"replies":[{"embeddable":true,"href":"https:\/\/humanidades.uprrp.edu\/visiondoble\/wp-json\/wp\/v2\/comments?post=7249"}],"version-history":[{"count":3,"href":"https:\/\/humanidades.uprrp.edu\/visiondoble\/wp-json\/wp\/v2\/pages\/7249\/revisions"}],"predecessor-version":[{"id":7263,"href":"https:\/\/humanidades.uprrp.edu\/visiondoble\/wp-json\/wp\/v2\/pages\/7249\/revisions\/7263"}],"wp:attachment":[{"href":"https:\/\/humanidades.uprrp.edu\/visiondoble\/wp-json\/wp\/v2\/media?parent=7249"}],"curies":[{"name":"wp","href":"https:\/\/api.w.org\/{rel}","templated":true}]}}