{"id":7142,"date":"2025-10-20T15:34:44","date_gmt":"2025-10-20T19:34:44","guid":{"rendered":"https:\/\/humanidades.uprrp.edu\/visiondoble\/?page_id=7142"},"modified":"2025-12-10T15:59:10","modified_gmt":"2025-12-10T19:59:10","slug":"archivo-2025","status":"publish","type":"page","link":"https:\/\/humanidades.uprrp.edu\/visiondoble\/archivo-2025\/","title":{"rendered":"Archivo 2025"},"content":{"rendered":"\n<h3 class=\"accordion_title\">Archivo 2025<\/h3><div class=\"accordion\" rel=\"\">\n\n<div class=\"accordion-item\"><a href=\"#\" class=\"accordion-title plain\"><button class=\"toggle\"><i class=\"icon-angle-down\"><\/i><\/button><span>Octubre<\/span><\/a><div class=\"accordion-inner\">\n\n<p><a href=\"https:\/\/humanidades.uprrp.edu\/visiondoble\/arte-al-borde-del-abismo\/\"><strong>Arte al borde del abismo: lo humano y lo natural en Violencia al filo<\/strong> \/ Ash Ram\u00edrez Montes<\/a><\/p>\n<p><a href=\"https:\/\/humanidades.uprrp.edu\/visiondoble\/desde-mar-adentro\/\"><strong>Desde Mar Adentro: entre corrientes de memoria y resistencia<\/strong> \/ Juan J. Roque-Giraud<\/a><\/p>\n<p><a href=\"https:\/\/humanidades.uprrp.edu\/visiondoble\/entre-ceramica-y-naturaleza-la-trayectoria-de-raul-cintron-en-impresiones-del-paisaje\/\"><strong>Entre cer\u00e1mica y naturaleza: la trayectoria de Ra\u00fal Cintr\u00f3n en Impresiones del paisaje<\/strong> \/ Wanda I. Rodr\u00edguez Vicente<\/a><\/p>\n\n<\/div><\/div>\n<div class=\"accordion-item\"><a href=\"#\" class=\"accordion-title plain\"><button class=\"toggle\"><i class=\"icon-angle-down\"><\/i><\/button><span>Noviembre<\/span><\/a><div class=\"accordion-inner\">\n\n<p><strong><a href=\"https:\/\/humanidades.uprrp.edu\/visiondoble\/elegy-to-the-last-face-the-photograph-of-the-death-mask-of-erich-sander\/\">Elegy to the Last Face: The Photograph of the Death Mask of Erich Sander \/ <\/a><\/strong><a href=\"https:\/\/humanidades.uprrp.edu\/visiondoble\/elegy-to-the-last-face-the-photograph-of-the-death-mask-of-erich-sander\/\">Laura Bravo L\u00f3pez<\/a><strong><br \/><\/strong><\/p>\n<p><a href=\"https:\/\/humanidades.uprrp.edu\/visiondoble\/abstraccion-memoria-y-cotidianidad-en-la-obra-de-rafael-j-rodriguez\/\"><strong>Abstracci\u00f3n, memoria y cotidianidad en la obra de Rafael J. Rodr\u00edguez \/ <\/strong>Naishka Rom\u00e1n<\/a><strong><br \/><\/strong><\/p>\n\n<\/div><\/div>\n<div class=\"accordion-item\"><a href=\"#\" class=\"accordion-title plain\"><button class=\"toggle\"><i class=\"icon-angle-down\"><\/i><\/button><span>Diciembre<\/span><\/a><div class=\"accordion-inner\">\n\n<p><a href=\"https:\/\/humanidades.uprrp.edu\/visiondoble\/abriendo-un-portal-la-arqueologia-espiritual-de-jose-luis-vargas-en-el-colegio-invisible\/\"><strong>Abriendo un portal: la arqueolog\u00eda espiritual de Jos\u00e9 Luis Vargas en <em>El Colegio Invisible \/ <\/em><\/strong>Jos\u00e9 Juan Gonz\u00e1lez Jim\u00e9nez<\/a><\/p>\n<p>\u00a0<\/p>\n\n<\/div><\/div>\n\n<\/div>\n\n","protected":false},"excerpt":{"rendered":"","protected":false},"author":3,"featured_media":0,"parent":0,"menu_order":0,"comment_status":"closed","ping_status":"closed","template":"","meta":{"footnotes":""},"class_list":["post-7142","page","type-page","status-publish","hentry"],"_links":{"self":[{"href":"https:\/\/humanidades.uprrp.edu\/visiondoble\/wp-json\/wp\/v2\/pages\/7142","targetHints":{"allow":["GET"]}}],"collection":[{"href":"https:\/\/humanidades.uprrp.edu\/visiondoble\/wp-json\/wp\/v2\/pages"}],"about":[{"href":"https:\/\/humanidades.uprrp.edu\/visiondoble\/wp-json\/wp\/v2\/types\/page"}],"author":[{"embeddable":true,"href":"https:\/\/humanidades.uprrp.edu\/visiondoble\/wp-json\/wp\/v2\/users\/3"}],"replies":[{"embeddable":true,"href":"https:\/\/humanidades.uprrp.edu\/visiondoble\/wp-json\/wp\/v2\/comments?post=7142"}],"version-history":[{"count":6,"href":"https:\/\/humanidades.uprrp.edu\/visiondoble\/wp-json\/wp\/v2\/pages\/7142\/revisions"}],"predecessor-version":[{"id":7226,"href":"https:\/\/humanidades.uprrp.edu\/visiondoble\/wp-json\/wp\/v2\/pages\/7142\/revisions\/7226"}],"wp:attachment":[{"href":"https:\/\/humanidades.uprrp.edu\/visiondoble\/wp-json\/wp\/v2\/media?parent=7142"}],"curies":[{"name":"wp","href":"https:\/\/api.w.org\/{rel}","templated":true}]}}