{"id":6835,"date":"2025-10-08T15:21:27","date_gmt":"2025-10-08T19:21:27","guid":{"rendered":"https:\/\/humanidades.uprrp.edu\/visiondoble\/?page_id=6835"},"modified":"2025-10-08T15:22:19","modified_gmt":"2025-10-08T19:22:19","slug":"maria-elba-torres-munoz","status":"publish","type":"page","link":"https:\/\/humanidades.uprrp.edu\/visiondoble\/maria-elba-torres-munoz\/","title":{"rendered":"Mar\u00eda Elba Torres Mu\u00f1oz"},"content":{"rendered":"\n<div class=\"wp-block-group is-layout-grid wp-container-core-group-is-layout-baef362d wp-block-group-is-layout-grid\">\n<figure class=\"wp-block-image size-full is-resized wp-container-content-5e2576f9\"><img loading=\"lazy\" decoding=\"async\" width=\"388\" height=\"492\" src=\"https:\/\/humanidades.uprrp.edu\/visiondoble\/wp-content\/uploads\/2025\/10\/Maria-Elba-Torres-final.jpg\" alt=\"\" class=\"wp-image-6838\" style=\"width:385px;height:auto\" srcset=\"https:\/\/humanidades.uprrp.edu\/visiondoble\/wp-content\/uploads\/2025\/10\/Maria-Elba-Torres-final.jpg 388w, https:\/\/humanidades.uprrp.edu\/visiondoble\/wp-content\/uploads\/2025\/10\/Maria-Elba-Torres-final-237x300.jpg 237w\" sizes=\"auto, (max-width: 388px) 100vw, 388px\" \/><\/figure>\n\n\n\n<div class=\"wp-block-group wp-container-content-b0d01b81\"><div class=\"wp-block-group__inner-container is-layout-constrained wp-block-group-is-layout-constrained\">\n<p style=\"text-align: justify;\"><span style=\"font-size: 110%;\">Mar\u00eda Elba Torres Mu\u00f1oz es una gestora y profesora afroborimex nacida en Puerto Rico. Posee un doctorado en Historia del Centro de Estudios Avanzados de Puerto Rico y el Caribe, y una maestr\u00eda en Letras Iberoamericanas de la Universidad Nacional Aut\u00f3noma de M\u00e9xico. Desde hace m\u00e1s de dos d\u00e9cadas es Profesora del Departamento de Estudios Generales de la Universidad de Puerto Rico, Recinto de R\u00edo Piedras y su labor de investigaci\u00f3n se concentra en la cultura afropuertorrique\u00f1. Integra las Juntas de Directores del Museo de Arte Contempor\u00e1neo de San Juan y de la Fundaci\u00f3n Puertorrique\u00f1a de las Humanidades. Junto a Marianne Ram\u00edrez Aponte funge como codirectora de la organizaci\u00f3n Tiznando al pa\u00eds y actualmente es Investigadora Principal de Tiznando el Pa\u00eds: Visualidades y Representaciones, subvencionado por la Mellon Foundation y adscrito a la Rector\u00eda de la UPR-RP.\n.<\/span><\/p>\n<\/div><\/div>\n<\/div>\n\n\n\n<p><\/p>\n","protected":false},"excerpt":{"rendered":"<p>Mar\u00eda Elba Torres Mu\u00f1oz es una gestora y profesora afroborimex nacida en Puerto Rico. Posee un doctorado en Historia del Centro de Estudios Avanzados de Puerto Rico y el Caribe, y una maestr\u00eda en Letras Iberoamericanas de la Universidad Nacional Aut\u00f3noma de M\u00e9xico. Desde hace m\u00e1s de dos d\u00e9cadas es Profesora del Departamento de Estudios [&#8230;]\n","protected":false},"author":12,"featured_media":0,"parent":0,"menu_order":0,"comment_status":"closed","ping_status":"closed","template":"","meta":{"footnotes":""},"class_list":["post-6835","page","type-page","status-publish","hentry"],"_links":{"self":[{"href":"https:\/\/humanidades.uprrp.edu\/visiondoble\/wp-json\/wp\/v2\/pages\/6835","targetHints":{"allow":["GET"]}}],"collection":[{"href":"https:\/\/humanidades.uprrp.edu\/visiondoble\/wp-json\/wp\/v2\/pages"}],"about":[{"href":"https:\/\/humanidades.uprrp.edu\/visiondoble\/wp-json\/wp\/v2\/types\/page"}],"author":[{"embeddable":true,"href":"https:\/\/humanidades.uprrp.edu\/visiondoble\/wp-json\/wp\/v2\/users\/12"}],"replies":[{"embeddable":true,"href":"https:\/\/humanidades.uprrp.edu\/visiondoble\/wp-json\/wp\/v2\/comments?post=6835"}],"version-history":[{"count":2,"href":"https:\/\/humanidades.uprrp.edu\/visiondoble\/wp-json\/wp\/v2\/pages\/6835\/revisions"}],"predecessor-version":[{"id":6884,"href":"https:\/\/humanidades.uprrp.edu\/visiondoble\/wp-json\/wp\/v2\/pages\/6835\/revisions\/6884"}],"wp:attachment":[{"href":"https:\/\/humanidades.uprrp.edu\/visiondoble\/wp-json\/wp\/v2\/media?parent=6835"}],"curies":[{"name":"wp","href":"https:\/\/api.w.org\/{rel}","templated":true}]}}