{"id":6772,"date":"2025-09-22T23:32:54","date_gmt":"2025-09-23T03:32:54","guid":{"rendered":"https:\/\/humanidades.uprrp.edu\/visiondoble\/?page_id=6772"},"modified":"2025-09-22T23:32:54","modified_gmt":"2025-09-23T03:32:54","slug":"juan-jose-roque-giraud","status":"publish","type":"page","link":"https:\/\/humanidades.uprrp.edu\/visiondoble\/juan-jose-roque-giraud\/","title":{"rendered":"Juan Jos\u00e9 Roque-Giraud"},"content":{"rendered":"\n<div class=\"wp-block-group is-layout-grid wp-container-core-group-is-layout-baef362d wp-block-group-is-layout-grid\">\n<figure class=\"wp-block-image size-full is-resized wp-container-content-5e2576f9\"><img loading=\"lazy\" decoding=\"async\" width=\"1920\" height=\"2560\" src=\"https:\/\/humanidades.uprrp.edu\/visiondoble\/wp-content\/uploads\/2025\/09\/IMG_2894-scaled.jpg\" alt=\"\" class=\"wp-image-6773\" style=\"width:385px;height:auto\" srcset=\"https:\/\/humanidades.uprrp.edu\/visiondoble\/wp-content\/uploads\/2025\/09\/IMG_2894-scaled.jpg 1920w, https:\/\/humanidades.uprrp.edu\/visiondoble\/wp-content\/uploads\/2025\/09\/IMG_2894-225x300.jpg 225w, https:\/\/humanidades.uprrp.edu\/visiondoble\/wp-content\/uploads\/2025\/09\/IMG_2894-768x1024.jpg 768w, https:\/\/humanidades.uprrp.edu\/visiondoble\/wp-content\/uploads\/2025\/09\/IMG_2894-1152x1536.jpg 1152w, https:\/\/humanidades.uprrp.edu\/visiondoble\/wp-content\/uploads\/2025\/09\/IMG_2894-1536x2048.jpg 1536w\" sizes=\"auto, (max-width: 1920px) 100vw, 1920px\" \/><\/figure>\n\n\n\n<div class=\"wp-block-group wp-container-content-b0d01b81\"><div class=\"wp-block-group__inner-container is-layout-constrained wp-block-group-is-layout-constrained\">\n<p style=\"text-align: justify;\"><span style=\"font-size: 110%;\">Juan Jos\u00e9 Roque-Giraud es graduado con un bachillerato en Historia del Arte de la Universidad de Puerto Rico, Recinto de R\u00edo Piedras, con \u00e9nfasis en Am\u00e9rica Latina y el Caribe.\u00a0Actualmente cursa una maestr\u00eda en la Universidad de Texas en Austin, donde forma parte del Center for Latin American Visual Studies (CLAVIS). Su investigaci\u00f3n se enfoca en el arte contempor\u00e1neo del Caribe insular y su di\u00e1spora, con un inter\u00e9s especial en lo material, lo ef\u00edmero y las pr\u00e1cticas conceptuales. Colabora como editor independiente con el Whitney Museum of American Art y anteriormente trabaj\u00f3 en el Museo de Historia, Antropolog\u00eda y Arte de la Universidad de Puerto Rico, Recinto de R\u00edo Piedras.\u00a0<\/span><\/p>\n<\/div><\/div>\n<\/div>\n\n\n\n<p><\/p>\n","protected":false},"excerpt":{"rendered":"<p>Juan Jos\u00e9 Roque-Giraud es graduado con un bachillerato en Historia del Arte de la Universidad de Puerto Rico, Recinto de R\u00edo Piedras, con \u00e9nfasis en Am\u00e9rica Latina y el Caribe.\u00a0Actualmente cursa una maestr\u00eda en la Universidad de Texas en Austin, donde forma parte del Center for Latin American Visual Studies (CLAVIS). Su investigaci\u00f3n se enfoca [&#8230;]\n","protected":false},"author":12,"featured_media":0,"parent":0,"menu_order":0,"comment_status":"closed","ping_status":"closed","template":"","meta":{"footnotes":""},"class_list":["post-6772","page","type-page","status-publish","hentry"],"_links":{"self":[{"href":"https:\/\/humanidades.uprrp.edu\/visiondoble\/wp-json\/wp\/v2\/pages\/6772","targetHints":{"allow":["GET"]}}],"collection":[{"href":"https:\/\/humanidades.uprrp.edu\/visiondoble\/wp-json\/wp\/v2\/pages"}],"about":[{"href":"https:\/\/humanidades.uprrp.edu\/visiondoble\/wp-json\/wp\/v2\/types\/page"}],"author":[{"embeddable":true,"href":"https:\/\/humanidades.uprrp.edu\/visiondoble\/wp-json\/wp\/v2\/users\/12"}],"replies":[{"embeddable":true,"href":"https:\/\/humanidades.uprrp.edu\/visiondoble\/wp-json\/wp\/v2\/comments?post=6772"}],"version-history":[{"count":1,"href":"https:\/\/humanidades.uprrp.edu\/visiondoble\/wp-json\/wp\/v2\/pages\/6772\/revisions"}],"predecessor-version":[{"id":6775,"href":"https:\/\/humanidades.uprrp.edu\/visiondoble\/wp-json\/wp\/v2\/pages\/6772\/revisions\/6775"}],"wp:attachment":[{"href":"https:\/\/humanidades.uprrp.edu\/visiondoble\/wp-json\/wp\/v2\/media?parent=6772"}],"curies":[{"name":"wp","href":"https:\/\/api.w.org\/{rel}","templated":true}]}}