{"id":6764,"date":"2025-09-22T23:29:48","date_gmt":"2025-09-23T03:29:48","guid":{"rendered":"https:\/\/humanidades.uprrp.edu\/visiondoble\/?page_id=6764"},"modified":"2025-09-22T23:29:48","modified_gmt":"2025-09-23T03:29:48","slug":"ash-ramirez-montes","status":"publish","type":"page","link":"https:\/\/humanidades.uprrp.edu\/visiondoble\/ash-ramirez-montes\/","title":{"rendered":"Ash Ram\u00edrez Montes"},"content":{"rendered":"\n<div class=\"wp-block-group is-layout-grid wp-container-core-group-is-layout-baef362d wp-block-group-is-layout-grid\">\n<figure class=\"wp-block-image size-full is-resized wp-container-content-5e2576f9\"><img loading=\"lazy\" decoding=\"async\" width=\"1600\" height=\"1066\" src=\"https:\/\/humanidades.uprrp.edu\/visiondoble\/wp-content\/uploads\/2025\/09\/9beaf729-ec9b-4014-9729-d44b60b4c309.jpeg\" alt=\"\" class=\"wp-image-6765\" style=\"width:385px;height:auto\" srcset=\"https:\/\/humanidades.uprrp.edu\/visiondoble\/wp-content\/uploads\/2025\/09\/9beaf729-ec9b-4014-9729-d44b60b4c309.jpeg 1600w, https:\/\/humanidades.uprrp.edu\/visiondoble\/wp-content\/uploads\/2025\/09\/9beaf729-ec9b-4014-9729-d44b60b4c309-300x200.jpeg 300w, https:\/\/humanidades.uprrp.edu\/visiondoble\/wp-content\/uploads\/2025\/09\/9beaf729-ec9b-4014-9729-d44b60b4c309-1024x682.jpeg 1024w, https:\/\/humanidades.uprrp.edu\/visiondoble\/wp-content\/uploads\/2025\/09\/9beaf729-ec9b-4014-9729-d44b60b4c309-768x512.jpeg 768w, https:\/\/humanidades.uprrp.edu\/visiondoble\/wp-content\/uploads\/2025\/09\/9beaf729-ec9b-4014-9729-d44b60b4c309-1536x1023.jpeg 1536w\" sizes=\"auto, (max-width: 1600px) 100vw, 1600px\" \/><\/figure>\n\n\n\n<div class=\"wp-block-group wp-container-content-b0d01b81\"><div class=\"wp-block-group__inner-container is-layout-constrained wp-block-group-is-layout-constrained\">\n<p style=\"text-align: justify;\"><span style=\"font-size: 110%;\">Ash Ram\u00edrez Montes se gradu\u00f3 del Programa de Historia del Arte de la Universidad de Puerto Rico, Recinto de R\u00edo Piedras. Durante sus estudios form\u00f3 parte de la directiva de la Asociaci\u00f3n de Estudiantes de Historia del Arte (AEHA), public\u00f3 en la revista arbitrada Ingenios y en la revista de cr\u00edtica de arte Puntos de Fuga . Form\u00f3 parte del internado Fostering Internship Experiences for Humanities Undergraduate Majors in Puerto Rico &#8211; American Latino Museum Internship and Fellowship Initiative, el cual complet\u00f3 en el Museo de Historia Antropolog\u00eda y Arte de la UPRRP.  Colabora en Visi\u00f3n Doble desde julio de 2025.\n.<\/span><\/p>\n<\/div><\/div>\n<\/div>\n\n\n\n<p><\/p>\n","protected":false},"excerpt":{"rendered":"<p>Ash Ram\u00edrez Montes se gradu\u00f3 del Programa de Historia del Arte de la Universidad de Puerto Rico, Recinto de R\u00edo Piedras. Durante sus estudios form\u00f3 parte de la directiva de la Asociaci\u00f3n de Estudiantes de Historia del Arte (AEHA), public\u00f3 en la revista arbitrada Ingenios y en la revista de cr\u00edtica de arte Puntos de [&#8230;]\n","protected":false},"author":12,"featured_media":0,"parent":0,"menu_order":0,"comment_status":"closed","ping_status":"closed","template":"","meta":{"footnotes":""},"class_list":["post-6764","page","type-page","status-publish","hentry"],"_links":{"self":[{"href":"https:\/\/humanidades.uprrp.edu\/visiondoble\/wp-json\/wp\/v2\/pages\/6764","targetHints":{"allow":["GET"]}}],"collection":[{"href":"https:\/\/humanidades.uprrp.edu\/visiondoble\/wp-json\/wp\/v2\/pages"}],"about":[{"href":"https:\/\/humanidades.uprrp.edu\/visiondoble\/wp-json\/wp\/v2\/types\/page"}],"author":[{"embeddable":true,"href":"https:\/\/humanidades.uprrp.edu\/visiondoble\/wp-json\/wp\/v2\/users\/12"}],"replies":[{"embeddable":true,"href":"https:\/\/humanidades.uprrp.edu\/visiondoble\/wp-json\/wp\/v2\/comments?post=6764"}],"version-history":[{"count":3,"href":"https:\/\/humanidades.uprrp.edu\/visiondoble\/wp-json\/wp\/v2\/pages\/6764\/revisions"}],"predecessor-version":[{"id":6771,"href":"https:\/\/humanidades.uprrp.edu\/visiondoble\/wp-json\/wp\/v2\/pages\/6764\/revisions\/6771"}],"wp:attachment":[{"href":"https:\/\/humanidades.uprrp.edu\/visiondoble\/wp-json\/wp\/v2\/media?parent=6764"}],"curies":[{"name":"wp","href":"https:\/\/api.w.org\/{rel}","templated":true}]}}