{"id":6363,"date":"2023-06-29T17:07:30","date_gmt":"2023-06-29T21:07:30","guid":{"rendered":"https:\/\/humanidades.uprrp.edu\/visiondoble\/?page_id=6363"},"modified":"2025-09-11T15:30:00","modified_gmt":"2025-09-11T19:30:00","slug":"nelson-rivera","status":"publish","type":"page","link":"https:\/\/humanidades.uprrp.edu\/visiondoble\/nelson-rivera\/","title":{"rendered":"Nelson Rivera"},"content":{"rendered":"<div class=\"wp-block-image\">\n<figure class=\"alignleft size-large is-resized\"><img loading=\"lazy\" decoding=\"async\" width=\"1024\" height=\"1006\" src=\"https:\/\/humanidades.uprrp.edu\/visiondoble\/wp-content\/uploads\/2023\/06\/zFoto-de-Nelson-Rivera-1024x1006.jpg\" alt=\"\" class=\"wp-image-6364\" style=\"width:182px;height:179px\" srcset=\"https:\/\/humanidades.uprrp.edu\/visiondoble\/wp-content\/uploads\/2023\/06\/zFoto-de-Nelson-Rivera-1024x1006.jpg 1024w, https:\/\/humanidades.uprrp.edu\/visiondoble\/wp-content\/uploads\/2023\/06\/zFoto-de-Nelson-Rivera-300x295.jpg 300w, https:\/\/humanidades.uprrp.edu\/visiondoble\/wp-content\/uploads\/2023\/06\/zFoto-de-Nelson-Rivera-768x755.jpg 768w, https:\/\/humanidades.uprrp.edu\/visiondoble\/wp-content\/uploads\/2023\/06\/zFoto-de-Nelson-Rivera-1536x1509.jpg 1536w, https:\/\/humanidades.uprrp.edu\/visiondoble\/wp-content\/uploads\/2023\/06\/zFoto-de-Nelson-Rivera-2048x2012.jpg 2048w\" sizes=\"auto, (max-width: 1024px) 100vw, 1024px\" \/><\/figure><\/div>\n\n\n<p>\u00a0Nelson Rivera naci\u00f3 en Fajardo, Puerto Rico, en 1953. Es autor de Sucio Dif\u00edcil: Piezas para el teatro (Isla Negra, 2005); Visual Artists and the Puerto Rican Performing Arts, 1950\u20131990 (Peter Lang, 1997); Con urgencia: escritos sobre arte puertorrique\u00f1o contempor\u00e1neo (EDUPR, 2009); Hinca por ah\u00ed: escritos sobre las artes y asuntos lim\u00edtrofes (Callej\u00f3n, 2016); Cathy Berberian: Entrevistas (Riel, 2019). Ha curado exhibiciones en m\u00faltiples instituciones dentro y fuera de Puerto Rico, entre ellas el Museo de Antropolog\u00eda, Historia y Arte del Recinto de R\u00edo Piedras (UPR), el Museo de Arte Contempor\u00e1neo de Puerto Rico, el Instituto de Cultura Puertorrique\u00f1a, el Museo de Arte de Ponce, el Museo del Barrio en Nueva York, entre otros. Es catedr\u00e1tico retirado de la Universidad de Puerto Rico en Humacao.<br><\/p>\n\n\n","protected":false},"excerpt":{"rendered":"<p>\u00a0Nelson Rivera naci\u00f3 en Fajardo, Puerto Rico, en 1953. Es autor de Sucio Dif\u00edcil: Piezas para el teatro (Isla Negra, 2005); Visual Artists and the Puerto Rican Performing Arts, 1950\u20131990 (Peter Lang, 1997); Con urgencia: escritos sobre arte puertorrique\u00f1o contempor\u00e1neo (EDUPR, 2009); Hinca por ah\u00ed: escritos sobre las artes y asuntos lim\u00edtrofes (Callej\u00f3n, 2016); Cathy [&#8230;]\n","protected":false},"author":3,"featured_media":0,"parent":0,"menu_order":0,"comment_status":"closed","ping_status":"closed","template":"","meta":{"footnotes":""},"class_list":["post-6363","page","type-page","status-publish","hentry"],"_links":{"self":[{"href":"https:\/\/humanidades.uprrp.edu\/visiondoble\/wp-json\/wp\/v2\/pages\/6363","targetHints":{"allow":["GET"]}}],"collection":[{"href":"https:\/\/humanidades.uprrp.edu\/visiondoble\/wp-json\/wp\/v2\/pages"}],"about":[{"href":"https:\/\/humanidades.uprrp.edu\/visiondoble\/wp-json\/wp\/v2\/types\/page"}],"author":[{"embeddable":true,"href":"https:\/\/humanidades.uprrp.edu\/visiondoble\/wp-json\/wp\/v2\/users\/3"}],"replies":[{"embeddable":true,"href":"https:\/\/humanidades.uprrp.edu\/visiondoble\/wp-json\/wp\/v2\/comments?post=6363"}],"version-history":[{"count":2,"href":"https:\/\/humanidades.uprrp.edu\/visiondoble\/wp-json\/wp\/v2\/pages\/6363\/revisions"}],"predecessor-version":[{"id":6725,"href":"https:\/\/humanidades.uprrp.edu\/visiondoble\/wp-json\/wp\/v2\/pages\/6363\/revisions\/6725"}],"wp:attachment":[{"href":"https:\/\/humanidades.uprrp.edu\/visiondoble\/wp-json\/wp\/v2\/media?parent=6363"}],"curies":[{"name":"wp","href":"https:\/\/api.w.org\/{rel}","templated":true}]}}