{"id":6275,"date":"2022-12-01T00:00:09","date_gmt":"2022-12-01T04:00:09","guid":{"rendered":"http:\/\/humanidades.uprrp.edu\/visiondoble\/?page_id=6275"},"modified":"2025-09-11T15:43:48","modified_gmt":"2025-09-11T19:43:48","slug":"stephanie-bernard","status":"publish","type":"page","link":"https:\/\/humanidades.uprrp.edu\/visiondoble\/stephanie-bernard\/","title":{"rendered":"Stephanie Bernard"},"content":{"rendered":"\n<img loading=\"lazy\" decoding=\"async\" class=\"size-thumbnail wp-image-6274 alignleft\" src=\"https:\/\/humanidades.uprrp.edu\/visiondoble\/wp-content\/uploads\/2023\/01\/Stephanie-150x150.jpg\" alt=\"\" width=\"150\" height=\"150\" \/>En 2015 complet\u00f3 sus estudios de bachillerato en Historia del Arte en la Universidad de Puerto Rico, Recinto de R\u00edo Piedras y en 2020 una maestr\u00eda en Historia del Arte en la Universidad de Ginebra, Suiza. Durante sus estudios ha adquirido experiencia laboral en el Museo de Historia, Antropolog\u00eda y Arte de R\u00edo Piedras (Puerto Rico) y el Museo de Santa Cruz (Espa\u00f1a). Igualmente, ha trabajado en el mercado del arte, en la casa de subastas Piguet H\u00f4tel des Ventes (Switzerland). En el pasado fue integrante del Centro Zurbar\u00e1n de la Universidad de Durham, Reino Unido, y complet\u00f3 una tesis doctoral sobre el artista espa\u00f1ol Juan S\u00e1nchez Cot\u00e1n.\nSandra Aponte &#8211; Realiz\u00f3 una maestr\u00eda en Historia del Arte Italiano en la Graduate School of Fine Art at the Villa Schifanoia, Rosary College (Dominican University). Actualmente es catedr\u00e1tica en el Departamento de Humanidades de la Universidad de Puerto Rico, Recinto Universitario de Mayag\u00fcez (RUM), donde imparti\u00f3 cursos de Historia del Arte. Desde el 2003 es miembro de la Junta de Gobierno del Museo de Arte MUSA del RUM.\n\n","protected":false},"excerpt":{"rendered":"<p>En 2015 complet\u00f3 sus estudios de bachillerato en Historia del Arte en la Universidad de Puerto Rico, Recinto de R\u00edo Piedras y en 2020 una maestr\u00eda en Historia del Arte en la Universidad de Ginebra, Suiza. Durante sus estudios ha adquirido experiencia laboral en el Museo de Historia, Antropolog\u00eda y Arte de R\u00edo Piedras (Puerto [&#8230;]\n","protected":false},"author":146,"featured_media":6274,"parent":0,"menu_order":0,"comment_status":"closed","ping_status":"closed","template":"","meta":{"footnotes":""},"class_list":["post-6275","page","type-page","status-publish","has-post-thumbnail","hentry"],"_links":{"self":[{"href":"https:\/\/humanidades.uprrp.edu\/visiondoble\/wp-json\/wp\/v2\/pages\/6275","targetHints":{"allow":["GET"]}}],"collection":[{"href":"https:\/\/humanidades.uprrp.edu\/visiondoble\/wp-json\/wp\/v2\/pages"}],"about":[{"href":"https:\/\/humanidades.uprrp.edu\/visiondoble\/wp-json\/wp\/v2\/types\/page"}],"author":[{"embeddable":true,"href":"https:\/\/humanidades.uprrp.edu\/visiondoble\/wp-json\/wp\/v2\/users\/146"}],"replies":[{"embeddable":true,"href":"https:\/\/humanidades.uprrp.edu\/visiondoble\/wp-json\/wp\/v2\/comments?post=6275"}],"version-history":[{"count":3,"href":"https:\/\/humanidades.uprrp.edu\/visiondoble\/wp-json\/wp\/v2\/pages\/6275\/revisions"}],"predecessor-version":[{"id":6749,"href":"https:\/\/humanidades.uprrp.edu\/visiondoble\/wp-json\/wp\/v2\/pages\/6275\/revisions\/6749"}],"wp:featuredmedia":[{"embeddable":true,"href":"https:\/\/humanidades.uprrp.edu\/visiondoble\/wp-json\/wp\/v2\/media\/6274"}],"wp:attachment":[{"href":"https:\/\/humanidades.uprrp.edu\/visiondoble\/wp-json\/wp\/v2\/media?parent=6275"}],"curies":[{"name":"wp","href":"https:\/\/api.w.org\/{rel}","templated":true}]}}