{"id":6261,"date":"2022-12-31T00:00:49","date_gmt":"2022-12-31T04:00:49","guid":{"rendered":"http:\/\/humanidades.uprrp.edu\/visiondoble\/?page_id=6261"},"modified":"2025-09-10T14:52:04","modified_gmt":"2025-09-10T18:52:04","slug":"diana-lucia","status":"publish","type":"page","link":"https:\/\/humanidades.uprrp.edu\/visiondoble\/diana-lucia\/","title":{"rendered":"Diana Luc\u00eda G\u00f3mez Chac\u00f3n"},"content":{"rendered":"\n<figure class=\"wp-block-image size-medium\"><img loading=\"lazy\" decoding=\"async\" width=\"300\" height=\"287\" src=\"https:\/\/humanidades.uprrp.edu\/visiondoble\/wp-content\/uploads\/2025\/09\/diana-lucia-gomez-300x287.jpeg\" alt=\"\" class=\"wp-image-6656\" srcset=\"https:\/\/humanidades.uprrp.edu\/visiondoble\/wp-content\/uploads\/2025\/09\/diana-lucia-gomez-300x287.jpeg 300w, https:\/\/humanidades.uprrp.edu\/visiondoble\/wp-content\/uploads\/2025\/09\/diana-lucia-gomez-768x734.jpeg 768w, https:\/\/humanidades.uprrp.edu\/visiondoble\/wp-content\/uploads\/2025\/09\/diana-lucia-gomez.jpeg 850w\" sizes=\"auto, (max-width: 300px) 100vw, 300px\" \/><\/figure>\n\n\n\n<div class=\"wp-block-group has-white-color has-text-color has-link-color wp-elements-819dc71402bee24f2f6e3137fad44280\"><div class=\"wp-block-group__inner-container is-layout-constrained wp-block-group-is-layout-constrained\">[spacer height=\u201d20px\u201d]\n<\/div><\/div>\n\n\n\nDoctora en Historia del Arte, en el Departamento de Historia del Arte I (Medieval), por la Universidad Complutense de Madrid (2015), obteniendo el Premio Extraordinario de Doctorado en 2017. Ha realizado estancias de investigaci\u00f3n en The Warburg Institute, en la Universit\u00e0 La Sapienza y en la Universidade do Minho. En diciembre de 2020 se incorpor\u00f3 al Departamento de Historia del Arte como Profesora Ayudante Doctora y desde diciembre de 2023 es Profesora Permanente Laboral.\n\nHa sido investigadora en numerosos proyectos, siendo los m\u00e1s recientes: Los monasterios de la Corona de Castilla en la Baja Edad Media: actitudes y reacciones en un tiempo de problemas y cambios (Universidad de Valladolid); Las Mujeres y las Artes en la Castilla Medieval (siglos XII-XV): Promoci\u00f3n, Recepci\u00f3n y Capacidades de Acci\u00f3n (UNED); Arquitectura e Integraci\u00f3n de las artes en la Edad Media (941377), del Departamento de Historia del Arte de la Universidad Complutense de Madrid, y An\u00e1lisis y Documentaci\u00f3n de Arquitectura, Dise\u00f1o, Moda &#038; Sociedad, de la Universidad Polit\u00e9cnica de Madrid.\n\n","protected":false},"excerpt":{"rendered":"<p>Doctora en Historia del Arte, en el Departamento de Historia del Arte I (Medieval), por la Universidad Complutense de Madrid (2015), obteniendo el Premio Extraordinario de Doctorado en 2017. Ha realizado estancias de investigaci\u00f3n en The Warburg Institute, en la Universit\u00e0 La Sapienza y en la Universidade do Minho. En diciembre de 2020 se incorpor\u00f3 [&#8230;]\n","protected":false},"author":144,"featured_media":0,"parent":0,"menu_order":0,"comment_status":"closed","ping_status":"closed","template":"","meta":{"footnotes":""},"class_list":["post-6261","page","type-page","status-publish","hentry"],"_links":{"self":[{"href":"https:\/\/humanidades.uprrp.edu\/visiondoble\/wp-json\/wp\/v2\/pages\/6261","targetHints":{"allow":["GET"]}}],"collection":[{"href":"https:\/\/humanidades.uprrp.edu\/visiondoble\/wp-json\/wp\/v2\/pages"}],"about":[{"href":"https:\/\/humanidades.uprrp.edu\/visiondoble\/wp-json\/wp\/v2\/types\/page"}],"author":[{"embeddable":true,"href":"https:\/\/humanidades.uprrp.edu\/visiondoble\/wp-json\/wp\/v2\/users\/144"}],"replies":[{"embeddable":true,"href":"https:\/\/humanidades.uprrp.edu\/visiondoble\/wp-json\/wp\/v2\/comments?post=6261"}],"version-history":[{"count":3,"href":"https:\/\/humanidades.uprrp.edu\/visiondoble\/wp-json\/wp\/v2\/pages\/6261\/revisions"}],"predecessor-version":[{"id":6658,"href":"https:\/\/humanidades.uprrp.edu\/visiondoble\/wp-json\/wp\/v2\/pages\/6261\/revisions\/6658"}],"wp:attachment":[{"href":"https:\/\/humanidades.uprrp.edu\/visiondoble\/wp-json\/wp\/v2\/media?parent=6261"}],"curies":[{"name":"wp","href":"https:\/\/api.w.org\/{rel}","templated":true}]}}