{"id":6258,"date":"2022-12-31T00:00:37","date_gmt":"2022-12-31T04:00:37","guid":{"rendered":"http:\/\/humanidades.uprrp.edu\/visiondoble\/?page_id=6258"},"modified":"2023-01-01T13:31:03","modified_gmt":"2023-01-01T17:31:03","slug":"juan-pablo-rojas-bustamante","status":"publish","type":"page","link":"https:\/\/humanidades.uprrp.edu\/visiondoble\/juan-pablo-rojas-bustamante\/","title":{"rendered":"Juan Pablo Rojas Bustamante"},"content":{"rendered":"<p>Doctor en Historia del Arte con Menci\u00f3n Internacional y Sobresaliente Cum Laude por la Universidad de Salamanca. Es Profesor de Historia del Arte en la Facultad de Geograf\u00eda e Historia de la Universidad de Salamanca y t\u00e9cnico especialista del Archivo Hist\u00f3rico de Dominicos de la Provincia de Espa\u00f1a en el convento de San Esteban de Salamanca. Ha presentado sus investigaciones en numerosos congresos y seminarios, y publicado rese\u00f1as y art\u00edculos en revistas y libros especializados. Ha participado como evaluador en el programa VERIFICA en las comisiones human\u00edsticas de la Direcci\u00f3n de Evaluaci\u00f3n y Acreditaci\u00f3n de la Agencia Andaluza del Conocimiento y en varios equipos del programa ACREDITA de la Agencia Nacional de Evaluaci\u00f3n de la Calidad y Acreditaci\u00f3n.<\/p>\n","protected":false},"excerpt":{"rendered":"<p>Doctor en Historia del Arte con Menci\u00f3n Internacional y Sobresaliente Cum Laude por la Universidad de Salamanca. Es Profesor de Historia del Arte en la Facultad de Geograf\u00eda e Historia de la Universidad de Salamanca y t\u00e9cnico especialista del Archivo Hist\u00f3rico de Dominicos de la Provincia de Espa\u00f1a en el convento de San Esteban de [&#8230;]\n","protected":false},"author":145,"featured_media":0,"parent":0,"menu_order":0,"comment_status":"closed","ping_status":"closed","template":"","meta":{"footnotes":""},"class_list":["post-6258","page","type-page","status-publish","hentry"],"_links":{"self":[{"href":"https:\/\/humanidades.uprrp.edu\/visiondoble\/wp-json\/wp\/v2\/pages\/6258","targetHints":{"allow":["GET"]}}],"collection":[{"href":"https:\/\/humanidades.uprrp.edu\/visiondoble\/wp-json\/wp\/v2\/pages"}],"about":[{"href":"https:\/\/humanidades.uprrp.edu\/visiondoble\/wp-json\/wp\/v2\/types\/page"}],"author":[{"embeddable":true,"href":"https:\/\/humanidades.uprrp.edu\/visiondoble\/wp-json\/wp\/v2\/users\/145"}],"replies":[{"embeddable":true,"href":"https:\/\/humanidades.uprrp.edu\/visiondoble\/wp-json\/wp\/v2\/comments?post=6258"}],"version-history":[{"count":3,"href":"https:\/\/humanidades.uprrp.edu\/visiondoble\/wp-json\/wp\/v2\/pages\/6258\/revisions"}],"predecessor-version":[{"id":6266,"href":"https:\/\/humanidades.uprrp.edu\/visiondoble\/wp-json\/wp\/v2\/pages\/6258\/revisions\/6266"}],"wp:attachment":[{"href":"https:\/\/humanidades.uprrp.edu\/visiondoble\/wp-json\/wp\/v2\/media?parent=6258"}],"curies":[{"name":"wp","href":"https:\/\/api.w.org\/{rel}","templated":true}]}}