{"id":6165,"date":"2022-05-09T00:24:29","date_gmt":"2022-05-09T04:24:29","guid":{"rendered":"http:\/\/humanidades.uprrp.edu\/visiondoble\/?page_id=6165"},"modified":"2025-09-11T15:50:08","modified_gmt":"2025-09-11T19:50:08","slug":"yara-i-liceaga","status":"publish","type":"page","link":"https:\/\/humanidades.uprrp.edu\/visiondoble\/yara-i-liceaga\/","title":{"rendered":"Yara I. Liceaga"},"content":{"rendered":"\n<figure class=\"wp-block-image size-full\"><img loading=\"lazy\" decoding=\"async\" width=\"323\" height=\"403\" src=\"https:\/\/humanidades.uprrp.edu\/visiondoble\/wp-content\/uploads\/2025\/09\/yara-liceaga.png\" alt=\"\" class=\"wp-image-6760\" srcset=\"https:\/\/humanidades.uprrp.edu\/visiondoble\/wp-content\/uploads\/2025\/09\/yara-liceaga.png 323w, https:\/\/humanidades.uprrp.edu\/visiondoble\/wp-content\/uploads\/2025\/09\/yara-liceaga-240x300.png 240w\" sizes=\"auto, (max-width: 323px) 100vw, 323px\" \/><\/figure>\n\n\n\n<p style=\"text-align: justify;\"><span style=\"font-size: 110%;\">Curadora y coordinadora de las lecturas multi-disciplinarias y multi-media Poetry Is Busy. Ha colaborado en revistas y peri\u00f3dicos dentro y fuera del archipi\u00e9lago puertorrique\u00f1o, mayormente con literatura, pero tambi\u00e9n ha coqueteado con el periodismo y el campo audiovisual. En mayo 2022 complet\u00f3 una Maestr\u00eda en Administraci\u00f3n y Gesti\u00f3n Cultural en la Universidad de Puerto Rico \u2013 Recinto de R\u00edo Piedras y en la actualidad se desempe\u00f1a como gestora cultural freelance.<\/span><\/p>\n","protected":false},"excerpt":{"rendered":"<p>Curadora y coordinadora de las lecturas multi-disciplinarias y multi-media Poetry Is Busy. Ha colaborado en revistas y peri\u00f3dicos dentro y fuera del archipi\u00e9lago puertorrique\u00f1o, mayormente con literatura, pero tambi\u00e9n ha coqueteado con el periodismo y el campo audiovisual. En mayo 2022 complet\u00f3 una Maestr\u00eda en Administraci\u00f3n y Gesti\u00f3n Cultural en la Universidad de Puerto Rico [&#8230;]\n","protected":false},"author":12,"featured_media":0,"parent":0,"menu_order":0,"comment_status":"closed","ping_status":"closed","template":"","meta":{"footnotes":""},"class_list":["post-6165","page","type-page","status-publish","hentry"],"_links":{"self":[{"href":"https:\/\/humanidades.uprrp.edu\/visiondoble\/wp-json\/wp\/v2\/pages\/6165","targetHints":{"allow":["GET"]}}],"collection":[{"href":"https:\/\/humanidades.uprrp.edu\/visiondoble\/wp-json\/wp\/v2\/pages"}],"about":[{"href":"https:\/\/humanidades.uprrp.edu\/visiondoble\/wp-json\/wp\/v2\/types\/page"}],"author":[{"embeddable":true,"href":"https:\/\/humanidades.uprrp.edu\/visiondoble\/wp-json\/wp\/v2\/users\/12"}],"replies":[{"embeddable":true,"href":"https:\/\/humanidades.uprrp.edu\/visiondoble\/wp-json\/wp\/v2\/comments?post=6165"}],"version-history":[{"count":2,"href":"https:\/\/humanidades.uprrp.edu\/visiondoble\/wp-json\/wp\/v2\/pages\/6165\/revisions"}],"predecessor-version":[{"id":6761,"href":"https:\/\/humanidades.uprrp.edu\/visiondoble\/wp-json\/wp\/v2\/pages\/6165\/revisions\/6761"}],"wp:attachment":[{"href":"https:\/\/humanidades.uprrp.edu\/visiondoble\/wp-json\/wp\/v2\/media?parent=6165"}],"curies":[{"name":"wp","href":"https:\/\/api.w.org\/{rel}","templated":true}]}}