{"id":6163,"date":"2022-05-09T00:23:26","date_gmt":"2022-05-09T04:23:26","guid":{"rendered":"http:\/\/humanidades.uprrp.edu\/visiondoble\/?page_id=6163"},"modified":"2025-09-11T15:47:59","modified_gmt":"2025-09-11T19:47:59","slug":"yasmin-flores","status":"publish","type":"page","link":"https:\/\/humanidades.uprrp.edu\/visiondoble\/yasmin-flores\/","title":{"rendered":"Yasm\u00edn Flores"},"content":{"rendered":"\n<figure class=\"wp-block-image size-medium\"><img loading=\"lazy\" decoding=\"async\" width=\"219\" height=\"300\" src=\"https:\/\/humanidades.uprrp.edu\/visiondoble\/wp-content\/uploads\/2025\/09\/yasmin-flores-219x300.jpg\" alt=\"\" class=\"wp-image-6756\" srcset=\"https:\/\/humanidades.uprrp.edu\/visiondoble\/wp-content\/uploads\/2025\/09\/yasmin-flores-219x300.jpg 219w, https:\/\/humanidades.uprrp.edu\/visiondoble\/wp-content\/uploads\/2025\/09\/yasmin-flores-747x1024.jpg 747w, https:\/\/humanidades.uprrp.edu\/visiondoble\/wp-content\/uploads\/2025\/09\/yasmin-flores-768x1053.jpg 768w, https:\/\/humanidades.uprrp.edu\/visiondoble\/wp-content\/uploads\/2025\/09\/yasmin-flores-1121x1536.jpg 1121w, https:\/\/humanidades.uprrp.edu\/visiondoble\/wp-content\/uploads\/2025\/09\/yasmin-flores.jpg 1494w\" sizes=\"auto, (max-width: 219px) 100vw, 219px\" \/><\/figure>\n\n\n\n<p style=\"text-align: justify;\"><span style=\"font-size: 110%;\">Egresada del Programa de Historia del Arte y de Lenguas Extranjeras de la Universidad de Puerto Rico- Recinto de R\u00edo Piedras. Se gradu\u00f3 con altos honores y recibi\u00f3 el premio Sebasti\u00e1n Garc\u00eda Gonz\u00e1lez y del Seminario de Historia del Arte por su excelencia acad\u00e9mica y compromiso con la disciplina hist\u00f3rico-art\u00edstica. En 2019 obtuvo su MFA in Sequential Art del Savannah College of Art &#038; Design. Trabaj\u00f3 como voluntaria en un Programa de Restauraci\u00f3n del Arte en Bari, Italia, y actualmente se dedica a la ilustraci\u00f3n, ya sea como artista freelance o bajo contrato con varias agencias, entre ellas Plug &#038; Play y DC Comics.<\/span><\/p>\n","protected":false},"excerpt":{"rendered":"<p>Egresada del Programa de Historia del Arte y de Lenguas Extranjeras de la Universidad de Puerto Rico- Recinto de R\u00edo Piedras. Se gradu\u00f3 con altos honores y recibi\u00f3 el premio Sebasti\u00e1n Garc\u00eda Gonz\u00e1lez y del Seminario de Historia del Arte por su excelencia acad\u00e9mica y compromiso con la disciplina hist\u00f3rico-art\u00edstica. En 2019 obtuvo su MFA [&#8230;]\n","protected":false},"author":12,"featured_media":0,"parent":0,"menu_order":0,"comment_status":"closed","ping_status":"closed","template":"","meta":{"footnotes":""},"class_list":["post-6163","page","type-page","status-publish","hentry"],"_links":{"self":[{"href":"https:\/\/humanidades.uprrp.edu\/visiondoble\/wp-json\/wp\/v2\/pages\/6163","targetHints":{"allow":["GET"]}}],"collection":[{"href":"https:\/\/humanidades.uprrp.edu\/visiondoble\/wp-json\/wp\/v2\/pages"}],"about":[{"href":"https:\/\/humanidades.uprrp.edu\/visiondoble\/wp-json\/wp\/v2\/types\/page"}],"author":[{"embeddable":true,"href":"https:\/\/humanidades.uprrp.edu\/visiondoble\/wp-json\/wp\/v2\/users\/12"}],"replies":[{"embeddable":true,"href":"https:\/\/humanidades.uprrp.edu\/visiondoble\/wp-json\/wp\/v2\/comments?post=6163"}],"version-history":[{"count":2,"href":"https:\/\/humanidades.uprrp.edu\/visiondoble\/wp-json\/wp\/v2\/pages\/6163\/revisions"}],"predecessor-version":[{"id":6757,"href":"https:\/\/humanidades.uprrp.edu\/visiondoble\/wp-json\/wp\/v2\/pages\/6163\/revisions\/6757"}],"wp:attachment":[{"href":"https:\/\/humanidades.uprrp.edu\/visiondoble\/wp-json\/wp\/v2\/media?parent=6163"}],"curies":[{"name":"wp","href":"https:\/\/api.w.org\/{rel}","templated":true}]}}