{"id":6158,"date":"2022-05-09T00:20:53","date_gmt":"2022-05-09T04:20:53","guid":{"rendered":"http:\/\/humanidades.uprrp.edu\/visiondoble\/?page_id=6158"},"modified":"2025-09-11T15:46:10","modified_gmt":"2025-09-11T19:46:10","slug":"windy-m-cosme-rosario","status":"publish","type":"page","link":"https:\/\/humanidades.uprrp.edu\/visiondoble\/windy-m-cosme-rosario\/","title":{"rendered":"Windy M. Cosme Rosario"},"content":{"rendered":"\n<p style=\"text-align: justify;\"><span style=\"font-size: 110%;\"><img loading=\"lazy\" decoding=\"async\" class=\"size-thumbnail wp-image-1916 alignleft\" src=\"https:\/\/humanidades.uprrp.edu\/visiondoble\/wp-content\/uploads\/2020\/03\/Windy-150x150.jpg\" alt=\"\" width=\"150\" height=\"150\" \/>Egresada del Programa de Estudios Interdisciplinarios de la Universidad de Puerto Rico (UPR), Recinto de R\u00edo Piedras, donde complet\u00f3 un grado de Bachillerato en Artes con concentraci\u00f3n en Estudios Pre-Jur\u00eddicos y una segunda concentraci\u00f3n en Historia de las Am\u00e9ricas. Cuenta con una Maestr\u00eda en Administraci\u00f3n y Gesti\u00f3n Cultural de la UPRRP y un M\u00e1ster en Museolog\u00eda de la Universidad de Granada, Espa\u00f1a. Adicionalmente, posee un Doctorado en Filosof\u00eda con concentraci\u00f3n en Historia Cultural de la UPRRP. Imparte cursos en el Programa de Estudios Interdisciplinarios y el programa de Maestr\u00eda en Administraci\u00f3n y Gesti\u00f3n Cultural de la UPRRP, y ha coordinado proyectos educativos para el Museo de Arte Contempor\u00e1neo de Puerto Rico y el Instituto de Cultura Puertorrique\u00f1a. Ha obtenido la Beca Doctoral de la UPR, su propuesta de tesis doctoral fue seleccionada por el Museo de la Memoria y los Derechos Humanos de Chile en su Concurso de Tesis para realizar investigaci\u00f3n en el Museo, y ha recibido el Doctoral Student in Latin America Research Grant, otorgado por la Asociaci\u00f3n de Estudios Latinoamericanos (LASA).<\/span><\/p>\n","protected":false},"excerpt":{"rendered":"<p>Egresada del Programa de Estudios Interdisciplinarios de la Universidad de Puerto Rico (UPR), Recinto de R\u00edo Piedras, donde complet\u00f3 un grado de Bachillerato en Artes con concentraci\u00f3n en Estudios Pre-Jur\u00eddicos y una segunda concentraci\u00f3n en Historia de las Am\u00e9ricas. Cuenta con una Maestr\u00eda en Administraci\u00f3n y Gesti\u00f3n Cultural de la UPRRP y un M\u00e1ster en [&#8230;]\n","protected":false},"author":12,"featured_media":0,"parent":0,"menu_order":0,"comment_status":"closed","ping_status":"closed","template":"","meta":{"footnotes":""},"class_list":["post-6158","page","type-page","status-publish","hentry"],"_links":{"self":[{"href":"https:\/\/humanidades.uprrp.edu\/visiondoble\/wp-json\/wp\/v2\/pages\/6158","targetHints":{"allow":["GET"]}}],"collection":[{"href":"https:\/\/humanidades.uprrp.edu\/visiondoble\/wp-json\/wp\/v2\/pages"}],"about":[{"href":"https:\/\/humanidades.uprrp.edu\/visiondoble\/wp-json\/wp\/v2\/types\/page"}],"author":[{"embeddable":true,"href":"https:\/\/humanidades.uprrp.edu\/visiondoble\/wp-json\/wp\/v2\/users\/12"}],"replies":[{"embeddable":true,"href":"https:\/\/humanidades.uprrp.edu\/visiondoble\/wp-json\/wp\/v2\/comments?post=6158"}],"version-history":[{"count":3,"href":"https:\/\/humanidades.uprrp.edu\/visiondoble\/wp-json\/wp\/v2\/pages\/6158\/revisions"}],"predecessor-version":[{"id":6753,"href":"https:\/\/humanidades.uprrp.edu\/visiondoble\/wp-json\/wp\/v2\/pages\/6158\/revisions\/6753"}],"wp:attachment":[{"href":"https:\/\/humanidades.uprrp.edu\/visiondoble\/wp-json\/wp\/v2\/media?parent=6158"}],"curies":[{"name":"wp","href":"https:\/\/api.w.org\/{rel}","templated":true}]}}