{"id":6155,"date":"2022-05-09T00:19:10","date_gmt":"2022-05-09T04:19:10","guid":{"rendered":"http:\/\/humanidades.uprrp.edu\/visiondoble\/?page_id=6155"},"modified":"2025-09-11T15:45:33","modified_gmt":"2025-09-11T19:45:33","slug":"vanessa-hernandez","status":"publish","type":"page","link":"https:\/\/humanidades.uprrp.edu\/visiondoble\/vanessa-hernandez\/","title":{"rendered":"Vanessa Hern\u00e1ndez"},"content":{"rendered":"\n<figure class=\"wp-block-image size-full\"><img loading=\"lazy\" decoding=\"async\" width=\"200\" height=\"200\" src=\"https:\/\/humanidades.uprrp.edu\/visiondoble\/wp-content\/uploads\/2025\/09\/vanessa-hernandez.jpeg\" alt=\"\" class=\"wp-image-6751\" srcset=\"https:\/\/humanidades.uprrp.edu\/visiondoble\/wp-content\/uploads\/2025\/09\/vanessa-hernandez.jpeg 200w, https:\/\/humanidades.uprrp.edu\/visiondoble\/wp-content\/uploads\/2025\/09\/vanessa-hernandez-150x150.jpeg 150w\" sizes=\"auto, (max-width: 200px) 100vw, 200px\" \/><\/figure>\n\n\n\n<p style=\"text-align: justify;\"><span style=\"font-size: 120%;\">Artista multidisciplinaria, curadora y profesora. Obtuvo un BFA en Escultura Magna Cum Laude en la Escuela de Artes Pl\u00e1sticas de Puerto Rico, un Diploma de Estudios Avanzados en la Universidad de Castilla-La Mancha (Cuenca, Espa\u00f1a) y un MFA en Arte P\u00fablico en la Universidad Polit\u00e9cnica de Valencia, Espa\u00f1a. Ha trabajado en proyectos curatoriales en el Museo de Arte Contempor\u00e1neo de Puerto Rico, Galer\u00eda 356, La N\u00f3mada, entre otros. Form\u00f3 parte de una residencia art\u00edstica en el Instituto Superior de Bellas Artes de Besan\u00e7on, Francia. En el pasado fue profesora en la EAP y la Universidad de Puerto Rico en R\u00edo Piedras y actualmente es artista residente en El Lobi.<\/span><\/p>\n","protected":false},"excerpt":{"rendered":"<p>Artista multidisciplinaria, curadora y profesora. Obtuvo un BFA en Escultura Magna Cum Laude en la Escuela de Artes Pl\u00e1sticas de Puerto Rico, un Diploma de Estudios Avanzados en la Universidad de Castilla-La Mancha (Cuenca, Espa\u00f1a) y un MFA en Arte P\u00fablico en la Universidad Polit\u00e9cnica de Valencia, Espa\u00f1a. Ha trabajado en proyectos curatoriales en el [&#8230;]\n","protected":false},"author":12,"featured_media":0,"parent":0,"menu_order":0,"comment_status":"closed","ping_status":"closed","template":"","meta":{"footnotes":""},"class_list":["post-6155","page","type-page","status-publish","hentry"],"_links":{"self":[{"href":"https:\/\/humanidades.uprrp.edu\/visiondoble\/wp-json\/wp\/v2\/pages\/6155","targetHints":{"allow":["GET"]}}],"collection":[{"href":"https:\/\/humanidades.uprrp.edu\/visiondoble\/wp-json\/wp\/v2\/pages"}],"about":[{"href":"https:\/\/humanidades.uprrp.edu\/visiondoble\/wp-json\/wp\/v2\/types\/page"}],"author":[{"embeddable":true,"href":"https:\/\/humanidades.uprrp.edu\/visiondoble\/wp-json\/wp\/v2\/users\/12"}],"replies":[{"embeddable":true,"href":"https:\/\/humanidades.uprrp.edu\/visiondoble\/wp-json\/wp\/v2\/comments?post=6155"}],"version-history":[{"count":2,"href":"https:\/\/humanidades.uprrp.edu\/visiondoble\/wp-json\/wp\/v2\/pages\/6155\/revisions"}],"predecessor-version":[{"id":6752,"href":"https:\/\/humanidades.uprrp.edu\/visiondoble\/wp-json\/wp\/v2\/pages\/6155\/revisions\/6752"}],"wp:attachment":[{"href":"https:\/\/humanidades.uprrp.edu\/visiondoble\/wp-json\/wp\/v2\/media?parent=6155"}],"curies":[{"name":"wp","href":"https:\/\/api.w.org\/{rel}","templated":true}]}}