{"id":6146,"date":"2022-05-09T00:14:35","date_gmt":"2022-05-09T04:14:35","guid":{"rendered":"http:\/\/humanidades.uprrp.edu\/visiondoble\/?page_id=6146"},"modified":"2025-09-11T15:39:43","modified_gmt":"2025-09-11T19:39:43","slug":"s-damary-burgos","status":"publish","type":"page","link":"https:\/\/humanidades.uprrp.edu\/visiondoble\/s-damary-burgos\/","title":{"rendered":"S. Damary Burgos"},"content":{"rendered":"\n<figure class=\"wp-block-image size-medium\"><img loading=\"lazy\" decoding=\"async\" width=\"300\" height=\"245\" src=\"https:\/\/humanidades.uprrp.edu\/visiondoble\/wp-content\/uploads\/2025\/09\/s-damary-burgos-300x245.jpg\" alt=\"\" class=\"wp-image-6742\" srcset=\"https:\/\/humanidades.uprrp.edu\/visiondoble\/wp-content\/uploads\/2025\/09\/s-damary-burgos-300x245.jpg 300w, https:\/\/humanidades.uprrp.edu\/visiondoble\/wp-content\/uploads\/2025\/09\/s-damary-burgos-1024x835.jpg 1024w, https:\/\/humanidades.uprrp.edu\/visiondoble\/wp-content\/uploads\/2025\/09\/s-damary-burgos-768x626.jpg 768w, https:\/\/humanidades.uprrp.edu\/visiondoble\/wp-content\/uploads\/2025\/09\/s-damary-burgos-1536x1253.jpg 1536w, https:\/\/humanidades.uprrp.edu\/visiondoble\/wp-content\/uploads\/2025\/09\/s-damary-burgos.jpg 2000w\" sizes=\"auto, (max-width: 300px) 100vw, 300px\" \/><\/figure>\n\n\n\n<p style=\"text-align: justify;\"><span style=\"font-size: 110%;\">Natural de San Germ\u00e1n y trasplantada en Filadelfia, dirige el Programa de Artistas J\u00f3venes del Taller Puertorrique\u00f1o hasta regresar a su pa\u00eds natal en 1997. Concluye sus estudios de MFA en Pintura de la UIPR en 2004. Becada del ICP (2004), NEA (2006), NEH (2012), trabaja prol\u00edficamente instalaciones itinerantes dentro y fuera de Puerto Rico con su propuesta conceptual Terrazos, inspirada en el desarrollo de nuestra sensibilidad y percepci\u00f3n. Entre sus experiencias, fue artista residente en el Caribbean Museum Center for the Arts St. Croix, USVI (2012), artista invitada en el VI Coloquio de la Diversidad Cultural en el Caribe en La Habana, Cuba (2015) y creadora de la Sala de Emergencia Betancina (2016), MUAC, Caguas. Tambi\u00e9n ha presentado ponencias como Murales en Marcha: artivismo, pertenencia y sanaci\u00f3n a trav\u00e9s del arte en Cura\u00e7ao(2022) y rese\u00f1ada en Puerto Rico museo al aire libre por Marvin Fonseca Barahona(2015). Es madre orgullosa de dos y Catedr\u00e1tica Auxiliar de Bellas Artes de la Pontificia Universidad Cat\u00f3lica de Puerto Rico, donde imparti\u00f3 cursos de Bachillerato y Maestr\u00eda en Artes con especialidad en Pintura y Dibujo.<\/span><\/p>\n","protected":false},"excerpt":{"rendered":"<p>Natural de San Germ\u00e1n y trasplantada en Filadelfia, dirige el Programa de Artistas J\u00f3venes del Taller Puertorrique\u00f1o hasta regresar a su pa\u00eds natal en 1997. Concluye sus estudios de MFA en Pintura de la UIPR en 2004. Becada del ICP (2004), NEA (2006), NEH (2012), trabaja prol\u00edficamente instalaciones itinerantes dentro y fuera de Puerto Rico [&#8230;]\n","protected":false},"author":12,"featured_media":0,"parent":0,"menu_order":0,"comment_status":"closed","ping_status":"closed","template":"","meta":{"footnotes":""},"class_list":["post-6146","page","type-page","status-publish","hentry"],"_links":{"self":[{"href":"https:\/\/humanidades.uprrp.edu\/visiondoble\/wp-json\/wp\/v2\/pages\/6146","targetHints":{"allow":["GET"]}}],"collection":[{"href":"https:\/\/humanidades.uprrp.edu\/visiondoble\/wp-json\/wp\/v2\/pages"}],"about":[{"href":"https:\/\/humanidades.uprrp.edu\/visiondoble\/wp-json\/wp\/v2\/types\/page"}],"author":[{"embeddable":true,"href":"https:\/\/humanidades.uprrp.edu\/visiondoble\/wp-json\/wp\/v2\/users\/12"}],"replies":[{"embeddable":true,"href":"https:\/\/humanidades.uprrp.edu\/visiondoble\/wp-json\/wp\/v2\/comments?post=6146"}],"version-history":[{"count":2,"href":"https:\/\/humanidades.uprrp.edu\/visiondoble\/wp-json\/wp\/v2\/pages\/6146\/revisions"}],"predecessor-version":[{"id":6743,"href":"https:\/\/humanidades.uprrp.edu\/visiondoble\/wp-json\/wp\/v2\/pages\/6146\/revisions\/6743"}],"wp:attachment":[{"href":"https:\/\/humanidades.uprrp.edu\/visiondoble\/wp-json\/wp\/v2\/media?parent=6146"}],"curies":[{"name":"wp","href":"https:\/\/api.w.org\/{rel}","templated":true}]}}