{"id":6141,"date":"2022-05-09T00:11:50","date_gmt":"2022-05-09T04:11:50","guid":{"rendered":"http:\/\/humanidades.uprrp.edu\/visiondoble\/?page_id=6141"},"modified":"2025-09-11T15:38:42","modified_gmt":"2025-09-11T19:38:42","slug":"ralph-vazquez","status":"publish","type":"page","link":"https:\/\/humanidades.uprrp.edu\/visiondoble\/ralph-vazquez\/","title":{"rendered":"Ralph V\u00e1zquez"},"content":{"rendered":"\n<figure class=\"wp-block-image size-medium\"><img loading=\"lazy\" decoding=\"async\" width=\"300\" height=\"300\" src=\"https:\/\/humanidades.uprrp.edu\/visiondoble\/wp-content\/uploads\/2025\/09\/ralph-vazquez-300x300.jpg\" alt=\"\" class=\"wp-image-6740\" srcset=\"https:\/\/humanidades.uprrp.edu\/visiondoble\/wp-content\/uploads\/2025\/09\/ralph-vazquez-300x300.jpg 300w, https:\/\/humanidades.uprrp.edu\/visiondoble\/wp-content\/uploads\/2025\/09\/ralph-vazquez-1024x1024.jpg 1024w, https:\/\/humanidades.uprrp.edu\/visiondoble\/wp-content\/uploads\/2025\/09\/ralph-vazquez-150x150.jpg 150w, https:\/\/humanidades.uprrp.edu\/visiondoble\/wp-content\/uploads\/2025\/09\/ralph-vazquez-768x768.jpg 768w, https:\/\/humanidades.uprrp.edu\/visiondoble\/wp-content\/uploads\/2025\/09\/ralph-vazquez-1536x1536.jpg 1536w, https:\/\/humanidades.uprrp.edu\/visiondoble\/wp-content\/uploads\/2025\/09\/ralph-vazquez.jpg 2048w\" sizes=\"auto, (max-width: 300px) 100vw, 300px\" \/><\/figure>\n\n\n\n<p style=\"text-align: justify;\"><span style=\"font-size: 110%;\">Artista, escritor y curador independiente residente en San Francisco, California. Estudi\u00f3 Biolog\u00eda, Teor\u00eda, e Historia del Arte en el Recinto de R\u00edo Piedras de la Universidad de Puerto Rico. Obtuvo un grado de investigaci\u00f3n interdisciplinaria de Grand Canyon University (Phoenix, AZ) y en 2015 obtuvo una Maestr\u00eda en Pr\u00e1cticas Curatoriales en el California College of the Arts. En 2018 obtuvo un grado en Educaci\u00f3n Secundaria en Historia y Estudios Sociales del San Francisco State University y en la actualidad completa una segunda maestr\u00eda en Ciencias Bibliotecarias y de la Informaci\u00f3n en San Jos\u00e9 State University. Adem\u00e1s, cofund\u00f3 el Peri\u00f3dico Conboca en 2006. Ha sido editor asociado de La Polis (San Juan, PR) y trabaja como agente y asesor del sello Cranium, plataforma de investigaci\u00f3n, producci\u00f3n y dise\u00f1o de exhibiciones, de la que tambi\u00e9n es fundador.<\/span><\/p>\n","protected":false},"excerpt":{"rendered":"<p>Artista, escritor y curador independiente residente en San Francisco, California. Estudi\u00f3 Biolog\u00eda, Teor\u00eda, e Historia del Arte en el Recinto de R\u00edo Piedras de la Universidad de Puerto Rico. Obtuvo un grado de investigaci\u00f3n interdisciplinaria de Grand Canyon University (Phoenix, AZ) y en 2015 obtuvo una Maestr\u00eda en Pr\u00e1cticas Curatoriales en el California College of [&#8230;]\n","protected":false},"author":3,"featured_media":0,"parent":0,"menu_order":0,"comment_status":"closed","ping_status":"closed","template":"","meta":{"footnotes":""},"class_list":["post-6141","page","type-page","status-publish","hentry"],"_links":{"self":[{"href":"https:\/\/humanidades.uprrp.edu\/visiondoble\/wp-json\/wp\/v2\/pages\/6141","targetHints":{"allow":["GET"]}}],"collection":[{"href":"https:\/\/humanidades.uprrp.edu\/visiondoble\/wp-json\/wp\/v2\/pages"}],"about":[{"href":"https:\/\/humanidades.uprrp.edu\/visiondoble\/wp-json\/wp\/v2\/types\/page"}],"author":[{"embeddable":true,"href":"https:\/\/humanidades.uprrp.edu\/visiondoble\/wp-json\/wp\/v2\/users\/3"}],"replies":[{"embeddable":true,"href":"https:\/\/humanidades.uprrp.edu\/visiondoble\/wp-json\/wp\/v2\/comments?post=6141"}],"version-history":[{"count":2,"href":"https:\/\/humanidades.uprrp.edu\/visiondoble\/wp-json\/wp\/v2\/pages\/6141\/revisions"}],"predecessor-version":[{"id":6741,"href":"https:\/\/humanidades.uprrp.edu\/visiondoble\/wp-json\/wp\/v2\/pages\/6141\/revisions\/6741"}],"wp:attachment":[{"href":"https:\/\/humanidades.uprrp.edu\/visiondoble\/wp-json\/wp\/v2\/media?parent=6141"}],"curies":[{"name":"wp","href":"https:\/\/api.w.org\/{rel}","templated":true}]}}