{"id":6137,"date":"2022-05-09T00:09:39","date_gmt":"2022-05-09T04:09:39","guid":{"rendered":"http:\/\/humanidades.uprrp.edu\/visiondoble\/?page_id=6137"},"modified":"2025-09-11T15:37:53","modified_gmt":"2025-09-11T19:37:53","slug":"raquel-torres-arzola","status":"publish","type":"page","link":"https:\/\/humanidades.uprrp.edu\/visiondoble\/raquel-torres-arzola\/","title":{"rendered":"Raquel Torres Arzola"},"content":{"rendered":"\n<figure class=\"wp-block-image size-full\"><img loading=\"lazy\" decoding=\"async\" width=\"200\" height=\"200\" src=\"https:\/\/humanidades.uprrp.edu\/visiondoble\/wp-content\/uploads\/2025\/09\/raquel-torres.jpeg\" alt=\"\" class=\"wp-image-6738\" srcset=\"https:\/\/humanidades.uprrp.edu\/visiondoble\/wp-content\/uploads\/2025\/09\/raquel-torres.jpeg 200w, https:\/\/humanidades.uprrp.edu\/visiondoble\/wp-content\/uploads\/2025\/09\/raquel-torres-150x150.jpeg 150w\" sizes=\"auto, (max-width: 200px) 100vw, 200px\" \/><\/figure>\n\n\n\nArtista y cr\u00edtica de arte. Graduada de una Maestr\u00eda en Bellas Artes del San Francisco Art Institute, posee adem\u00e1s un Bachillerato en Historia de la UPR \u2013 Recinto de Cayey y una Maestr\u00eda en Dise\u00f1o. Su producci\u00f3n art\u00edstica se ha exhibido en espacios institucionales y alternativos en Puerto Rico, Estados Unidos y Espa\u00f1a y ha publicado en espacios acad\u00e9micos dentro y fuera de Puerto Rico. En 2014 fue Curadora Pedag\u00f3gica en la 4ta Trienal Poligr\u00e1fica de San Juan y hasta el 2019 fue profesora en el Departamento de Bellas Artes del Recinto de R\u00edo Piedras de la UPR.\n","protected":false},"excerpt":{"rendered":"<p>Artista y cr\u00edtica de arte. Graduada de una Maestr\u00eda en Bellas Artes del San Francisco Art Institute, posee adem\u00e1s un Bachillerato en Historia de la UPR \u2013 Recinto de Cayey y una Maestr\u00eda en Dise\u00f1o. Su producci\u00f3n art\u00edstica se ha exhibido en espacios institucionales y alternativos en Puerto Rico, Estados Unidos y Espa\u00f1a y ha [&#8230;]\n","protected":false},"author":12,"featured_media":0,"parent":0,"menu_order":0,"comment_status":"closed","ping_status":"closed","template":"","meta":{"footnotes":""},"class_list":["post-6137","page","type-page","status-publish","hentry"],"_links":{"self":[{"href":"https:\/\/humanidades.uprrp.edu\/visiondoble\/wp-json\/wp\/v2\/pages\/6137","targetHints":{"allow":["GET"]}}],"collection":[{"href":"https:\/\/humanidades.uprrp.edu\/visiondoble\/wp-json\/wp\/v2\/pages"}],"about":[{"href":"https:\/\/humanidades.uprrp.edu\/visiondoble\/wp-json\/wp\/v2\/types\/page"}],"author":[{"embeddable":true,"href":"https:\/\/humanidades.uprrp.edu\/visiondoble\/wp-json\/wp\/v2\/users\/12"}],"replies":[{"embeddable":true,"href":"https:\/\/humanidades.uprrp.edu\/visiondoble\/wp-json\/wp\/v2\/comments?post=6137"}],"version-history":[{"count":2,"href":"https:\/\/humanidades.uprrp.edu\/visiondoble\/wp-json\/wp\/v2\/pages\/6137\/revisions"}],"predecessor-version":[{"id":6739,"href":"https:\/\/humanidades.uprrp.edu\/visiondoble\/wp-json\/wp\/v2\/pages\/6137\/revisions\/6739"}],"wp:attachment":[{"href":"https:\/\/humanidades.uprrp.edu\/visiondoble\/wp-json\/wp\/v2\/media?parent=6137"}],"curies":[{"name":"wp","href":"https:\/\/api.w.org\/{rel}","templated":true}]}}