{"id":6135,"date":"2022-05-09T00:07:45","date_gmt":"2022-05-09T04:07:45","guid":{"rendered":"http:\/\/humanidades.uprrp.edu\/visiondoble\/?page_id=6135"},"modified":"2025-09-11T15:37:08","modified_gmt":"2025-09-11T19:37:08","slug":"rosario-romero","status":"publish","type":"page","link":"https:\/\/humanidades.uprrp.edu\/visiondoble\/rosario-romero\/","title":{"rendered":"Rosario Romero"},"content":{"rendered":"\n<p style=\"text-align: justify;\"><span style=\"font-size: 110%;\">Historiadora del Arte por la Universidad Complutense de Madrid. Ha sido bibliotecaria y profesora de arte musulm\u00e1n en el Centro de Estudios Internacionales de la Fundaci\u00f3n Ortega y Gasset, en Toledo (Espa\u00f1a). Fue profesora en la Escuela de Artes Pl\u00e1sticas y Dise\u00f1o de Puerto Rico y en el Programa de Historia del Arte en la Universidad de Puerto Rico, R\u00edo Piedras. Fue colaboradora y editora de la secci\u00f3n de arte de la publicaci\u00f3n 80grados.<\/span><\/p>\n","protected":false},"excerpt":{"rendered":"<p>Historiadora del Arte por la Universidad Complutense de Madrid. Ha sido bibliotecaria y profesora de arte musulm\u00e1n en el Centro de Estudios Internacionales de la Fundaci\u00f3n Ortega y Gasset, en Toledo (Espa\u00f1a). Fue profesora en la Escuela de Artes Pl\u00e1sticas y Dise\u00f1o de Puerto Rico y en el Programa de Historia del Arte en la [&#8230;]\n","protected":false},"author":12,"featured_media":0,"parent":0,"menu_order":0,"comment_status":"closed","ping_status":"closed","template":"","meta":{"footnotes":""},"class_list":["post-6135","page","type-page","status-publish","hentry"],"_links":{"self":[{"href":"https:\/\/humanidades.uprrp.edu\/visiondoble\/wp-json\/wp\/v2\/pages\/6135","targetHints":{"allow":["GET"]}}],"collection":[{"href":"https:\/\/humanidades.uprrp.edu\/visiondoble\/wp-json\/wp\/v2\/pages"}],"about":[{"href":"https:\/\/humanidades.uprrp.edu\/visiondoble\/wp-json\/wp\/v2\/types\/page"}],"author":[{"embeddable":true,"href":"https:\/\/humanidades.uprrp.edu\/visiondoble\/wp-json\/wp\/v2\/users\/12"}],"replies":[{"embeddable":true,"href":"https:\/\/humanidades.uprrp.edu\/visiondoble\/wp-json\/wp\/v2\/comments?post=6135"}],"version-history":[{"count":2,"href":"https:\/\/humanidades.uprrp.edu\/visiondoble\/wp-json\/wp\/v2\/pages\/6135\/revisions"}],"predecessor-version":[{"id":6737,"href":"https:\/\/humanidades.uprrp.edu\/visiondoble\/wp-json\/wp\/v2\/pages\/6135\/revisions\/6737"}],"wp:attachment":[{"href":"https:\/\/humanidades.uprrp.edu\/visiondoble\/wp-json\/wp\/v2\/media?parent=6135"}],"curies":[{"name":"wp","href":"https:\/\/api.w.org\/{rel}","templated":true}]}}