{"id":6132,"date":"2022-05-09T00:06:41","date_gmt":"2022-05-09T04:06:41","guid":{"rendered":"http:\/\/humanidades.uprrp.edu\/visiondoble\/?page_id=6132"},"modified":"2025-09-11T15:36:24","modified_gmt":"2025-09-11T19:36:24","slug":"regner-ramos","status":"publish","type":"page","link":"https:\/\/humanidades.uprrp.edu\/visiondoble\/regner-ramos\/","title":{"rendered":"Regner Ramos"},"content":{"rendered":"\n<figure class=\"wp-block-image size-medium\"><img loading=\"lazy\" decoding=\"async\" width=\"300\" height=\"300\" src=\"https:\/\/humanidades.uprrp.edu\/visiondoble\/wp-content\/uploads\/2025\/09\/regner-300x300.jpg\" alt=\"\" class=\"wp-image-6735\" srcset=\"https:\/\/humanidades.uprrp.edu\/visiondoble\/wp-content\/uploads\/2025\/09\/regner-300x300.jpg 300w, https:\/\/humanidades.uprrp.edu\/visiondoble\/wp-content\/uploads\/2025\/09\/regner-150x150.jpg 150w, https:\/\/humanidades.uprrp.edu\/visiondoble\/wp-content\/uploads\/2025\/09\/regner-768x766.jpg 768w, https:\/\/humanidades.uprrp.edu\/visiondoble\/wp-content\/uploads\/2025\/09\/regner.jpg 960w\" sizes=\"auto, (max-width: 300px) 100vw, 300px\" \/><\/figure>\n\n\n\n<p style=\"text-align: justify;\"><span style=\"font-size: 110%;\">Regner Ramos es Catedr\u00e1tixo Auxiliar en la Escuela de Arquitectura de la Universidad de Puerto Rico, donde ense\u00f1a cursos de dise\u00f1o arquitect\u00f3nico, teor\u00eda del espacio y producci\u00f3n de revistas, y fungi\u00f3 como Editor de la revista informa. Obtuvo su Bachillerato en Dise\u00f1o Ambiental y una Maestr\u00eda en Arquitectura de la UPR, y su Doctorado en Arquitectura del Bartlett School of Architecture (UCL). Su investigaci\u00f3n actual, financiada por los Fondos Institucionales Para la Investigaci\u00f3n, explora c\u00f3mo las tecnolog\u00edas digitales est\u00e1n informando las pr\u00e1cticas espaciales queer en San Juan, mientras crea una memoria cultural y arquitect\u00f3nica de los espacios queer en la ciudad. A ra\u00edz de estas investigaciones ha nacido el programa radial C\u00fcirtopia, que se transmite por Radio Universidad del Recinto de R\u00edo Piedras, adem\u00e1s del libro de narrativa corta del mismo nombre y la antolog\u00eda po\u00e9tica conceptual C\u00fciruba, esta \u00faltima desarrollada junto a la profesora Yolanda Arroyo Pizarro..<\/span><\/p>\n","protected":false},"excerpt":{"rendered":"<p>Regner Ramos es Catedr\u00e1tixo Auxiliar en la Escuela de Arquitectura de la Universidad de Puerto Rico, donde ense\u00f1a cursos de dise\u00f1o arquitect\u00f3nico, teor\u00eda del espacio y producci\u00f3n de revistas, y fungi\u00f3 como Editor de la revista informa. Obtuvo su Bachillerato en Dise\u00f1o Ambiental y una Maestr\u00eda en Arquitectura de la UPR, y su Doctorado en [&#8230;]\n","protected":false},"author":12,"featured_media":0,"parent":0,"menu_order":0,"comment_status":"closed","ping_status":"closed","template":"","meta":{"footnotes":""},"class_list":["post-6132","page","type-page","status-publish","hentry"],"_links":{"self":[{"href":"https:\/\/humanidades.uprrp.edu\/visiondoble\/wp-json\/wp\/v2\/pages\/6132","targetHints":{"allow":["GET"]}}],"collection":[{"href":"https:\/\/humanidades.uprrp.edu\/visiondoble\/wp-json\/wp\/v2\/pages"}],"about":[{"href":"https:\/\/humanidades.uprrp.edu\/visiondoble\/wp-json\/wp\/v2\/types\/page"}],"author":[{"embeddable":true,"href":"https:\/\/humanidades.uprrp.edu\/visiondoble\/wp-json\/wp\/v2\/users\/12"}],"replies":[{"embeddable":true,"href":"https:\/\/humanidades.uprrp.edu\/visiondoble\/wp-json\/wp\/v2\/comments?post=6132"}],"version-history":[{"count":2,"href":"https:\/\/humanidades.uprrp.edu\/visiondoble\/wp-json\/wp\/v2\/pages\/6132\/revisions"}],"predecessor-version":[{"id":6736,"href":"https:\/\/humanidades.uprrp.edu\/visiondoble\/wp-json\/wp\/v2\/pages\/6132\/revisions\/6736"}],"wp:attachment":[{"href":"https:\/\/humanidades.uprrp.edu\/visiondoble\/wp-json\/wp\/v2\/media?parent=6132"}],"curies":[{"name":"wp","href":"https:\/\/api.w.org\/{rel}","templated":true}]}}