{"id":6130,"date":"2022-05-09T00:05:43","date_gmt":"2022-05-09T04:05:43","guid":{"rendered":"http:\/\/humanidades.uprrp.edu\/visiondoble\/?page_id=6130"},"modified":"2022-05-09T00:05:43","modified_gmt":"2022-05-09T04:05:43","slug":"ramon-lopez-colon","status":"publish","type":"page","link":"https:\/\/humanidades.uprrp.edu\/visiondoble\/ramon-lopez-colon\/","title":{"rendered":"Ram\u00f3n L\u00f3pez Col\u00f3n"},"content":{"rendered":"<p><span style=\"font-size: 110%;\">Naci\u00f3 en Mayag\u00fcez en 1972 y se form\u00f3 en Gu\u00e1nica. Graduado con un Bachillerato en Pintura y Artes Gr\u00e1ficas de la Universidad Interamericana en San Germ\u00e1n, obtiene despu\u00e9s un Master in Fine Arts de Tyler School of Art, en 1997. Labor\u00f3 en la Pontificia Universidad Cat\u00f3lica de Puerto Rico en Ponce, donde fue gestor del programa de Maestr\u00eda en Artes con Especialidad en Pintura y Dibujo. Desde 2009 se desempe\u00f1a en el Departamento de Humanidades de la UPR-Recinto Universitario de Mayag\u00fcez, de cuya Secci\u00f3n de Arte es coordinador. Ha exhibido su producci\u00f3n en Puerto Rico, Estados Unidos y Canad\u00e1.<\/span><\/p>\n","protected":false},"excerpt":{"rendered":"<p>Naci\u00f3 en Mayag\u00fcez en 1972 y se form\u00f3 en Gu\u00e1nica. Graduado con un Bachillerato en Pintura y Artes Gr\u00e1ficas de la Universidad Interamericana en San Germ\u00e1n, obtiene despu\u00e9s un Master in Fine Arts de Tyler School of Art, en 1997. Labor\u00f3 en la Pontificia Universidad Cat\u00f3lica de Puerto Rico en Ponce, donde fue gestor del [&#8230;]\n","protected":false},"author":12,"featured_media":0,"parent":0,"menu_order":0,"comment_status":"closed","ping_status":"closed","template":"","meta":{"footnotes":""},"class_list":["post-6130","page","type-page","status-publish","hentry"],"_links":{"self":[{"href":"https:\/\/humanidades.uprrp.edu\/visiondoble\/wp-json\/wp\/v2\/pages\/6130","targetHints":{"allow":["GET"]}}],"collection":[{"href":"https:\/\/humanidades.uprrp.edu\/visiondoble\/wp-json\/wp\/v2\/pages"}],"about":[{"href":"https:\/\/humanidades.uprrp.edu\/visiondoble\/wp-json\/wp\/v2\/types\/page"}],"author":[{"embeddable":true,"href":"https:\/\/humanidades.uprrp.edu\/visiondoble\/wp-json\/wp\/v2\/users\/12"}],"replies":[{"embeddable":true,"href":"https:\/\/humanidades.uprrp.edu\/visiondoble\/wp-json\/wp\/v2\/comments?post=6130"}],"version-history":[{"count":1,"href":"https:\/\/humanidades.uprrp.edu\/visiondoble\/wp-json\/wp\/v2\/pages\/6130\/revisions"}],"predecessor-version":[{"id":6131,"href":"https:\/\/humanidades.uprrp.edu\/visiondoble\/wp-json\/wp\/v2\/pages\/6130\/revisions\/6131"}],"wp:attachment":[{"href":"https:\/\/humanidades.uprrp.edu\/visiondoble\/wp-json\/wp\/v2\/media?parent=6130"}],"curies":[{"name":"wp","href":"https:\/\/api.w.org\/{rel}","templated":true}]}}