{"id":6128,"date":"2022-05-09T00:04:36","date_gmt":"2022-05-09T04:04:36","guid":{"rendered":"http:\/\/humanidades.uprrp.edu\/visiondoble\/?page_id=6128"},"modified":"2022-05-09T00:04:36","modified_gmt":"2022-05-09T04:04:36","slug":"rafael-jackson","status":"publish","type":"page","link":"https:\/\/humanidades.uprrp.edu\/visiondoble\/rafael-jackson\/","title":{"rendered":"Rafael Jackson"},"content":{"rendered":"<p style=\"text-align: justify;\"><span style=\"font-size: 110%;\">Doctor en Historia del Arte por la Universidad Aut\u00f3noma de Madrid (UAM). Durante a\u00f1os ha combinado la docencia con la edici\u00f3n y la traducci\u00f3n de libros y art\u00edculos de arte y arquitectura. En la actualidad es Catedr\u00e1tico del Programa de Historia del Arte de la Facultad de Humanidades, UPR-R\u00edo Piedras. Con anterioridad a ello, fue profesor en el Departamento de Humanidades, UPR-Mayag\u00fcez, y en el Departamento de Historia del Arte de la UAM. Entre sus publicaciones, destaca el libro Picasso y las po\u00e9ticas surrealistas (Alianza Forma), as\u00ed como art\u00edculos enmarcados tanto en la historia del arte occidental como en la cultura visual.<\/span><\/p>\n","protected":false},"excerpt":{"rendered":"<p>Doctor en Historia del Arte por la Universidad Aut\u00f3noma de Madrid (UAM). Durante a\u00f1os ha combinado la docencia con la edici\u00f3n y la traducci\u00f3n de libros y art\u00edculos de arte y arquitectura. En la actualidad es Catedr\u00e1tico del Programa de Historia del Arte de la Facultad de Humanidades, UPR-R\u00edo Piedras. Con anterioridad a ello, fue [&#8230;]\n","protected":false},"author":12,"featured_media":0,"parent":0,"menu_order":0,"comment_status":"closed","ping_status":"closed","template":"","meta":{"footnotes":""},"class_list":["post-6128","page","type-page","status-publish","hentry"],"_links":{"self":[{"href":"https:\/\/humanidades.uprrp.edu\/visiondoble\/wp-json\/wp\/v2\/pages\/6128","targetHints":{"allow":["GET"]}}],"collection":[{"href":"https:\/\/humanidades.uprrp.edu\/visiondoble\/wp-json\/wp\/v2\/pages"}],"about":[{"href":"https:\/\/humanidades.uprrp.edu\/visiondoble\/wp-json\/wp\/v2\/types\/page"}],"author":[{"embeddable":true,"href":"https:\/\/humanidades.uprrp.edu\/visiondoble\/wp-json\/wp\/v2\/users\/12"}],"replies":[{"embeddable":true,"href":"https:\/\/humanidades.uprrp.edu\/visiondoble\/wp-json\/wp\/v2\/comments?post=6128"}],"version-history":[{"count":1,"href":"https:\/\/humanidades.uprrp.edu\/visiondoble\/wp-json\/wp\/v2\/pages\/6128\/revisions"}],"predecessor-version":[{"id":6129,"href":"https:\/\/humanidades.uprrp.edu\/visiondoble\/wp-json\/wp\/v2\/pages\/6128\/revisions\/6129"}],"wp:attachment":[{"href":"https:\/\/humanidades.uprrp.edu\/visiondoble\/wp-json\/wp\/v2\/media?parent=6128"}],"curies":[{"name":"wp","href":"https:\/\/api.w.org\/{rel}","templated":true}]}}