{"id":6115,"date":"2022-05-08T23:56:09","date_gmt":"2022-05-09T03:56:09","guid":{"rendered":"http:\/\/humanidades.uprrp.edu\/visiondoble\/?page_id=6115"},"modified":"2025-09-11T15:33:34","modified_gmt":"2025-09-11T19:33:34","slug":"pablo-perez-dors","status":"publish","type":"page","link":"https:\/\/humanidades.uprrp.edu\/visiondoble\/pablo-perez-dors\/","title":{"rendered":"Pablo P\u00e9rez d\u2019Ors"},"content":{"rendered":"\n<figure class=\"wp-block-image size-full\"><img loading=\"lazy\" decoding=\"async\" width=\"200\" height=\"200\" src=\"https:\/\/humanidades.uprrp.edu\/visiondoble\/wp-content\/uploads\/2025\/09\/s200_pablo.perez_d_ors.jpg\" alt=\"\" class=\"wp-image-6730\" srcset=\"https:\/\/humanidades.uprrp.edu\/visiondoble\/wp-content\/uploads\/2025\/09\/s200_pablo.perez_d_ors.jpg 200w, https:\/\/humanidades.uprrp.edu\/visiondoble\/wp-content\/uploads\/2025\/09\/s200_pablo.perez_d_ors-150x150.jpg 150w\" sizes=\"auto, (max-width: 200px) 100vw, 200px\" \/><\/figure>\n\n\n\n<p style=\"text-align: justify;\"><span style=\"font-size: 110%;\">Curador e historiador del arte. Su trabajo como curador asociado de arte europeo en el Museo de Arte de Ponce incluye exposiciones como Isabel II: Im\u00e1genes del poder entre Espa\u00f1a y Puerto Rico, 1833-1868. Tras estudiar en la Universidad de Oxford y antes de su llegada a Ponce en 2011, fue becado por la fundaci\u00f3n Andrew W. Mellon para trabajar en la Frick Collection, Nueva York, donde cur\u00f3 la exposici\u00f3n The King at War: Vel\u00e1zquez\u2019s Portrait of Philip IV. En la actualidad funge como Director del Museu Fundacion Juan March en Palma (ES).<\/span><\/p>\n","protected":false},"excerpt":{"rendered":"<p>Curador e historiador del arte. Su trabajo como curador asociado de arte europeo en el Museo de Arte de Ponce incluye exposiciones como Isabel II: Im\u00e1genes del poder entre Espa\u00f1a y Puerto Rico, 1833-1868. Tras estudiar en la Universidad de Oxford y antes de su llegada a Ponce en 2011, fue becado por la fundaci\u00f3n [&#8230;]\n","protected":false},"author":12,"featured_media":0,"parent":0,"menu_order":0,"comment_status":"closed","ping_status":"closed","template":"","meta":{"footnotes":""},"class_list":["post-6115","page","type-page","status-publish","hentry"],"_links":{"self":[{"href":"https:\/\/humanidades.uprrp.edu\/visiondoble\/wp-json\/wp\/v2\/pages\/6115","targetHints":{"allow":["GET"]}}],"collection":[{"href":"https:\/\/humanidades.uprrp.edu\/visiondoble\/wp-json\/wp\/v2\/pages"}],"about":[{"href":"https:\/\/humanidades.uprrp.edu\/visiondoble\/wp-json\/wp\/v2\/types\/page"}],"author":[{"embeddable":true,"href":"https:\/\/humanidades.uprrp.edu\/visiondoble\/wp-json\/wp\/v2\/users\/12"}],"replies":[{"embeddable":true,"href":"https:\/\/humanidades.uprrp.edu\/visiondoble\/wp-json\/wp\/v2\/comments?post=6115"}],"version-history":[{"count":2,"href":"https:\/\/humanidades.uprrp.edu\/visiondoble\/wp-json\/wp\/v2\/pages\/6115\/revisions"}],"predecessor-version":[{"id":6731,"href":"https:\/\/humanidades.uprrp.edu\/visiondoble\/wp-json\/wp\/v2\/pages\/6115\/revisions\/6731"}],"wp:attachment":[{"href":"https:\/\/humanidades.uprrp.edu\/visiondoble\/wp-json\/wp\/v2\/media?parent=6115"}],"curies":[{"name":"wp","href":"https:\/\/api.w.org\/{rel}","templated":true}]}}