{"id":6113,"date":"2022-05-08T23:55:09","date_gmt":"2022-05-09T03:55:09","guid":{"rendered":"http:\/\/humanidades.uprrp.edu\/visiondoble\/?page_id=6113"},"modified":"2022-05-09T02:19:21","modified_gmt":"2022-05-09T06:19:21","slug":"paula-maria-arribas","status":"publish","type":"page","link":"https:\/\/humanidades.uprrp.edu\/visiondoble\/paula-maria-arribas\/","title":{"rendered":"Paula Mar\u00eda Arribas"},"content":{"rendered":"<p style=\"text-align: justify;\"><span style=\"font-size: 110%;\"><img loading=\"lazy\" decoding=\"async\" class=\"size-thumbnail wp-image-2498 alignleft\" src=\"https:\/\/humanidades.uprrp.edu\/visiondoble\/wp-content\/uploads\/2020\/09\/Paula-150x150.jpg\" alt=\"\" width=\"150\" height=\"150\" \/>Siempre estudiante de la historia del arte. Graduada del Programa de Historia del Arte de la Universidad de Puerto Rico, Recinto de Rio Piedras, cuenta tambi\u00e9n con el M\u00e1ster en Historia del Arte Contempor\u00e1neo y Cultura Visual de la Universidad Aut\u00f3noma de Madrid. Sus intereses acad\u00e9micos se centran en el cuestionamiento de las estrategias de mercadeo de los museos y en la cr\u00edtica de arte. Su inter\u00e9s en la literatura ha desembocado en la publicaci\u00f3n de un poemario, titulado \u201cFormas de matar una ausencia\u201d, con la Editorial La Impresora.<\/span><\/p>\n","protected":false},"excerpt":{"rendered":"<p>Siempre estudiante de la historia del arte. Graduada del Programa de Historia del Arte de la Universidad de Puerto Rico, Recinto de Rio Piedras, cuenta tambi\u00e9n con el M\u00e1ster en Historia del Arte Contempor\u00e1neo y Cultura Visual de la Universidad Aut\u00f3noma de Madrid. Sus intereses acad\u00e9micos se centran en el cuestionamiento de las estrategias de [&#8230;]\n","protected":false},"author":12,"featured_media":0,"parent":0,"menu_order":0,"comment_status":"closed","ping_status":"closed","template":"","meta":{"footnotes":""},"class_list":["post-6113","page","type-page","status-publish","hentry"],"_links":{"self":[{"href":"https:\/\/humanidades.uprrp.edu\/visiondoble\/wp-json\/wp\/v2\/pages\/6113","targetHints":{"allow":["GET"]}}],"collection":[{"href":"https:\/\/humanidades.uprrp.edu\/visiondoble\/wp-json\/wp\/v2\/pages"}],"about":[{"href":"https:\/\/humanidades.uprrp.edu\/visiondoble\/wp-json\/wp\/v2\/types\/page"}],"author":[{"embeddable":true,"href":"https:\/\/humanidades.uprrp.edu\/visiondoble\/wp-json\/wp\/v2\/users\/12"}],"replies":[{"embeddable":true,"href":"https:\/\/humanidades.uprrp.edu\/visiondoble\/wp-json\/wp\/v2\/comments?post=6113"}],"version-history":[{"count":2,"href":"https:\/\/humanidades.uprrp.edu\/visiondoble\/wp-json\/wp\/v2\/pages\/6113\/revisions"}],"predecessor-version":[{"id":6232,"href":"https:\/\/humanidades.uprrp.edu\/visiondoble\/wp-json\/wp\/v2\/pages\/6113\/revisions\/6232"}],"wp:attachment":[{"href":"https:\/\/humanidades.uprrp.edu\/visiondoble\/wp-json\/wp\/v2\/media?parent=6113"}],"curies":[{"name":"wp","href":"https:\/\/api.w.org\/{rel}","templated":true}]}}