{"id":6108,"date":"2022-05-08T23:52:18","date_gmt":"2022-05-09T03:52:18","guid":{"rendered":"http:\/\/humanidades.uprrp.edu\/visiondoble\/?page_id=6108"},"modified":"2025-09-11T15:31:43","modified_gmt":"2025-09-11T19:31:43","slug":"nora-rodriguez-valles","status":"publish","type":"page","link":"https:\/\/humanidades.uprrp.edu\/visiondoble\/nora-rodriguez-valles\/","title":{"rendered":"Nora Rodr\u00edguez Vall\u00e9s"},"content":{"rendered":"\n<figure class=\"wp-block-image size-full\"><img loading=\"lazy\" decoding=\"async\" width=\"194\" height=\"259\" src=\"https:\/\/humanidades.uprrp.edu\/visiondoble\/wp-content\/uploads\/2025\/09\/nora-rodriguez.jpeg\" alt=\"\" class=\"wp-image-6727\"\/><\/figure>\n\n\n\n<p style=\"text-align: justify;\"><span style=\"font-size: 110%;\">Pintora puertorrique\u00f1a de extensa y reconocida trayectoria, Nora Rodr\u00edguez ha recibido, con honores, un grado de Doctora en Historia por la Universidad de Puerto Rico \u2013 Recinto de R\u00edo Piedras, con la tesis Imaginarios para fomentar el turismo: Puerto Rico 1898-1940. Como artista, ha recibido premios como la Medalla de Oro en la Bienal de pintura de Centroam\u00e9rica y el Caribe, en Santo Domingo. Ha participado en m\u00faltiples exhibiciones colectivas y ha sido protagonista de diversas exhibiciones individuales. Ha recibido becas del Fondo Nacional del Quehacer Cultural; del Instituto de Cultura Puertorrique\u00f1a y de la Fundaci\u00f3n Alfonso Arana. Ha impartido cursos en la Universidad del Sagrado Coraz\u00f3n, Universidad de Puerto Rico, Colegio Universitario de Cayey, la Universidad Interamericana, Escuela de Artes Pl\u00e1sticas, Museo de Arte de Ponce y Casa Candina.<\/span><\/p>\n","protected":false},"excerpt":{"rendered":"<p>Pintora puertorrique\u00f1a de extensa y reconocida trayectoria, Nora Rodr\u00edguez ha recibido, con honores, un grado de Doctora en Historia por la Universidad de Puerto Rico \u2013 Recinto de R\u00edo Piedras, con la tesis Imaginarios para fomentar el turismo: Puerto Rico 1898-1940. Como artista, ha recibido premios como la Medalla de Oro en la Bienal de [&#8230;]\n","protected":false},"author":12,"featured_media":0,"parent":0,"menu_order":0,"comment_status":"closed","ping_status":"closed","template":"","meta":{"footnotes":""},"class_list":["post-6108","page","type-page","status-publish","hentry"],"_links":{"self":[{"href":"https:\/\/humanidades.uprrp.edu\/visiondoble\/wp-json\/wp\/v2\/pages\/6108","targetHints":{"allow":["GET"]}}],"collection":[{"href":"https:\/\/humanidades.uprrp.edu\/visiondoble\/wp-json\/wp\/v2\/pages"}],"about":[{"href":"https:\/\/humanidades.uprrp.edu\/visiondoble\/wp-json\/wp\/v2\/types\/page"}],"author":[{"embeddable":true,"href":"https:\/\/humanidades.uprrp.edu\/visiondoble\/wp-json\/wp\/v2\/users\/12"}],"replies":[{"embeddable":true,"href":"https:\/\/humanidades.uprrp.edu\/visiondoble\/wp-json\/wp\/v2\/comments?post=6108"}],"version-history":[{"count":2,"href":"https:\/\/humanidades.uprrp.edu\/visiondoble\/wp-json\/wp\/v2\/pages\/6108\/revisions"}],"predecessor-version":[{"id":6728,"href":"https:\/\/humanidades.uprrp.edu\/visiondoble\/wp-json\/wp\/v2\/pages\/6108\/revisions\/6728"}],"wp:attachment":[{"href":"https:\/\/humanidades.uprrp.edu\/visiondoble\/wp-json\/wp\/v2\/media?parent=6108"}],"curies":[{"name":"wp","href":"https:\/\/api.w.org\/{rel}","templated":true}]}}