{"id":6106,"date":"2022-05-08T23:51:00","date_gmt":"2022-05-09T03:51:00","guid":{"rendered":"http:\/\/humanidades.uprrp.edu\/visiondoble\/?page_id=6106"},"modified":"2025-09-11T15:30:43","modified_gmt":"2025-09-11T19:30:43","slug":"natalia-viera","status":"publish","type":"page","link":"https:\/\/humanidades.uprrp.edu\/visiondoble\/natalia-viera\/","title":{"rendered":"Natalia Viera"},"content":{"rendered":"\n<img loading=\"lazy\" decoding=\"async\" class=\"size-thumbnail wp-image-1083 alignleft\" src=\"https:\/\/humanidades.uprrp.edu\/visiondoble\/wp-content\/uploads\/2019\/09\/Natalia-Viera-150x150.jpg\" alt=\"\" width=\"150\" height=\"150\" srcset=\"https:\/\/humanidades.uprrp.edu\/visiondoble\/wp-content\/uploads\/2019\/09\/Natalia-Viera-150x150.jpg 150w, https:\/\/humanidades.uprrp.edu\/visiondoble\/wp-content\/uploads\/2019\/09\/Natalia-Viera-300x300.jpg 300w, https:\/\/humanidades.uprrp.edu\/visiondoble\/wp-content\/uploads\/2019\/09\/Natalia-Viera-768x768.jpg 768w, https:\/\/humanidades.uprrp.edu\/visiondoble\/wp-content\/uploads\/2019\/09\/Natalia-Viera-1024x1024.jpg 1024w, https:\/\/humanidades.uprrp.edu\/visiondoble\/wp-content\/uploads\/2019\/09\/Natalia-Viera-600x600.jpg 600w, https:\/\/humanidades.uprrp.edu\/visiondoble\/wp-content\/uploads\/2019\/09\/Natalia-Viera-580x580.jpg 580w\" sizes=\"auto, (max-width: 150px) 100vw, 150px\" \/>\n<p style=\"text-align: justify;\"><span style=\"font-size: 110%;\">Natalia Viera Salgado es curadora independiente y consultora curatorial puertorrique\u00f1a con sede en la ciudad de Nueva York. Viera tiene una maestr\u00eda en Pr\u00e1cticas Curatoriales de The School of Visual Arts en Nueva York y en el 2018 co-fund\u00f3 con Na\u00edma Rodr\u00edguez y Leslie Cofres\u00ed  :P\u00fablica Espacio Cultural, un espacio de arte independiente en Santurce, Puerto Rico. Viera ha trabajado en varias instituciones como Art in General, el S\u00f3crates Sculpture Park, El Museo del Barrio y la Fundaci\u00f3n Nathan Cummings. Junto a Iberia P\u00e9rez es la co editora de River Rail Puerto Rico Issue, una publicaci\u00f3n con alrededor de 20 colaboradores que se enfoca en los problemas del sistema de agua potable en Puerto Rico desde una perspectiva decolonial. Actualmente es becaria curatorial en la National Academy of Design y residente curatorial en el Abrons Arts Center bajo el programa \u201cLa Residencia\u201d<\/span><\/p>\n","protected":false},"excerpt":{"rendered":"<p>Natalia Viera Salgado es curadora independiente y consultora curatorial puertorrique\u00f1a con sede en la ciudad de Nueva York. Viera tiene una maestr\u00eda en Pr\u00e1cticas Curatoriales de The School of Visual Arts en Nueva York y en el 2018 co-fund\u00f3 con Na\u00edma Rodr\u00edguez y Leslie Cofres\u00ed :P\u00fablica Espacio Cultural, un espacio de arte independiente en Santurce, [&#8230;]\n","protected":false},"author":12,"featured_media":0,"parent":0,"menu_order":0,"comment_status":"closed","ping_status":"closed","template":"","meta":{"footnotes":""},"class_list":["post-6106","page","type-page","status-publish","hentry"],"_links":{"self":[{"href":"https:\/\/humanidades.uprrp.edu\/visiondoble\/wp-json\/wp\/v2\/pages\/6106","targetHints":{"allow":["GET"]}}],"collection":[{"href":"https:\/\/humanidades.uprrp.edu\/visiondoble\/wp-json\/wp\/v2\/pages"}],"about":[{"href":"https:\/\/humanidades.uprrp.edu\/visiondoble\/wp-json\/wp\/v2\/types\/page"}],"author":[{"embeddable":true,"href":"https:\/\/humanidades.uprrp.edu\/visiondoble\/wp-json\/wp\/v2\/users\/12"}],"replies":[{"embeddable":true,"href":"https:\/\/humanidades.uprrp.edu\/visiondoble\/wp-json\/wp\/v2\/comments?post=6106"}],"version-history":[{"count":4,"href":"https:\/\/humanidades.uprrp.edu\/visiondoble\/wp-json\/wp\/v2\/pages\/6106\/revisions"}],"predecessor-version":[{"id":6726,"href":"https:\/\/humanidades.uprrp.edu\/visiondoble\/wp-json\/wp\/v2\/pages\/6106\/revisions\/6726"}],"wp:attachment":[{"href":"https:\/\/humanidades.uprrp.edu\/visiondoble\/wp-json\/wp\/v2\/media?parent=6106"}],"curies":[{"name":"wp","href":"https:\/\/api.w.org\/{rel}","templated":true}]}}