{"id":6104,"date":"2022-05-08T23:49:59","date_gmt":"2022-05-09T03:49:59","guid":{"rendered":"http:\/\/humanidades.uprrp.edu\/visiondoble\/?page_id=6104"},"modified":"2022-05-09T02:11:41","modified_gmt":"2022-05-09T06:11:41","slug":"natalia-guzman","status":"publish","type":"page","link":"https:\/\/humanidades.uprrp.edu\/visiondoble\/natalia-guzman\/","title":{"rendered":"Natalia Guzm\u00e1n"},"content":{"rendered":"<p style=\"text-align: justify;\"><span style=\"font-size: 110%;\"><img loading=\"lazy\" decoding=\"async\" class=\"size-thumbnail wp-image-2082 alignleft\" src=\"https:\/\/humanidades.uprrp.edu\/visiondoble\/wp-content\/uploads\/2020\/04\/Natalia-e1586352622206-150x150.jpg\" alt=\"\" width=\"150\" height=\"150\" \/>Graduada de la Universidad de Puerto Rico, Recinto de R\u00edo Piedras (UPR), con una doble concentraci\u00f3n en los bachilleratos de Lenguas Modernas e Historia del Arte. Curs\u00f3 sus estudios graduados en la Universidad de Salamanca (Espa\u00f1a), obteniendo una maestr\u00eda en Estudios Avanzados en Historia del Arte (2019). Ha trabajado en el Museo de Salamanca y en la actualidad lo hace para la Compa\u00f1\u00eda de Turismo de Puerto Rico. Su inter\u00e9s se centra en el estudio iconogr\u00e1fico del retrato entre los siglos XVIII al XX, y en esta l\u00ednea, ha presentado sus investigaciones en el Simposio de Historia del Arte, entre otros foros.<\/span><\/p>\n","protected":false},"excerpt":{"rendered":"<p>Graduada de la Universidad de Puerto Rico, Recinto de R\u00edo Piedras (UPR), con una doble concentraci\u00f3n en los bachilleratos de Lenguas Modernas e Historia del Arte. Curs\u00f3 sus estudios graduados en la Universidad de Salamanca (Espa\u00f1a), obteniendo una maestr\u00eda en Estudios Avanzados en Historia del Arte (2019). Ha trabajado en el Museo de Salamanca y [&#8230;]\n","protected":false},"author":12,"featured_media":0,"parent":0,"menu_order":0,"comment_status":"closed","ping_status":"closed","template":"","meta":{"footnotes":""},"class_list":["post-6104","page","type-page","status-publish","hentry"],"_links":{"self":[{"href":"https:\/\/humanidades.uprrp.edu\/visiondoble\/wp-json\/wp\/v2\/pages\/6104","targetHints":{"allow":["GET"]}}],"collection":[{"href":"https:\/\/humanidades.uprrp.edu\/visiondoble\/wp-json\/wp\/v2\/pages"}],"about":[{"href":"https:\/\/humanidades.uprrp.edu\/visiondoble\/wp-json\/wp\/v2\/types\/page"}],"author":[{"embeddable":true,"href":"https:\/\/humanidades.uprrp.edu\/visiondoble\/wp-json\/wp\/v2\/users\/12"}],"replies":[{"embeddable":true,"href":"https:\/\/humanidades.uprrp.edu\/visiondoble\/wp-json\/wp\/v2\/comments?post=6104"}],"version-history":[{"count":2,"href":"https:\/\/humanidades.uprrp.edu\/visiondoble\/wp-json\/wp\/v2\/pages\/6104\/revisions"}],"predecessor-version":[{"id":6226,"href":"https:\/\/humanidades.uprrp.edu\/visiondoble\/wp-json\/wp\/v2\/pages\/6104\/revisions\/6226"}],"wp:attachment":[{"href":"https:\/\/humanidades.uprrp.edu\/visiondoble\/wp-json\/wp\/v2\/media?parent=6104"}],"curies":[{"name":"wp","href":"https:\/\/api.w.org\/{rel}","templated":true}]}}