{"id":6097,"date":"2022-05-08T23:46:31","date_gmt":"2022-05-09T03:46:31","guid":{"rendered":"http:\/\/humanidades.uprrp.edu\/visiondoble\/?page_id=6097"},"modified":"2025-09-11T15:29:16","modified_gmt":"2025-09-11T19:29:16","slug":"marta-jazmin-garcia","status":"publish","type":"page","link":"https:\/\/humanidades.uprrp.edu\/visiondoble\/marta-jazmin-garcia\/","title":{"rendered":"Marta Jazm\u00edn Garc\u00eda"},"content":{"rendered":"\n<figure class=\"wp-block-image size-medium\"><img loading=\"lazy\" decoding=\"async\" width=\"300\" height=\"300\" src=\"https:\/\/humanidades.uprrp.edu\/visiondoble\/wp-content\/uploads\/2025\/09\/marta-j-garcia-300x300.jpg\" alt=\"\" class=\"wp-image-6723\" srcset=\"https:\/\/humanidades.uprrp.edu\/visiondoble\/wp-content\/uploads\/2025\/09\/marta-j-garcia-300x300.jpg 300w, https:\/\/humanidades.uprrp.edu\/visiondoble\/wp-content\/uploads\/2025\/09\/marta-j-garcia-1024x1024.jpg 1024w, https:\/\/humanidades.uprrp.edu\/visiondoble\/wp-content\/uploads\/2025\/09\/marta-j-garcia-150x150.jpg 150w, https:\/\/humanidades.uprrp.edu\/visiondoble\/wp-content\/uploads\/2025\/09\/marta-j-garcia-768x769.jpg 768w, https:\/\/humanidades.uprrp.edu\/visiondoble\/wp-content\/uploads\/2025\/09\/marta-j-garcia.jpg 1279w\" sizes=\"auto, (max-width: 300px) 100vw, 300px\" \/><\/figure>\n\n\n\n<p class=\"has-white-color has-text-color has-link-color wp-elements-274080d2f7dc8709b11fdc3f1911ad86\">[spacer height=\u201d20px\u201d]\n\n\n\n<p style=\"text-align: justify;\"><span style=\"font-size: 110%;\">Egresada de la Universidad de Puerto Rico \u2013 Recinto de Mayag\u00fcez, donde complet\u00f3 un grado de Maestr\u00eda en Estudios Hisp\u00e1nicos, con especialidad en dramaturgia puertorrique\u00f1a y teor\u00eda postfeminista. Adem\u00e1s, posee un doctorado en Filolog\u00eda de la Universidad Complutense de Madrid. Fungi\u00f3 como redactora y presentadora del programa informativo de la oficina de Prensa RUM (2008-2010). Ha sido la organizadora del Simposio de Nueva Literatura Puertorrique\u00f1a (2010), del evento Literatura Infantil como est\u00e9tica de liberaci\u00f3n (2012) y del Festival Internacional de Poes\u00eda de Puerto Rico, en la UPR Ponce (2013). Desde agosto 2012, es profesora del Departamento de Espa\u00f1ol de la Universidad de Puerto Rico en Ponce, y colabora como redactora de textos acad\u00e9micos con Ediciones SM.<\/span><\/p>\n","protected":false},"excerpt":{"rendered":"[spacer height=\u201d20px\u201d] Egresada de la Universidad de Puerto Rico \u2013 Recinto de Mayag\u00fcez, donde complet\u00f3 un grado de Maestr\u00eda en Estudios Hisp\u00e1nicos, con especialidad en dramaturgia puertorrique\u00f1a y teor\u00eda postfeminista. Adem\u00e1s, posee un doctorado en Filolog\u00eda de la Universidad Complutense de Madrid. Fungi\u00f3 como redactora y presentadora del programa informativo de la oficina de Prensa [&#8230;]\n","protected":false},"author":12,"featured_media":0,"parent":0,"menu_order":0,"comment_status":"closed","ping_status":"closed","template":"","meta":{"footnotes":""},"class_list":["post-6097","page","type-page","status-publish","hentry"],"_links":{"self":[{"href":"https:\/\/humanidades.uprrp.edu\/visiondoble\/wp-json\/wp\/v2\/pages\/6097","targetHints":{"allow":["GET"]}}],"collection":[{"href":"https:\/\/humanidades.uprrp.edu\/visiondoble\/wp-json\/wp\/v2\/pages"}],"about":[{"href":"https:\/\/humanidades.uprrp.edu\/visiondoble\/wp-json\/wp\/v2\/types\/page"}],"author":[{"embeddable":true,"href":"https:\/\/humanidades.uprrp.edu\/visiondoble\/wp-json\/wp\/v2\/users\/12"}],"replies":[{"embeddable":true,"href":"https:\/\/humanidades.uprrp.edu\/visiondoble\/wp-json\/wp\/v2\/comments?post=6097"}],"version-history":[{"count":2,"href":"https:\/\/humanidades.uprrp.edu\/visiondoble\/wp-json\/wp\/v2\/pages\/6097\/revisions"}],"predecessor-version":[{"id":6724,"href":"https:\/\/humanidades.uprrp.edu\/visiondoble\/wp-json\/wp\/v2\/pages\/6097\/revisions\/6724"}],"wp:attachment":[{"href":"https:\/\/humanidades.uprrp.edu\/visiondoble\/wp-json\/wp\/v2\/media?parent=6097"}],"curies":[{"name":"wp","href":"https:\/\/api.w.org\/{rel}","templated":true}]}}