{"id":6095,"date":"2022-05-08T23:45:25","date_gmt":"2022-05-09T03:45:25","guid":{"rendered":"http:\/\/humanidades.uprrp.edu\/visiondoble\/?page_id=6095"},"modified":"2025-09-11T15:23:05","modified_gmt":"2025-09-11T19:23:05","slug":"mercedes-trelles","status":"publish","type":"page","link":"https:\/\/humanidades.uprrp.edu\/visiondoble\/mercedes-trelles\/","title":{"rendered":"Mercedes Trelles"},"content":{"rendered":"\n<p style=\"text-align: justify;\"><span style=\"font-size: 110%;\"><img loading=\"lazy\" decoding=\"async\" class=\"size-thumbnail wp-image-2589 alignleft\" src=\"https:\/\/humanidades.uprrp.edu\/visiondoble\/wp-content\/uploads\/2020\/10\/Trelles-150x150.jpg\" alt=\"\" width=\"150\" height=\"150\" srcset=\"https:\/\/humanidades.uprrp.edu\/visiondoble\/wp-content\/uploads\/2020\/10\/Trelles-150x150.jpg 150w, https:\/\/humanidades.uprrp.edu\/visiondoble\/wp-content\/uploads\/2020\/10\/Trelles-300x300.jpg 300w, https:\/\/humanidades.uprrp.edu\/visiondoble\/wp-content\/uploads\/2020\/10\/Trelles-768x768.jpg 768w, https:\/\/humanidades.uprrp.edu\/visiondoble\/wp-content\/uploads\/2020\/10\/Trelles-1024x1024.jpg 1024w\" sizes=\"auto, (max-width: 150px) 100vw, 150px\" \/>Recibi\u00f3 su doctorado del Programa Graduado de Historia del Arte y Arquitectura de la Universidad de Harvard en el 2002. Fue curadora de la colecci\u00f3n del Museo de Arte de Puerto Rico del 2000 al 2003 y ha trabajado como cr\u00edtico de arte, curadora independiente y consultora, lo que le ha permitido colaborar con instituciones como el Instituto de Cultura Puertorrique\u00f1a, el Tate Modern y el Whitney Museum of American Art. Es profesora en la Universidad de Puerto Rico \u2013 Recinto de R\u00edo Piedras. Sus \u00e1reas de estudio son el arte moderno y contempor\u00e1neo del Caribe y Am\u00e9rica Latina.<\/span><\/p>\n","protected":false},"excerpt":{"rendered":"<p>Recibi\u00f3 su doctorado del Programa Graduado de Historia del Arte y Arquitectura de la Universidad de Harvard en el 2002. Fue curadora de la colecci\u00f3n del Museo de Arte de Puerto Rico del 2000 al 2003 y ha trabajado como cr\u00edtico de arte, curadora independiente y consultora, lo que le ha permitido colaborar con instituciones [&#8230;]\n","protected":false},"author":12,"featured_media":0,"parent":0,"menu_order":0,"comment_status":"closed","ping_status":"closed","template":"","meta":{"footnotes":""},"class_list":["post-6095","page","type-page","status-publish","hentry"],"_links":{"self":[{"href":"https:\/\/humanidades.uprrp.edu\/visiondoble\/wp-json\/wp\/v2\/pages\/6095","targetHints":{"allow":["GET"]}}],"collection":[{"href":"https:\/\/humanidades.uprrp.edu\/visiondoble\/wp-json\/wp\/v2\/pages"}],"about":[{"href":"https:\/\/humanidades.uprrp.edu\/visiondoble\/wp-json\/wp\/v2\/types\/page"}],"author":[{"embeddable":true,"href":"https:\/\/humanidades.uprrp.edu\/visiondoble\/wp-json\/wp\/v2\/users\/12"}],"replies":[{"embeddable":true,"href":"https:\/\/humanidades.uprrp.edu\/visiondoble\/wp-json\/wp\/v2\/comments?post=6095"}],"version-history":[{"count":3,"href":"https:\/\/humanidades.uprrp.edu\/visiondoble\/wp-json\/wp\/v2\/pages\/6095\/revisions"}],"predecessor-version":[{"id":6565,"href":"https:\/\/humanidades.uprrp.edu\/visiondoble\/wp-json\/wp\/v2\/pages\/6095\/revisions\/6565"}],"wp:attachment":[{"href":"https:\/\/humanidades.uprrp.edu\/visiondoble\/wp-json\/wp\/v2\/media?parent=6095"}],"curies":[{"name":"wp","href":"https:\/\/api.w.org\/{rel}","templated":true}]}}