{"id":6093,"date":"2022-05-08T23:44:24","date_gmt":"2022-05-09T03:44:24","guid":{"rendered":"http:\/\/humanidades.uprrp.edu\/visiondoble\/?page_id=6093"},"modified":"2025-09-11T15:22:28","modified_gmt":"2025-09-11T19:22:28","slug":"melisa-m-ramos-borges","status":"publish","type":"page","link":"https:\/\/humanidades.uprrp.edu\/visiondoble\/melisa-m-ramos-borges\/","title":{"rendered":"Melissa M. Ramos Borges"},"content":{"rendered":"\n<p style=\"text-align: justify;\"><span style=\"font-size: 110%;\"><img loading=\"lazy\" decoding=\"async\" class=\"size-thumbnail wp-image-4910 alignleft\" src=\"https:\/\/humanidades.uprrp.edu\/visiondoble\/wp-content\/uploads\/2021\/04\/melissa-150x150.jpg\" alt=\"\" width=\"150\" height=\"150\" \/>Historiadora del arte con predilecci\u00f3n por la revisi\u00f3n y descolonizaci\u00f3n de la disciplina. Obtuvo su doctorado del Programa de Estudios Art\u00edsticos, Literarios y Culturales con especialidad en Historia del Arte de la Universidad Aut\u00f3noma de Madrid (2020), donde present\u00f3 el primer estudio comprensivo del arte de vanguardia producido entre 1960-1980 en Puerto Rico. Es Catedr\u00e1tica Auxiliar en la Universidad de Puerto Rico, Recinto de R\u00edo Piedras. Adem\u00e1s, es investigadora y curadora independiente que ha publicado y presentado sus proyectos en plataformas locales e internacionales.<\/span><\/p>\n","protected":false},"excerpt":{"rendered":"<p>Historiadora del arte con predilecci\u00f3n por la revisi\u00f3n y descolonizaci\u00f3n de la disciplina. Obtuvo su doctorado del Programa de Estudios Art\u00edsticos, Literarios y Culturales con especialidad en Historia del Arte de la Universidad Aut\u00f3noma de Madrid (2020), donde present\u00f3 el primer estudio comprensivo del arte de vanguardia producido entre 1960-1980 en Puerto Rico. Es Catedr\u00e1tica [&#8230;]\n","protected":false},"author":12,"featured_media":0,"parent":0,"menu_order":0,"comment_status":"closed","ping_status":"closed","template":"","meta":{"footnotes":""},"class_list":["post-6093","page","type-page","status-publish","hentry"],"_links":{"self":[{"href":"https:\/\/humanidades.uprrp.edu\/visiondoble\/wp-json\/wp\/v2\/pages\/6093","targetHints":{"allow":["GET"]}}],"collection":[{"href":"https:\/\/humanidades.uprrp.edu\/visiondoble\/wp-json\/wp\/v2\/pages"}],"about":[{"href":"https:\/\/humanidades.uprrp.edu\/visiondoble\/wp-json\/wp\/v2\/types\/page"}],"author":[{"embeddable":true,"href":"https:\/\/humanidades.uprrp.edu\/visiondoble\/wp-json\/wp\/v2\/users\/12"}],"replies":[{"embeddable":true,"href":"https:\/\/humanidades.uprrp.edu\/visiondoble\/wp-json\/wp\/v2\/comments?post=6093"}],"version-history":[{"count":4,"href":"https:\/\/humanidades.uprrp.edu\/visiondoble\/wp-json\/wp\/v2\/pages\/6093\/revisions"}],"predecessor-version":[{"id":6717,"href":"https:\/\/humanidades.uprrp.edu\/visiondoble\/wp-json\/wp\/v2\/pages\/6093\/revisions\/6717"}],"wp:attachment":[{"href":"https:\/\/humanidades.uprrp.edu\/visiondoble\/wp-json\/wp\/v2\/media?parent=6093"}],"curies":[{"name":"wp","href":"https:\/\/api.w.org\/{rel}","templated":true}]}}