{"id":6091,"date":"2022-05-08T23:43:21","date_gmt":"2022-05-09T03:43:21","guid":{"rendered":"http:\/\/humanidades.uprrp.edu\/visiondoble\/?page_id=6091"},"modified":"2022-05-08T23:43:21","modified_gmt":"2022-05-09T03:43:21","slug":"maria-m-carrion","status":"publish","type":"page","link":"https:\/\/humanidades.uprrp.edu\/visiondoble\/maria-m-carrion\/","title":{"rendered":"Mar\u00eda M. Carri\u00f3n"},"content":{"rendered":"<p style=\"text-align: justify;\"><span style=\"font-size: 110%;\">Doctora en literatura por la Universidad de Yale, tiene tambi\u00e9n un Bachillerato en Historia del Arte de la UPR-Recinto de R\u00edo Piedras y una Maestr\u00eda en Educaci\u00f3n del Arte de la Universidad de Tennessee, Knoxville. Catedr\u00e1tica en la Universidad Columbia, la Universidad de Emory y la UPRRP, donde tambi\u00e9n fue Decana de Estudios Graduados en la Facultad de Humanidades. Publica e imparte seminarios sobre la historia cultural de Espa\u00f1a en la modernidad temprana, as\u00ed como de Puerto Rico y Cuba en \u00e9poca contempor\u00e1nea. Ha publicado dos libros\u2014Arquitectura y cuerpo en la figura autorial de Teresa de Jes\u00fas (Barcelona: Anthropos, 1994) y Subject Stages. Marriage, Theater, and the Law in Early Modern Spain (Toronto: Toronto UP, 2010)\u2014, as\u00ed como un centenar de ensayos en actas, manuales y revistas arbitradas tales como MLN, Medieval Encounters, BCom, La Cor\u00f3nica, Sargasso y Literature Film Quarterly, entre otros.<\/span><\/p>\n","protected":false},"excerpt":{"rendered":"<p>Doctora en literatura por la Universidad de Yale, tiene tambi\u00e9n un Bachillerato en Historia del Arte de la UPR-Recinto de R\u00edo Piedras y una Maestr\u00eda en Educaci\u00f3n del Arte de la Universidad de Tennessee, Knoxville. Catedr\u00e1tica en la Universidad Columbia, la Universidad de Emory y la UPRRP, donde tambi\u00e9n fue Decana de Estudios Graduados en [&#8230;]\n","protected":false},"author":12,"featured_media":0,"parent":0,"menu_order":0,"comment_status":"closed","ping_status":"closed","template":"","meta":{"footnotes":""},"class_list":["post-6091","page","type-page","status-publish","hentry"],"_links":{"self":[{"href":"https:\/\/humanidades.uprrp.edu\/visiondoble\/wp-json\/wp\/v2\/pages\/6091","targetHints":{"allow":["GET"]}}],"collection":[{"href":"https:\/\/humanidades.uprrp.edu\/visiondoble\/wp-json\/wp\/v2\/pages"}],"about":[{"href":"https:\/\/humanidades.uprrp.edu\/visiondoble\/wp-json\/wp\/v2\/types\/page"}],"author":[{"embeddable":true,"href":"https:\/\/humanidades.uprrp.edu\/visiondoble\/wp-json\/wp\/v2\/users\/12"}],"replies":[{"embeddable":true,"href":"https:\/\/humanidades.uprrp.edu\/visiondoble\/wp-json\/wp\/v2\/comments?post=6091"}],"version-history":[{"count":1,"href":"https:\/\/humanidades.uprrp.edu\/visiondoble\/wp-json\/wp\/v2\/pages\/6091\/revisions"}],"predecessor-version":[{"id":6092,"href":"https:\/\/humanidades.uprrp.edu\/visiondoble\/wp-json\/wp\/v2\/pages\/6091\/revisions\/6092"}],"wp:attachment":[{"href":"https:\/\/humanidades.uprrp.edu\/visiondoble\/wp-json\/wp\/v2\/media?parent=6091"}],"curies":[{"name":"wp","href":"https:\/\/api.w.org\/{rel}","templated":true}]}}