{"id":6088,"date":"2022-05-08T23:41:48","date_gmt":"2022-05-09T03:41:48","guid":{"rendered":"http:\/\/humanidades.uprrp.edu\/visiondoble\/?page_id=6088"},"modified":"2022-05-08T23:41:48","modified_gmt":"2022-05-09T03:41:48","slug":"marimer-gomez","status":"publish","type":"page","link":"https:\/\/humanidades.uprrp.edu\/visiondoble\/marimer-gomez\/","title":{"rendered":"Marimer G\u00f3mez"},"content":{"rendered":"<p style=\"text-align: justify;\"><span style=\"font-size: 110%;\">Graduada con un Bachillerato en Artes Pl\u00e1sticas y otro en Teor\u00eda del Arte, de la Universidad de Puerto Rico \u2013 Recinto de Mayag\u00fcez, ha cursado tambi\u00e9n estudios en la Escuela de Derecho en la UPR &#8211; Recinto de R\u00edo Piedras. Ha trabajado en el proyecto de la Agenda Cultural de la UPRM, gestionando eventos art\u00edsticos y colaborando en montaje de exhibiciones de arte. Su producci\u00f3n art\u00edstica se ha exhibido en varias exposiciones colectivas en el \u00e1rea oeste de la Isla, ha impartido talleres de arte a j\u00f3venes de comunidades especiales para el Centro Universitario para el Acceso del RUM y ha trabajado como coordinadora en eltaller.de. Desde 2009 ha colaborado en el programa educativo del Museo de Arte Contempor\u00e1neo de Puerto Rico.<\/span><\/p>\n","protected":false},"excerpt":{"rendered":"<p>Graduada con un Bachillerato en Artes Pl\u00e1sticas y otro en Teor\u00eda del Arte, de la Universidad de Puerto Rico \u2013 Recinto de Mayag\u00fcez, ha cursado tambi\u00e9n estudios en la Escuela de Derecho en la UPR &#8211; Recinto de R\u00edo Piedras. Ha trabajado en el proyecto de la Agenda Cultural de la UPRM, gestionando eventos art\u00edsticos [&#8230;]\n","protected":false},"author":12,"featured_media":0,"parent":0,"menu_order":0,"comment_status":"closed","ping_status":"closed","template":"","meta":{"footnotes":""},"class_list":["post-6088","page","type-page","status-publish","hentry"],"_links":{"self":[{"href":"https:\/\/humanidades.uprrp.edu\/visiondoble\/wp-json\/wp\/v2\/pages\/6088","targetHints":{"allow":["GET"]}}],"collection":[{"href":"https:\/\/humanidades.uprrp.edu\/visiondoble\/wp-json\/wp\/v2\/pages"}],"about":[{"href":"https:\/\/humanidades.uprrp.edu\/visiondoble\/wp-json\/wp\/v2\/types\/page"}],"author":[{"embeddable":true,"href":"https:\/\/humanidades.uprrp.edu\/visiondoble\/wp-json\/wp\/v2\/users\/12"}],"replies":[{"embeddable":true,"href":"https:\/\/humanidades.uprrp.edu\/visiondoble\/wp-json\/wp\/v2\/comments?post=6088"}],"version-history":[{"count":1,"href":"https:\/\/humanidades.uprrp.edu\/visiondoble\/wp-json\/wp\/v2\/pages\/6088\/revisions"}],"predecessor-version":[{"id":6089,"href":"https:\/\/humanidades.uprrp.edu\/visiondoble\/wp-json\/wp\/v2\/pages\/6088\/revisions\/6089"}],"wp:attachment":[{"href":"https:\/\/humanidades.uprrp.edu\/visiondoble\/wp-json\/wp\/v2\/media?parent=6088"}],"curies":[{"name":"wp","href":"https:\/\/api.w.org\/{rel}","templated":true}]}}