{"id":6082,"date":"2022-05-08T23:38:31","date_gmt":"2022-05-09T03:38:31","guid":{"rendered":"http:\/\/humanidades.uprrp.edu\/visiondoble\/?page_id=6082"},"modified":"2025-09-11T15:26:05","modified_gmt":"2025-09-11T19:26:05","slug":"marimar-benitez","status":"publish","type":"page","link":"https:\/\/humanidades.uprrp.edu\/visiondoble\/marimar-benitez\/","title":{"rendered":"Marimar Ben\u00edtez"},"content":{"rendered":"\n<figure class=\"wp-block-image size-medium\"><img loading=\"lazy\" decoding=\"async\" width=\"300\" height=\"202\" src=\"https:\/\/humanidades.uprrp.edu\/visiondoble\/wp-content\/uploads\/2025\/09\/marimar-benitez-300x202.jpg\" alt=\"\" class=\"wp-image-6720\" srcset=\"https:\/\/humanidades.uprrp.edu\/visiondoble\/wp-content\/uploads\/2025\/09\/marimar-benitez-300x202.jpg 300w, https:\/\/humanidades.uprrp.edu\/visiondoble\/wp-content\/uploads\/2025\/09\/marimar-benitez-768x518.jpg 768w, https:\/\/humanidades.uprrp.edu\/visiondoble\/wp-content\/uploads\/2025\/09\/marimar-benitez.jpg 845w\" sizes=\"auto, (max-width: 300px) 100vw, 300px\" \/><\/figure>\n\n\n\n<p class=\"has-white-color has-text-color has-link-color wp-elements-274080d2f7dc8709b11fdc3f1911ad86\">[spacer height=\u201d20px\u201d]\n\n\n\n<p style=\"text-align: justify;\"><span style=\"font-size: 110%;\">Historiadora de arte y Rectora de la Escuela de Artes Pl\u00e1sticas de 1993 a 2011. Fue curadora invitada y registradora del Museo de Arte de Ponce y curadora de las colecciones del Instituto de Cultura Puertorrique\u00f1a. Organiz\u00f3 m\u00e1s de treinta exposiciones, a cuyos cat\u00e1logos incorpor\u00f3 sus ensayos cr\u00edticos. En el pasado ha sido Presidenta de la Asociaci\u00f3n Internacional de Cr\u00edticos de Arte \u2013 Cap\u00edtulo de Puerto Rico. En 2023, lanz\u00f3 su sitio web oficial \u201cMarimar Ben\u00edtez&#8221;. La pl\u00e1stica puertorrique\u00f1a | Testimonios pol\u00e9micos\u201d, en el que se recogen rese\u00f1as, entrevistas y ensayos realizados a lo largo de su carrera.<\/span><\/p>\n","protected":false},"excerpt":{"rendered":"[spacer height=\u201d20px\u201d] Historiadora de arte y Rectora de la Escuela de Artes Pl\u00e1sticas de 1993 a 2011. Fue curadora invitada y registradora del Museo de Arte de Ponce y curadora de las colecciones del Instituto de Cultura Puertorrique\u00f1a. Organiz\u00f3 m\u00e1s de treinta exposiciones, a cuyos cat\u00e1logos incorpor\u00f3 sus ensayos cr\u00edticos. En el pasado ha sido [&#8230;]\n","protected":false},"author":12,"featured_media":0,"parent":0,"menu_order":0,"comment_status":"closed","ping_status":"closed","template":"","meta":{"footnotes":""},"class_list":["post-6082","page","type-page","status-publish","hentry"],"_links":{"self":[{"href":"https:\/\/humanidades.uprrp.edu\/visiondoble\/wp-json\/wp\/v2\/pages\/6082","targetHints":{"allow":["GET"]}}],"collection":[{"href":"https:\/\/humanidades.uprrp.edu\/visiondoble\/wp-json\/wp\/v2\/pages"}],"about":[{"href":"https:\/\/humanidades.uprrp.edu\/visiondoble\/wp-json\/wp\/v2\/types\/page"}],"author":[{"embeddable":true,"href":"https:\/\/humanidades.uprrp.edu\/visiondoble\/wp-json\/wp\/v2\/users\/12"}],"replies":[{"embeddable":true,"href":"https:\/\/humanidades.uprrp.edu\/visiondoble\/wp-json\/wp\/v2\/comments?post=6082"}],"version-history":[{"count":2,"href":"https:\/\/humanidades.uprrp.edu\/visiondoble\/wp-json\/wp\/v2\/pages\/6082\/revisions"}],"predecessor-version":[{"id":6721,"href":"https:\/\/humanidades.uprrp.edu\/visiondoble\/wp-json\/wp\/v2\/pages\/6082\/revisions\/6721"}],"wp:attachment":[{"href":"https:\/\/humanidades.uprrp.edu\/visiondoble\/wp-json\/wp\/v2\/media?parent=6082"}],"curies":[{"name":"wp","href":"https:\/\/api.w.org\/{rel}","templated":true}]}}