{"id":6078,"date":"2022-05-08T23:36:07","date_gmt":"2022-05-09T03:36:07","guid":{"rendered":"http:\/\/humanidades.uprrp.edu\/visiondoble\/?page_id=6078"},"modified":"2025-09-11T15:24:50","modified_gmt":"2025-09-11T19:24:50","slug":"marian-a-perez","status":"publish","type":"page","link":"https:\/\/humanidades.uprrp.edu\/visiondoble\/marian-a-perez\/","title":{"rendered":"Marian A. P\u00e9rez"},"content":{"rendered":"\n<figure class=\"wp-block-image size-medium\"><img loading=\"lazy\" decoding=\"async\" width=\"300\" height=\"300\" src=\"https:\/\/humanidades.uprrp.edu\/visiondoble\/wp-content\/uploads\/2025\/09\/marian-a-perez-300x300.jpeg\" alt=\"\" class=\"wp-image-6718\" srcset=\"https:\/\/humanidades.uprrp.edu\/visiondoble\/wp-content\/uploads\/2025\/09\/marian-a-perez-300x300.jpeg 300w, https:\/\/humanidades.uprrp.edu\/visiondoble\/wp-content\/uploads\/2025\/09\/marian-a-perez-150x150.jpeg 150w, https:\/\/humanidades.uprrp.edu\/visiondoble\/wp-content\/uploads\/2025\/09\/marian-a-perez.jpeg 400w\" sizes=\"auto, (max-width: 300px) 100vw, 300px\" \/><\/figure>\n\n\n\n<p class=\"has-white-color has-text-color has-link-color wp-elements-274080d2f7dc8709b11fdc3f1911ad86\">[spacer height=\u201d20px\u201d]\n\n\n\n<p style=\"text-align: justify;\"><span style=\"font-size: 110%;\">Graduada con un Bachillerato en Biolog\u00eda (2009) y un Bachillerato en Teor\u00eda del Arte (2011) por la Universidad de Puerto Rico \u2013 Recinto de Mayag\u00fcez. En 2020 obtuvo una Maestr\u00eda en Gesti\u00f3n y Administraci\u00f3n Cultural en la UPR- R\u00edo Piedras, concentrando su investigaci\u00f3n en el performance y en los derechos culturales. Su vinculaci\u00f3n al teatro y al performance es constante y ha trabajado en la gesti\u00f3n y en la actuaci\u00f3n para proyectos art\u00edsticos como El ombligo de los Limbos (2008) con TeatrRUM, El Marqu\u00e9s de Sade le teme a la mar (2009), dirigida por Aravind Adyanthaya, y La casa que soy (2011) con Myrna Renoud, entre otras.<\/span><\/p>\n","protected":false},"excerpt":{"rendered":"[spacer height=\u201d20px\u201d] Graduada con un Bachillerato en Biolog\u00eda (2009) y un Bachillerato en Teor\u00eda del Arte (2011) por la Universidad de Puerto Rico \u2013 Recinto de Mayag\u00fcez. En 2020 obtuvo una Maestr\u00eda en Gesti\u00f3n y Administraci\u00f3n Cultural en la UPR- R\u00edo Piedras, concentrando su investigaci\u00f3n en el performance y en los derechos culturales. Su vinculaci\u00f3n [&#8230;]\n","protected":false},"author":12,"featured_media":0,"parent":0,"menu_order":0,"comment_status":"closed","ping_status":"closed","template":"","meta":{"footnotes":""},"class_list":["post-6078","page","type-page","status-publish","hentry"],"_links":{"self":[{"href":"https:\/\/humanidades.uprrp.edu\/visiondoble\/wp-json\/wp\/v2\/pages\/6078","targetHints":{"allow":["GET"]}}],"collection":[{"href":"https:\/\/humanidades.uprrp.edu\/visiondoble\/wp-json\/wp\/v2\/pages"}],"about":[{"href":"https:\/\/humanidades.uprrp.edu\/visiondoble\/wp-json\/wp\/v2\/types\/page"}],"author":[{"embeddable":true,"href":"https:\/\/humanidades.uprrp.edu\/visiondoble\/wp-json\/wp\/v2\/users\/12"}],"replies":[{"embeddable":true,"href":"https:\/\/humanidades.uprrp.edu\/visiondoble\/wp-json\/wp\/v2\/comments?post=6078"}],"version-history":[{"count":2,"href":"https:\/\/humanidades.uprrp.edu\/visiondoble\/wp-json\/wp\/v2\/pages\/6078\/revisions"}],"predecessor-version":[{"id":6719,"href":"https:\/\/humanidades.uprrp.edu\/visiondoble\/wp-json\/wp\/v2\/pages\/6078\/revisions\/6719"}],"wp:attachment":[{"href":"https:\/\/humanidades.uprrp.edu\/visiondoble\/wp-json\/wp\/v2\/media?parent=6078"}],"curies":[{"name":"wp","href":"https:\/\/api.w.org\/{rel}","templated":true}]}}