{"id":6075,"date":"2022-05-08T23:34:35","date_gmt":"2022-05-09T03:34:35","guid":{"rendered":"http:\/\/humanidades.uprrp.edu\/visiondoble\/?page_id=6075"},"modified":"2022-05-08T23:34:35","modified_gmt":"2022-05-09T03:34:35","slug":"laura-tiscar-garcia","status":"publish","type":"page","link":"https:\/\/humanidades.uprrp.edu\/visiondoble\/laura-tiscar-garcia\/","title":{"rendered":"Laura T\u00edscar Garc\u00eda"},"content":{"rendered":"<p style=\"text-align: justify;\"><span style=\"font-size: 110%;\">Graduada en Bellas Artes por la Universidad Complutense de Madrid y de la Maestr\u00eda en Gesti\u00f3n y Administraci\u00f3n Cultural del Recinto de R\u00edo Piedras de la Universidad de Puerto Rico. Ha sido seleccionada para formar parte de la C\u00e1tedra Francisco de Goya de 2012 y del Curso Superior de Pintura de Paisaje en Albarrac\u00edn por la UCM, durante los a\u00f1os 2012 y 2013. Ha exhibido su obra en el C\u00edrculo de Bellas Artes de Madrid y en la Facultad de Bellas Artes de la UCM.<\/span><\/p>\n","protected":false},"excerpt":{"rendered":"<p>Graduada en Bellas Artes por la Universidad Complutense de Madrid y de la Maestr\u00eda en Gesti\u00f3n y Administraci\u00f3n Cultural del Recinto de R\u00edo Piedras de la Universidad de Puerto Rico. Ha sido seleccionada para formar parte de la C\u00e1tedra Francisco de Goya de 2012 y del Curso Superior de Pintura de Paisaje en Albarrac\u00edn por [&#8230;]\n","protected":false},"author":12,"featured_media":0,"parent":0,"menu_order":0,"comment_status":"closed","ping_status":"closed","template":"","meta":{"footnotes":""},"class_list":["post-6075","page","type-page","status-publish","hentry"],"_links":{"self":[{"href":"https:\/\/humanidades.uprrp.edu\/visiondoble\/wp-json\/wp\/v2\/pages\/6075","targetHints":{"allow":["GET"]}}],"collection":[{"href":"https:\/\/humanidades.uprrp.edu\/visiondoble\/wp-json\/wp\/v2\/pages"}],"about":[{"href":"https:\/\/humanidades.uprrp.edu\/visiondoble\/wp-json\/wp\/v2\/types\/page"}],"author":[{"embeddable":true,"href":"https:\/\/humanidades.uprrp.edu\/visiondoble\/wp-json\/wp\/v2\/users\/12"}],"replies":[{"embeddable":true,"href":"https:\/\/humanidades.uprrp.edu\/visiondoble\/wp-json\/wp\/v2\/comments?post=6075"}],"version-history":[{"count":1,"href":"https:\/\/humanidades.uprrp.edu\/visiondoble\/wp-json\/wp\/v2\/pages\/6075\/revisions"}],"predecessor-version":[{"id":6076,"href":"https:\/\/humanidades.uprrp.edu\/visiondoble\/wp-json\/wp\/v2\/pages\/6075\/revisions\/6076"}],"wp:attachment":[{"href":"https:\/\/humanidades.uprrp.edu\/visiondoble\/wp-json\/wp\/v2\/media?parent=6075"}],"curies":[{"name":"wp","href":"https:\/\/api.w.org\/{rel}","templated":true}]}}