{"id":6073,"date":"2022-05-08T23:33:34","date_gmt":"2022-05-09T03:33:34","guid":{"rendered":"http:\/\/humanidades.uprrp.edu\/visiondoble\/?page_id=6073"},"modified":"2022-05-08T23:33:34","modified_gmt":"2022-05-09T03:33:34","slug":"lisamaris-rosado","status":"publish","type":"page","link":"https:\/\/humanidades.uprrp.edu\/visiondoble\/lisamaris-rosado\/","title":{"rendered":"Lisamaris Rosado"},"content":{"rendered":"<p style=\"text-align: justify;\"><span style=\"font-size: 110%;\">Nacida en San Germ\u00e1n, en 2003 ingres\u00f3 en el Programa de Artes Pl\u00e1sticas de la Universidad de Puerto Rico &#8211; Recinto de Mayag\u00fcez, gradu\u00e1ndose con honores y con el Premio Donald Marshall a la mejor estudiante del Departamento de Humanidades de 2008. Ha desarrollado una activa agenda en eventos y exposiciones en el \u00e1rea oeste de Puerto Rico, y cuenta con una amplia experiencia en la educaci\u00f3n de arte a j\u00f3venes. En 2007 trabaja como registradora asistente de la colecci\u00f3n de MuSA (Museo de Arte) y de la UPRM. Lisamaris curs\u00f3 estudios en la Universit\u00e0 per Stranieri en Perugia (Italia) gracias a un programa de intercambio y desarrolla estudios en dise\u00f1o de moda en el Centro Moda con Lisa Thon. Actualmente es parte de la facultad del programa de Dise\u00f1o de Moda Digital de EDP University y del equipo de Compartimento 778.<\/span><\/p>\n","protected":false},"excerpt":{"rendered":"<p>Nacida en San Germ\u00e1n, en 2003 ingres\u00f3 en el Programa de Artes Pl\u00e1sticas de la Universidad de Puerto Rico &#8211; Recinto de Mayag\u00fcez, gradu\u00e1ndose con honores y con el Premio Donald Marshall a la mejor estudiante del Departamento de Humanidades de 2008. Ha desarrollado una activa agenda en eventos y exposiciones en el \u00e1rea oeste [&#8230;]\n","protected":false},"author":12,"featured_media":0,"parent":0,"menu_order":0,"comment_status":"closed","ping_status":"closed","template":"","meta":{"footnotes":""},"class_list":["post-6073","page","type-page","status-publish","hentry"],"_links":{"self":[{"href":"https:\/\/humanidades.uprrp.edu\/visiondoble\/wp-json\/wp\/v2\/pages\/6073","targetHints":{"allow":["GET"]}}],"collection":[{"href":"https:\/\/humanidades.uprrp.edu\/visiondoble\/wp-json\/wp\/v2\/pages"}],"about":[{"href":"https:\/\/humanidades.uprrp.edu\/visiondoble\/wp-json\/wp\/v2\/types\/page"}],"author":[{"embeddable":true,"href":"https:\/\/humanidades.uprrp.edu\/visiondoble\/wp-json\/wp\/v2\/users\/12"}],"replies":[{"embeddable":true,"href":"https:\/\/humanidades.uprrp.edu\/visiondoble\/wp-json\/wp\/v2\/comments?post=6073"}],"version-history":[{"count":1,"href":"https:\/\/humanidades.uprrp.edu\/visiondoble\/wp-json\/wp\/v2\/pages\/6073\/revisions"}],"predecessor-version":[{"id":6074,"href":"https:\/\/humanidades.uprrp.edu\/visiondoble\/wp-json\/wp\/v2\/pages\/6073\/revisions\/6074"}],"wp:attachment":[{"href":"https:\/\/humanidades.uprrp.edu\/visiondoble\/wp-json\/wp\/v2\/media?parent=6073"}],"curies":[{"name":"wp","href":"https:\/\/api.w.org\/{rel}","templated":true}]}}