{"id":6069,"date":"2022-05-08T23:31:19","date_gmt":"2022-05-09T03:31:19","guid":{"rendered":"http:\/\/humanidades.uprrp.edu\/visiondoble\/?page_id=6069"},"modified":"2025-09-11T15:17:39","modified_gmt":"2025-09-11T19:17:39","slug":"lilliana-ramos-collado","status":"publish","type":"page","link":"https:\/\/humanidades.uprrp.edu\/visiondoble\/lilliana-ramos-collado\/","title":{"rendered":"Lilliana Ramos Collado"},"content":{"rendered":"\n<figure class=\"wp-block-image size-medium\"><img loading=\"lazy\" decoding=\"async\" width=\"300\" height=\"282\" src=\"https:\/\/humanidades.uprrp.edu\/visiondoble\/wp-content\/uploads\/2025\/09\/Lilliana-foto-300x282.jpg\" alt=\"\" class=\"wp-image-6713\" srcset=\"https:\/\/humanidades.uprrp.edu\/visiondoble\/wp-content\/uploads\/2025\/09\/Lilliana-foto-300x282.jpg 300w, https:\/\/humanidades.uprrp.edu\/visiondoble\/wp-content\/uploads\/2025\/09\/Lilliana-foto-1024x963.jpg 1024w, https:\/\/humanidades.uprrp.edu\/visiondoble\/wp-content\/uploads\/2025\/09\/Lilliana-foto-768x722.jpg 768w, https:\/\/humanidades.uprrp.edu\/visiondoble\/wp-content\/uploads\/2025\/09\/Lilliana-foto-1536x1445.jpg 1536w, https:\/\/humanidades.uprrp.edu\/visiondoble\/wp-content\/uploads\/2025\/09\/Lilliana-foto.jpg 2048w\" sizes=\"auto, (max-width: 300px) 100vw, 300px\" \/><\/figure>\n\n\n\n<p class=\"has-white-color has-text-color has-link-color wp-elements-274080d2f7dc8709b11fdc3f1911ad86\">[spacer height=\u201d20px\u201d]\n\n\n\n<p style=\"text-align: justify;\"><span style=\"font-size: 110%;\">Ocupa una c\u00e1tedra de teor\u00eda e historia de la arquitectura en la Universidad de Puerto Rico \u2013 Recinto de R\u00edo Piedras, y ha sido curadora del Museo de Arte Contempor\u00e1neo de Puerto Rico y Directora Ejecutiva del Instituto de Cultura Puertorrique\u00f1a. Entre sus publicaciones figuran libros de arte, poemarios, art\u00edculos de comentario cultural, y sobre cr\u00edtica y teor\u00eda literarias, fotograf\u00eda, arte y arquitectura en cat\u00e1logos, libros colectivos, y en revistas generales y profesionales. Dirigi\u00f3 la Editorial del Instituto de Cultura Puertorrique\u00f1a y edit\u00f3 su Revista; adem\u00e1s, fue editora senior de la revista ArtPremium. Produjo el programa radial Los5sentidos en Radio Universidad de Puerto Rico, Recinto de R\u00edo Piedras.<\/span><\/p>\n","protected":false},"excerpt":{"rendered":"[spacer height=\u201d20px\u201d] Ocupa una c\u00e1tedra de teor\u00eda e historia de la arquitectura en la Universidad de Puerto Rico \u2013 Recinto de R\u00edo Piedras, y ha sido curadora del Museo de Arte Contempor\u00e1neo de Puerto Rico y Directora Ejecutiva del Instituto de Cultura Puertorrique\u00f1a. Entre sus publicaciones figuran libros de arte, poemarios, art\u00edculos de comentario cultural, [&#8230;]\n","protected":false},"author":12,"featured_media":0,"parent":0,"menu_order":0,"comment_status":"closed","ping_status":"closed","template":"","meta":{"footnotes":""},"class_list":["post-6069","page","type-page","status-publish","hentry"],"_links":{"self":[{"href":"https:\/\/humanidades.uprrp.edu\/visiondoble\/wp-json\/wp\/v2\/pages\/6069","targetHints":{"allow":["GET"]}}],"collection":[{"href":"https:\/\/humanidades.uprrp.edu\/visiondoble\/wp-json\/wp\/v2\/pages"}],"about":[{"href":"https:\/\/humanidades.uprrp.edu\/visiondoble\/wp-json\/wp\/v2\/types\/page"}],"author":[{"embeddable":true,"href":"https:\/\/humanidades.uprrp.edu\/visiondoble\/wp-json\/wp\/v2\/users\/12"}],"replies":[{"embeddable":true,"href":"https:\/\/humanidades.uprrp.edu\/visiondoble\/wp-json\/wp\/v2\/comments?post=6069"}],"version-history":[{"count":2,"href":"https:\/\/humanidades.uprrp.edu\/visiondoble\/wp-json\/wp\/v2\/pages\/6069\/revisions"}],"predecessor-version":[{"id":6715,"href":"https:\/\/humanidades.uprrp.edu\/visiondoble\/wp-json\/wp\/v2\/pages\/6069\/revisions\/6715"}],"wp:attachment":[{"href":"https:\/\/humanidades.uprrp.edu\/visiondoble\/wp-json\/wp\/v2\/media?parent=6069"}],"curies":[{"name":"wp","href":"https:\/\/api.w.org\/{rel}","templated":true}]}}