{"id":6067,"date":"2022-05-08T23:30:00","date_gmt":"2022-05-09T03:30:00","guid":{"rendered":"http:\/\/humanidades.uprrp.edu\/visiondoble\/?page_id=6067"},"modified":"2022-05-08T23:30:00","modified_gmt":"2022-05-09T03:30:00","slug":"luis-ponce-ruiz","status":"publish","type":"page","link":"https:\/\/humanidades.uprrp.edu\/visiondoble\/luis-ponce-ruiz\/","title":{"rendered":"Luis Ponce Ruiz"},"content":{"rendered":"<p><span style=\"font-size: 110%;\">Puertorrique\u00f1o residente en Lima, donde se desempe\u00f1a como escritor freelance y consultor de empresas de asesor\u00eda legal y gesti\u00f3n p\u00fablica. Estudi\u00f3 Pol\u00edtica Internacional en la Universidad de Georgetown y tiene un Juris Doctor por la Escuela de Derecho de la Universidad de Puerto Rico. En Per\u00fa, junto a la peque\u00f1a pero relevante comunidad de expatriados puertorrique\u00f1os, gestiona la Asociaci\u00f3n Cultural Peruana-Puertorrique\u00f1a, cuya p\u00e1gina de Facebook es Boricuas en Lima.<\/span><\/p>\n","protected":false},"excerpt":{"rendered":"<p>Puertorrique\u00f1o residente en Lima, donde se desempe\u00f1a como escritor freelance y consultor de empresas de asesor\u00eda legal y gesti\u00f3n p\u00fablica. Estudi\u00f3 Pol\u00edtica Internacional en la Universidad de Georgetown y tiene un Juris Doctor por la Escuela de Derecho de la Universidad de Puerto Rico. En Per\u00fa, junto a la peque\u00f1a pero relevante comunidad de expatriados [&#8230;]\n","protected":false},"author":12,"featured_media":0,"parent":0,"menu_order":0,"comment_status":"closed","ping_status":"closed","template":"","meta":{"footnotes":""},"class_list":["post-6067","page","type-page","status-publish","hentry"],"_links":{"self":[{"href":"https:\/\/humanidades.uprrp.edu\/visiondoble\/wp-json\/wp\/v2\/pages\/6067","targetHints":{"allow":["GET"]}}],"collection":[{"href":"https:\/\/humanidades.uprrp.edu\/visiondoble\/wp-json\/wp\/v2\/pages"}],"about":[{"href":"https:\/\/humanidades.uprrp.edu\/visiondoble\/wp-json\/wp\/v2\/types\/page"}],"author":[{"embeddable":true,"href":"https:\/\/humanidades.uprrp.edu\/visiondoble\/wp-json\/wp\/v2\/users\/12"}],"replies":[{"embeddable":true,"href":"https:\/\/humanidades.uprrp.edu\/visiondoble\/wp-json\/wp\/v2\/comments?post=6067"}],"version-history":[{"count":1,"href":"https:\/\/humanidades.uprrp.edu\/visiondoble\/wp-json\/wp\/v2\/pages\/6067\/revisions"}],"predecessor-version":[{"id":6068,"href":"https:\/\/humanidades.uprrp.edu\/visiondoble\/wp-json\/wp\/v2\/pages\/6067\/revisions\/6068"}],"wp:attachment":[{"href":"https:\/\/humanidades.uprrp.edu\/visiondoble\/wp-json\/wp\/v2\/media?parent=6067"}],"curies":[{"name":"wp","href":"https:\/\/api.w.org\/{rel}","templated":true}]}}