{"id":6065,"date":"2022-05-08T23:29:02","date_gmt":"2022-05-09T03:29:02","guid":{"rendered":"http:\/\/humanidades.uprrp.edu\/visiondoble\/?page_id=6065"},"modified":"2022-05-08T23:29:02","modified_gmt":"2022-05-09T03:29:02","slug":"lydia-platon","status":"publish","type":"page","link":"https:\/\/humanidades.uprrp.edu\/visiondoble\/lydia-platon\/","title":{"rendered":"Lydia Plat\u00f3n"},"content":{"rendered":"<p style=\"text-align: justify;\"><span style=\"font-size: 110%;\">Gestora cultural y productora independiente, actriz y profesora, traductora y cr\u00edtica freelance. Dirige La Escuela de Teatro, inc., proyecto educativo teatral para ni\u00f1os y j\u00f3venes con sede en la Universidad del Sagrado Coraz\u00f3n. Obtuvo su doctorado en la Universidad de Puerto Rico en el Departamento de Ingl\u00e9s, sobre performance caribe\u00f1o y su relaci\u00f3n intr\u00ednseca con la danza afro-americana de Katherine Dunham y el cine experimental de Maya Deren. Dicta cursos de producci\u00f3n en las artes esc\u00e9nicas en la Maestr\u00eda de Gesti\u00f3n y Administraci\u00f3n Cultural y cursos de literatura en el Departamento de Literatura Comparada en la UPR y cursos de actuaci\u00f3n y dicci\u00f3n en la USC.<\/span><\/p>\n","protected":false},"excerpt":{"rendered":"<p>Gestora cultural y productora independiente, actriz y profesora, traductora y cr\u00edtica freelance. Dirige La Escuela de Teatro, inc., proyecto educativo teatral para ni\u00f1os y j\u00f3venes con sede en la Universidad del Sagrado Coraz\u00f3n. Obtuvo su doctorado en la Universidad de Puerto Rico en el Departamento de Ingl\u00e9s, sobre performance caribe\u00f1o y su relaci\u00f3n intr\u00ednseca con [&#8230;]\n","protected":false},"author":12,"featured_media":0,"parent":0,"menu_order":0,"comment_status":"closed","ping_status":"closed","template":"","meta":{"footnotes":""},"class_list":["post-6065","page","type-page","status-publish","hentry"],"_links":{"self":[{"href":"https:\/\/humanidades.uprrp.edu\/visiondoble\/wp-json\/wp\/v2\/pages\/6065","targetHints":{"allow":["GET"]}}],"collection":[{"href":"https:\/\/humanidades.uprrp.edu\/visiondoble\/wp-json\/wp\/v2\/pages"}],"about":[{"href":"https:\/\/humanidades.uprrp.edu\/visiondoble\/wp-json\/wp\/v2\/types\/page"}],"author":[{"embeddable":true,"href":"https:\/\/humanidades.uprrp.edu\/visiondoble\/wp-json\/wp\/v2\/users\/12"}],"replies":[{"embeddable":true,"href":"https:\/\/humanidades.uprrp.edu\/visiondoble\/wp-json\/wp\/v2\/comments?post=6065"}],"version-history":[{"count":1,"href":"https:\/\/humanidades.uprrp.edu\/visiondoble\/wp-json\/wp\/v2\/pages\/6065\/revisions"}],"predecessor-version":[{"id":6066,"href":"https:\/\/humanidades.uprrp.edu\/visiondoble\/wp-json\/wp\/v2\/pages\/6065\/revisions\/6066"}],"wp:attachment":[{"href":"https:\/\/humanidades.uprrp.edu\/visiondoble\/wp-json\/wp\/v2\/media?parent=6065"}],"curies":[{"name":"wp","href":"https:\/\/api.w.org\/{rel}","templated":true}]}}