{"id":6055,"date":"2022-05-08T23:22:47","date_gmt":"2022-05-09T03:22:47","guid":{"rendered":"http:\/\/humanidades.uprrp.edu\/visiondoble\/?page_id=6055"},"modified":"2025-09-11T15:16:04","modified_gmt":"2025-09-11T19:16:04","slug":"lisa-blanco","status":"publish","type":"page","link":"https:\/\/humanidades.uprrp.edu\/visiondoble\/lisa-blanco\/","title":{"rendered":"Lisa Blanco"},"content":{"rendered":"\n<figure class=\"wp-block-image size-medium\"><img loading=\"lazy\" decoding=\"async\" width=\"300\" height=\"300\" src=\"https:\/\/humanidades.uprrp.edu\/visiondoble\/wp-content\/uploads\/2025\/09\/lisa-blanco-300x300.jpeg\" alt=\"\" class=\"wp-image-6711\" srcset=\"https:\/\/humanidades.uprrp.edu\/visiondoble\/wp-content\/uploads\/2025\/09\/lisa-blanco-300x300.jpeg 300w, https:\/\/humanidades.uprrp.edu\/visiondoble\/wp-content\/uploads\/2025\/09\/lisa-blanco-150x150.jpeg 150w, https:\/\/humanidades.uprrp.edu\/visiondoble\/wp-content\/uploads\/2025\/09\/lisa-blanco-768x768.jpeg 768w, https:\/\/humanidades.uprrp.edu\/visiondoble\/wp-content\/uploads\/2025\/09\/lisa-blanco.jpeg 800w\" sizes=\"auto, (max-width: 300px) 100vw, 300px\" \/><\/figure>\n\n\n\n<p class=\"has-white-color has-text-color has-link-color wp-elements-274080d2f7dc8709b11fdc3f1911ad86\">[spacer height=\u201d20px\u201d]\n\n\n\n<p style=\"text-align: justify;\"><span style=\"font-size: 110%;\">Posee un Bachillerato en Historia del Arte de la Universidad de Puerto Rico, Recinto de R\u00edo Piedras, as\u00ed como una Maestr\u00eda en Museolog\u00eda de la Universidad Nacional Tres de Febrero en Buenos Aires. Ha trabajado como registradora de varias colecciones de arte (John Balossi, John Betancourt, entre otros), como asistente curatorial en el Museo de Arte de Puerto Rico y como Directora de Proyectos en el Instituto de Cultura Puertorrique\u00f1a. En la actualidad es co-due\u00f1a y administra el restaurante Cuore Pasta Bar en Santurce, Puerto Rico.<\/span><\/p>\n","protected":false},"excerpt":{"rendered":"[spacer height=\u201d20px\u201d] Posee un Bachillerato en Historia del Arte de la Universidad de Puerto Rico, Recinto de R\u00edo Piedras, as\u00ed como una Maestr\u00eda en Museolog\u00eda de la Universidad Nacional Tres de Febrero en Buenos Aires. Ha trabajado como registradora de varias colecciones de arte (John Balossi, John Betancourt, entre otros), como asistente curatorial en el [&#8230;]\n","protected":false},"author":12,"featured_media":0,"parent":0,"menu_order":0,"comment_status":"closed","ping_status":"closed","template":"","meta":{"footnotes":""},"class_list":["post-6055","page","type-page","status-publish","hentry"],"_links":{"self":[{"href":"https:\/\/humanidades.uprrp.edu\/visiondoble\/wp-json\/wp\/v2\/pages\/6055","targetHints":{"allow":["GET"]}}],"collection":[{"href":"https:\/\/humanidades.uprrp.edu\/visiondoble\/wp-json\/wp\/v2\/pages"}],"about":[{"href":"https:\/\/humanidades.uprrp.edu\/visiondoble\/wp-json\/wp\/v2\/types\/page"}],"author":[{"embeddable":true,"href":"https:\/\/humanidades.uprrp.edu\/visiondoble\/wp-json\/wp\/v2\/users\/12"}],"replies":[{"embeddable":true,"href":"https:\/\/humanidades.uprrp.edu\/visiondoble\/wp-json\/wp\/v2\/comments?post=6055"}],"version-history":[{"count":2,"href":"https:\/\/humanidades.uprrp.edu\/visiondoble\/wp-json\/wp\/v2\/pages\/6055\/revisions"}],"predecessor-version":[{"id":6712,"href":"https:\/\/humanidades.uprrp.edu\/visiondoble\/wp-json\/wp\/v2\/pages\/6055\/revisions\/6712"}],"wp:attachment":[{"href":"https:\/\/humanidades.uprrp.edu\/visiondoble\/wp-json\/wp\/v2\/media?parent=6055"}],"curies":[{"name":"wp","href":"https:\/\/api.w.org\/{rel}","templated":true}]}}