{"id":6042,"date":"2022-05-08T23:15:26","date_gmt":"2022-05-09T03:15:26","guid":{"rendered":"http:\/\/humanidades.uprrp.edu\/visiondoble\/?page_id=6042"},"modified":"2022-05-08T23:15:26","modified_gmt":"2022-05-09T03:15:26","slug":"javier-roman","status":"publish","type":"page","link":"https:\/\/humanidades.uprrp.edu\/visiondoble\/javier-roman\/","title":{"rendered":"Javier Rom\u00e1n"},"content":{"rendered":"<p style=\"text-align: justify;\"><span style=\"font-size: 110%;\">Escritor y dise\u00f1ador freelance con un grado profesional en arquitectura del Recinto de R\u00edo Piedras de la UPR. Abandona el proceso del entrenamiento y licenciatura a los dos a\u00f1os de graduado para dedicarse a pr\u00e1cticas perif\u00e9ricas y no reconocidas de la arquitectura, girando alrededor de la teor\u00eda y la historia. Fungi\u00f3 varios a\u00f1os como editor de la revista Entorno (CAAPPR), y sus art\u00edculos de cr\u00edtica cultural son publicados regularmente en la Revista Cruce, entre otras. Ha sido instructor de dise\u00f1o en M\u00e9xico y Puerto Rico, y dicta el curso Historias de Dise\u00f1os en la Escuela de Artes Pl\u00e1sticas de Puerto Rico. Tambi\u00e9n toma buenas fotos. (Foto: Lorraine Rodr\u00edguez, \u00e1 la Nietzsche)<\/span><\/p>\n","protected":false},"excerpt":{"rendered":"<p>Escritor y dise\u00f1ador freelance con un grado profesional en arquitectura del Recinto de R\u00edo Piedras de la UPR. Abandona el proceso del entrenamiento y licenciatura a los dos a\u00f1os de graduado para dedicarse a pr\u00e1cticas perif\u00e9ricas y no reconocidas de la arquitectura, girando alrededor de la teor\u00eda y la historia. Fungi\u00f3 varios a\u00f1os como editor [&#8230;]\n","protected":false},"author":12,"featured_media":0,"parent":0,"menu_order":0,"comment_status":"closed","ping_status":"closed","template":"","meta":{"footnotes":""},"class_list":["post-6042","page","type-page","status-publish","hentry"],"_links":{"self":[{"href":"https:\/\/humanidades.uprrp.edu\/visiondoble\/wp-json\/wp\/v2\/pages\/6042","targetHints":{"allow":["GET"]}}],"collection":[{"href":"https:\/\/humanidades.uprrp.edu\/visiondoble\/wp-json\/wp\/v2\/pages"}],"about":[{"href":"https:\/\/humanidades.uprrp.edu\/visiondoble\/wp-json\/wp\/v2\/types\/page"}],"author":[{"embeddable":true,"href":"https:\/\/humanidades.uprrp.edu\/visiondoble\/wp-json\/wp\/v2\/users\/12"}],"replies":[{"embeddable":true,"href":"https:\/\/humanidades.uprrp.edu\/visiondoble\/wp-json\/wp\/v2\/comments?post=6042"}],"version-history":[{"count":1,"href":"https:\/\/humanidades.uprrp.edu\/visiondoble\/wp-json\/wp\/v2\/pages\/6042\/revisions"}],"predecessor-version":[{"id":6043,"href":"https:\/\/humanidades.uprrp.edu\/visiondoble\/wp-json\/wp\/v2\/pages\/6042\/revisions\/6043"}],"wp:attachment":[{"href":"https:\/\/humanidades.uprrp.edu\/visiondoble\/wp-json\/wp\/v2\/media?parent=6042"}],"curies":[{"name":"wp","href":"https:\/\/api.w.org\/{rel}","templated":true}]}}